{"id":3715,"date":"2012-03-23T09:38:08","date_gmt":"2012-03-23T09:38:08","guid":{"rendered":"http:\/\/www.palmaequipmentrental.com\/product\/protwin-head-2\/"},"modified":"2024-01-14T15:35:51","modified_gmt":"2024-01-14T15:35:51","slug":"protwin-head","status":"publish","type":"product","link":"https:\/\/palmaequipmentrental.com\/de\/photo-video-equipment-mallorca\/protwin-head\/","title":{"rendered":"Profoto ProTwin Blitzkopf"},"content":{"rendered":"<p><strong>ProTwin Blitzkopf<\/strong>. Profoto Magnum Reflector im Lieferumfang enthalten\u2013 Der Reflektor maximiert die Lichtleistung bei einem gleichm\u00e4\u00dfigen Leuchtwinkel.<\/p>\n<p>Der ProTwin ist ein erstaunlich vielseitiger Blitzkopf mit zwei Steckern und zwei Blitzr\u00f6hren. Sie haben die M\u00f6glichkeit, jeden Stecker mit gesonderten Generatoren zu verbinden, um die doppelte Leistung und doppelt so schnelle Blitzfolgezeiten zu erreichen oder die Leuchtzeiten zu halbieren. In Verbindung mit einem Pro-10 oder Pro-11 holen Sie so ein Maximum aus Ihrem Generator heraus. Der ProTwin ist ebenso langlebig und kompakt wie der ProHead Plus.<\/p>\n<ul>\n<li>\u00dcberlegene Leistung in einem robusten und kompakten Geh\u00e4use.<\/li>\n<li>Zwei leistungsstarke Quartz-Blitzr\u00f6hren mit bis zu 9.600\u00a0Ws Lichtleistung.<\/li>\n<li>Sehr sicher dank UV-verg\u00fctetem Schutzglas und kurzschlusssicherer Kabel.<\/li>\n<li>Temperaturgesteuerter L\u00fcfter f\u00fcr eine optimale K\u00fchlung von Blitzkopf und Zubeh\u00f6r auch im Dauereinsatz.<\/li>\n<li>Kompatibel mit \u00fcber 120\u00a0Profoto-Lichtformern.<\/li>\n<\/ul>\n<p>&nbsp;<\/p>\n","protected":false},"excerpt":{"rendered":"<p>ProTwin Blitzkopf. Profoto Magnum Reflector im Lieferumfang enthalten\u2013 Der Reflektor maximiert die Lichtleistung bei einem gleichm\u00e4\u00dfigen Leuchtwinkel. Der ProTwin ist ein erstaunlich vielseitiger Blitzkopf mit zwei Steckern und zwei Blitzr\u00f6hren. Sie haben die M\u00f6glichkeit, jeden Stecker mit gesonderten Generatoren zu verbinden, um die doppelte Leistung und doppelt so schnelle Blitzfolgezeiten zu erreichen oder die Leuchtzeiten zu halbieren. In Verbindung mit [&hellip;]<\/p>\n","protected":false},"featured_media":12878,"template":"","meta":[],"product_cat":[118],"product_tag":[],"class_list":{"0":"post-3715","1":"product","2":"type-product","3":"status-publish","4":"has-post-thumbnail","6":"product_cat-blitzkopfe","8":"first","9":"instock","10":"shipping-taxable","11":"purchasable","12":"product-type-simple"},"_links":{"self":[{"href":"https:\/\/palmaequipmentrental.com\/de\/wp-json\/wp\/v2\/product\/3715","targetHints":{"allow":["GET"]}}],"collection":[{"href":"https:\/\/palmaequipmentrental.com\/de\/wp-json\/wp\/v2\/product"}],"about":[{"href":"https:\/\/palmaequipmentrental.com\/de\/wp-json\/wp\/v2\/types\/product"}],"wp:featuredmedia":[{"embeddable":true,"href":"https:\/\/palmaequipmentrental.com\/de\/wp-json\/wp\/v2\/media\/12878"}],"wp:attachment":[{"href":"https:\/\/palmaequipmentrental.com\/de\/wp-json\/wp\/v2\/media?parent=3715"}],"wp:term":[{"taxonomy":"product_cat","embeddable":true,"href":"https:\/\/palmaequipmentrental.com\/de\/wp-json\/wp\/v2\/product_cat?post=3715"},{"taxonomy":"product_tag","embeddable":true,"href":"https:\/\/palmaequipmentrental.com\/de\/wp-json\/wp\/v2\/product_tag?post=3715"}],"curies":[{"name":"wp","href":"https:\/\/api.w.org\/{rel}","templated":true}]}}