{"id":3717,"date":"2012-03-23T09:34:39","date_gmt":"2012-03-23T09:34:39","guid":{"rendered":"http:\/\/www.palmaequipmentrental.com\/product\/head-torch-flash-2\/"},"modified":"2024-01-14T15:38:37","modified_gmt":"2024-01-14T15:38:37","slug":"head-torch-flash","status":"publish","type":"product","link":"https:\/\/palmaequipmentrental.com\/de\/photo-video-equipment-mallorca\/head-torch-flash\/","title":{"rendered":"Profoto ProHead"},"content":{"rendered":"<p>Unser ProHead Plus beinhaltet einen Standard Pro Zoom Reflektor.<\/p>\n<p>Es ist mit den Generatoren Pro-10, Pro-8a Air, Pro-7a, Pro-7s, Pro-7b, Pro-B3 AirS, Pro-B2 und D4 kompatibel. Es sorgt f\u00fcr gleichm\u00e4\u00dfige Ausleuchtung und maximale Lichtausbeute. Es akzeptiert das komplette Profoto-System modularer Lichtformungswerkzeuge.<\/p>\n<p>&nbsp;<\/p>\n<p style=\"color: #000000; line-height: 18px;\"><strong>\u00a0<\/strong><\/p>\n<p><!--EndFragment--><\/p>\n<p>&nbsp;<\/p>\n<p>&nbsp;<\/p>\n<p>&nbsp;<\/p>\n<p>&nbsp;<\/p>\n<p>&nbsp;<\/p>\n<p>&nbsp;<\/p>\n<p>&nbsp;<\/p>\n<p>&nbsp;<\/p>\n<div class=\"span-10 img-div-area\" style=\"margin: 0px 10px 0px 0px; padding: 0px 0px 10px; font-family: 'Helvetica Neue', Arial, Helvetica, sans-serif; vertical-align: baseline; width: 390px; min-height: 420px; float: left;\">\n<p>&nbsp;<\/p>\n<p><span style=\"color: #4a4849;\">\u00a0<\/span><\/p>\n<\/div>\n","protected":false},"excerpt":{"rendered":"<p>Unser ProHead Plus beinhaltet einen Standard Pro Zoom Reflektor. Es ist mit den Generatoren Pro-10, Pro-8a Air, Pro-7a, Pro-7s, Pro-7b, Pro-B3 AirS, Pro-B2 und D4 kompatibel. Es sorgt f\u00fcr gleichm\u00e4\u00dfige Ausleuchtung und maximale Lichtausbeute. Es akzeptiert das komplette Profoto-System modularer Lichtformungswerkzeuge. &nbsp; \u00a0 &nbsp; &nbsp; &nbsp; &nbsp; &nbsp; &nbsp; &nbsp; &nbsp; &nbsp; \u00a0<\/p>\n","protected":false},"featured_media":5736,"template":"","meta":[],"product_cat":[118],"product_tag":[],"class_list":{"0":"post-3717","1":"product","2":"type-product","3":"status-publish","4":"has-post-thumbnail","6":"product_cat-blitzkopfe","8":"first","9":"instock","10":"shipping-taxable","11":"purchasable","12":"product-type-simple"},"_links":{"self":[{"href":"https:\/\/palmaequipmentrental.com\/de\/wp-json\/wp\/v2\/product\/3717","targetHints":{"allow":["GET"]}}],"collection":[{"href":"https:\/\/palmaequipmentrental.com\/de\/wp-json\/wp\/v2\/product"}],"about":[{"href":"https:\/\/palmaequipmentrental.com\/de\/wp-json\/wp\/v2\/types\/product"}],"wp:featuredmedia":[{"embeddable":true,"href":"https:\/\/palmaequipmentrental.com\/de\/wp-json\/wp\/v2\/media\/5736"}],"wp:attachment":[{"href":"https:\/\/palmaequipmentrental.com\/de\/wp-json\/wp\/v2\/media?parent=3717"}],"wp:term":[{"taxonomy":"product_cat","embeddable":true,"href":"https:\/\/palmaequipmentrental.com\/de\/wp-json\/wp\/v2\/product_cat?post=3717"},{"taxonomy":"product_tag","embeddable":true,"href":"https:\/\/palmaequipmentrental.com\/de\/wp-json\/wp\/v2\/product_tag?post=3717"}],"curies":[{"name":"wp","href":"https:\/\/api.w.org\/{rel}","templated":true}]}}