{"id":3724,"date":"2012-03-20T14:13:35","date_gmt":"2012-03-20T14:13:35","guid":{"rendered":"http:\/\/www.palmaequipmentrental.com\/product\/hmi-575w-2\/"},"modified":"2023-02-15T10:57:00","modified_gmt":"2023-02-15T10:57:00","slug":"hmi-575w","status":"publish","type":"product","link":"https:\/\/palmaequipmentrental.com\/de\/photo-video-equipment-mallorca\/hmi-575w\/","title":{"rendered":"HMI 575w"},"content":{"rendered":"<p><strong>Arri 575w Daylight HMI Fresnel einschlie\u00dflich flimmerfreiem Vorschaltger\u00e4t, Abschirmungen und Kabeln.<\/strong><\/p>\n<p>Ideal f\u00fcr alle Arten von Beleuchtungsaufgaben, bei denen Fresnel-Scheinwerfer mit Tageslichteigenschaften, hoher Effizienz und geringem Gewicht ben\u00f6tigt werden.<\/p>\n<ul>\n<li>Kompakte Gr\u00f6\u00dfe<\/li>\n<li>Befestigung 5\/8&#8243; (16mm) oder 1-1\/8&#8243; (29mm) Stativhalterung<\/li>\n<li>Gewicht 17.5 lbs (7.9kg)<\/li>\n<li>Abmessungen 13 x 17 x 10&#8243; (33 x 43,2 x 25,4cm)<\/li>\n<\/ul>\n","protected":false},"excerpt":{"rendered":"<p>Arri 575w Daylight HMI Fresnel einschlie\u00dflich flimmerfreiem Vorschaltger\u00e4t, Abschirmungen und Kabeln. Ideal f\u00fcr alle Arten von Beleuchtungsaufgaben, bei denen Fresnel-Scheinwerfer mit Tageslichteigenschaften, hoher Effizienz und geringem Gewicht ben\u00f6tigt werden. Kompakte Gr\u00f6\u00dfe Befestigung 5\/8&#8243; (16mm) oder 1-1\/8&#8243; (29mm) Stativhalterung Gewicht 17.5 lbs (7.9kg) Abmessungen 13 x 17 x 10&#8243; (33 x 43,2 x 25,4cm)<\/p>\n","protected":false},"featured_media":12504,"template":"","meta":[],"product_cat":[138,158],"product_tag":[],"class_list":{"0":"post-3724","1":"product","2":"type-product","3":"status-publish","4":"has-post-thumbnail","6":"product_cat-hmi","7":"product_cat-hmi-de","9":"first","10":"instock","11":"shipping-taxable","12":"purchasable","13":"product-type-simple"},"_links":{"self":[{"href":"https:\/\/palmaequipmentrental.com\/de\/wp-json\/wp\/v2\/product\/3724","targetHints":{"allow":["GET"]}}],"collection":[{"href":"https:\/\/palmaequipmentrental.com\/de\/wp-json\/wp\/v2\/product"}],"about":[{"href":"https:\/\/palmaequipmentrental.com\/de\/wp-json\/wp\/v2\/types\/product"}],"wp:featuredmedia":[{"embeddable":true,"href":"https:\/\/palmaequipmentrental.com\/de\/wp-json\/wp\/v2\/media\/12504"}],"wp:attachment":[{"href":"https:\/\/palmaequipmentrental.com\/de\/wp-json\/wp\/v2\/media?parent=3724"}],"wp:term":[{"taxonomy":"product_cat","embeddable":true,"href":"https:\/\/palmaequipmentrental.com\/de\/wp-json\/wp\/v2\/product_cat?post=3724"},{"taxonomy":"product_tag","embeddable":true,"href":"https:\/\/palmaequipmentrental.com\/de\/wp-json\/wp\/v2\/product_tag?post=3724"}],"curies":[{"name":"wp","href":"https:\/\/api.w.org\/{rel}","templated":true}]}}