{"id":3726,"date":"2012-03-20T14:13:35","date_gmt":"2012-03-20T14:13:35","guid":{"rendered":"http:\/\/www.palmaequipmentrental.com\/product\/hmi-5752012-03-20-14-13-35-19-2\/"},"modified":"2025-06-16T16:09:31","modified_gmt":"2025-06-16T16:09:31","slug":"hmi-1200w","status":"publish","type":"product","link":"https:\/\/palmaequipmentrental.com\/de\/photo-video-equipment-mallorca\/hmi-1200w\/","title":{"rendered":"HMI 1200w"},"content":{"rendered":"<p><strong>Arri 1200w Daylight HMI Fresnel einschlie\u00dflich flickerfreiem Vorschaltger\u00e4t, Abschirmung, Filterrahmen und Kabel.<\/strong><\/p>\n<p>Ideal f\u00fcr alle Arten von Standortbeleuchtung, bei denen Fresnel-Scheinwerfer mit hoher Effizienz und geringem Gewicht erforderlich sind.<\/p>\n<ul>\n<li>Montage 1-1\/8&#8243; (29mm) St\u00e4nderbefestigung Bolzen<\/li>\n<li>Abmessungen 25 x 15 x 13&#8243; (64,4 x 37,4 x 32,5cm)<\/li>\n<li>Gewicht 22 lbs (10 kg)<\/li>\n<\/ul>\n","protected":false},"excerpt":{"rendered":"<p>Arri 1200w Daylight HMI Fresnel einschlie\u00dflich flickerfreiem Vorschaltger\u00e4t, Abschirmung, Filterrahmen und Kabel. Ideal f\u00fcr alle Arten von Standortbeleuchtung, bei denen Fresnel-Scheinwerfer mit hoher Effizienz und geringem Gewicht erforderlich sind. Montage 1-1\/8&#8243; (29mm) St\u00e4nderbefestigung Bolzen Abmessungen 25 x 15 x 13&#8243; (64,4 x 37,4 x 32,5cm) Gewicht 22 lbs (10 kg)<\/p>\n","protected":false},"featured_media":12524,"template":"","meta":[],"product_cat":[138,158],"product_tag":[],"class_list":{"0":"post-3726","1":"product","2":"type-product","3":"status-publish","4":"has-post-thumbnail","6":"product_cat-hmi","7":"product_cat-hmi-de","9":"first","10":"instock","11":"shipping-taxable","12":"purchasable","13":"product-type-simple"},"_links":{"self":[{"href":"https:\/\/palmaequipmentrental.com\/de\/wp-json\/wp\/v2\/product\/3726","targetHints":{"allow":["GET"]}}],"collection":[{"href":"https:\/\/palmaequipmentrental.com\/de\/wp-json\/wp\/v2\/product"}],"about":[{"href":"https:\/\/palmaequipmentrental.com\/de\/wp-json\/wp\/v2\/types\/product"}],"wp:featuredmedia":[{"embeddable":true,"href":"https:\/\/palmaequipmentrental.com\/de\/wp-json\/wp\/v2\/media\/12524"}],"wp:attachment":[{"href":"https:\/\/palmaequipmentrental.com\/de\/wp-json\/wp\/v2\/media?parent=3726"}],"wp:term":[{"taxonomy":"product_cat","embeddable":true,"href":"https:\/\/palmaequipmentrental.com\/de\/wp-json\/wp\/v2\/product_cat?post=3726"},{"taxonomy":"product_tag","embeddable":true,"href":"https:\/\/palmaequipmentrental.com\/de\/wp-json\/wp\/v2\/product_tag?post=3726"}],"curies":[{"name":"wp","href":"https:\/\/api.w.org\/{rel}","templated":true}]}}