{"id":3737,"date":"2012-03-20T14:13:35","date_gmt":"2012-03-20T14:13:35","guid":{"rendered":"http:\/\/www.palmaequipmentrental.com\/product\/arri-m18-2\/"},"modified":"2025-08-05T13:05:12","modified_gmt":"2025-08-05T13:05:12","slug":"arri-m18","status":"publish","type":"product","link":"https:\/\/palmaequipmentrental.com\/de\/photo-video-equipment-mallorca\/arri-m18\/","title":{"rendered":"HMI M18"},"content":{"rendered":"<p><strong>Das Arri HMI M18 Tageslicht, einschlie\u00dflich Vorschaltger\u00e4t, Abschirmung und Kabel.<\/strong><\/p>\n<p>Er ist ein offener, linsenloser Scheinwerfer, der die Eigenschaften eines PAR- und eines Fresnel-Scheinwerfers kombiniert und so divergierende Lichtstrahlen erzeugt, die einen sehr scharfen Schatten erzeugen.<\/p>\n<p>Er kombiniert die linsenlose optische Technologie des ARRIMAX mit dem innovativen True Blue Design. Das Ergebnis ist eine aufregende neue Klasse von HMI, die so klein ist wie ein 1200W PAR, aber eine 70 Prozent h\u00f6here Lichtleistung hat. Die &#8222;BABYMAX&#8220; bietet einen bemerkenswert gleichm\u00e4\u00dfigen Lichtkegel, der scharfe Schatten wirft und von 20-60 Grad einstellbar ist, ohne dass Streulinsen erforderlich sind.<\/p>\n<ul>\n<li>Halterung 1-1\/8&#8243;-Bolzen<\/li>\n<li>Abmessungen 27,5 x 15,25 x 12,2&#8243; (69,85 x 38,73 x 38,73cm)<\/li>\n<li>Gewicht 23,1 lb (10,5 kg)<\/li>\n<\/ul>\n<p><a href=\"https:\/\/youtu.be\/7lIgtqAYNWk\">Check our video!<\/a><\/p>\n","protected":false},"excerpt":{"rendered":"<p>Das Arri HMI M18 Tageslicht, einschlie\u00dflich Vorschaltger\u00e4t, Abschirmung und Kabel. Er ist ein offener, linsenloser Scheinwerfer, der die Eigenschaften eines PAR- und eines Fresnel-Scheinwerfers kombiniert und so divergierende Lichtstrahlen erzeugt, die einen sehr scharfen Schatten erzeugen. Er kombiniert die linsenlose optische Technologie des ARRIMAX mit dem innovativen True Blue Design. Das Ergebnis ist eine aufregende neue Klasse von HMI, die [&hellip;]<\/p>\n","protected":false},"featured_media":12531,"template":"","meta":[],"product_cat":[138,158],"product_tag":[],"class_list":{"0":"post-3737","1":"product","2":"type-product","3":"status-publish","4":"has-post-thumbnail","6":"product_cat-hmi","7":"product_cat-hmi-de","9":"first","10":"instock","11":"shipping-taxable","12":"purchasable","13":"product-type-simple"},"_links":{"self":[{"href":"https:\/\/palmaequipmentrental.com\/de\/wp-json\/wp\/v2\/product\/3737","targetHints":{"allow":["GET"]}}],"collection":[{"href":"https:\/\/palmaequipmentrental.com\/de\/wp-json\/wp\/v2\/product"}],"about":[{"href":"https:\/\/palmaequipmentrental.com\/de\/wp-json\/wp\/v2\/types\/product"}],"wp:featuredmedia":[{"embeddable":true,"href":"https:\/\/palmaequipmentrental.com\/de\/wp-json\/wp\/v2\/media\/12531"}],"wp:attachment":[{"href":"https:\/\/palmaequipmentrental.com\/de\/wp-json\/wp\/v2\/media?parent=3737"}],"wp:term":[{"taxonomy":"product_cat","embeddable":true,"href":"https:\/\/palmaequipmentrental.com\/de\/wp-json\/wp\/v2\/product_cat?post=3737"},{"taxonomy":"product_tag","embeddable":true,"href":"https:\/\/palmaequipmentrental.com\/de\/wp-json\/wp\/v2\/product_tag?post=3737"}],"curies":[{"name":"wp","href":"https:\/\/api.w.org\/{rel}","templated":true}]}}