{"id":3741,"date":"2012-03-20T14:13:35","date_gmt":"2012-03-20T14:13:35","guid":{"rendered":"http:\/\/www.palmaequipmentrental.com\/product\/hmi-2500w-2\/"},"modified":"2023-02-15T11:53:47","modified_gmt":"2023-02-15T11:53:47","slug":"hmi-2500w","status":"publish","type":"product","link":"https:\/\/palmaequipmentrental.com\/de\/photo-video-equipment-mallorca\/hmi-2500w\/","title":{"rendered":"HMI 2500w"},"content":{"rendered":"<p><strong>Arri 2500w Daylight HMI Fresnel einschlie\u00dflich flickerfreiem Vorschaltger\u00e4t, Abschirmung, Filterrahmen und Kabel.<\/strong><\/p>\n<p>Ideal f\u00fcr alle Arten von Standortbeleuchtungen, bei denen Fresnel-Scheinwerfer mit hoher Effizienz ben\u00f6tigt werden.<\/p>\n<ul>\n<li>Montage: Spigot 28mm<\/li>\n<li>Gr\u00f6\u00dfe: 487x482x394mm<\/li>\n<li>Gewicht: 16,3 kg<\/li>\n<li>Linse: 250mm<\/li>\n<\/ul>\n","protected":false},"excerpt":{"rendered":"<p>Arri 2500w Daylight HMI Fresnel einschlie\u00dflich flickerfreiem Vorschaltger\u00e4t, Abschirmung, Filterrahmen und Kabel. Ideal f\u00fcr alle Arten von Standortbeleuchtungen, bei denen Fresnel-Scheinwerfer mit hoher Effizienz ben\u00f6tigt werden. Montage: Spigot 28mm Gr\u00f6\u00dfe: 487x482x394mm Gewicht: 16,3 kg Linse: 250mm<\/p>\n","protected":false},"featured_media":12518,"template":"","meta":[],"product_cat":[138,158],"product_tag":[],"class_list":{"0":"post-3741","1":"product","2":"type-product","3":"status-publish","4":"has-post-thumbnail","6":"product_cat-hmi","7":"product_cat-hmi-de","9":"first","10":"instock","11":"shipping-taxable","12":"purchasable","13":"product-type-simple"},"_links":{"self":[{"href":"https:\/\/palmaequipmentrental.com\/de\/wp-json\/wp\/v2\/product\/3741","targetHints":{"allow":["GET"]}}],"collection":[{"href":"https:\/\/palmaequipmentrental.com\/de\/wp-json\/wp\/v2\/product"}],"about":[{"href":"https:\/\/palmaequipmentrental.com\/de\/wp-json\/wp\/v2\/types\/product"}],"wp:featuredmedia":[{"embeddable":true,"href":"https:\/\/palmaequipmentrental.com\/de\/wp-json\/wp\/v2\/media\/12518"}],"wp:attachment":[{"href":"https:\/\/palmaequipmentrental.com\/de\/wp-json\/wp\/v2\/media?parent=3741"}],"wp:term":[{"taxonomy":"product_cat","embeddable":true,"href":"https:\/\/palmaequipmentrental.com\/de\/wp-json\/wp\/v2\/product_cat?post=3741"},{"taxonomy":"product_tag","embeddable":true,"href":"https:\/\/palmaequipmentrental.com\/de\/wp-json\/wp\/v2\/product_tag?post=3741"}],"curies":[{"name":"wp","href":"https:\/\/api.w.org\/{rel}","templated":true}]}}