{"id":3746,"date":"2012-03-30T11:52:10","date_gmt":"2012-03-30T11:52:10","guid":{"rendered":"http:\/\/www.palmaequipmentrental.com\/product\/safety-cable-2\/"},"modified":"2022-08-05T11:45:18","modified_gmt":"2022-08-05T11:45:18","slug":"safety-cable","status":"publish","type":"product","link":"https:\/\/palmaequipmentrental.com\/de\/photo-video-equipment-mallorca\/safety-cable\/","title":{"rendered":"Sicherheitskabel"},"content":{"rendered":"<p><strong>Sicherheitskabel<\/strong><br \/>\nBietet zus\u00e4tzliche Sicherheit f\u00fcr aufgestellte Ger\u00e4te.<\/p>\n","protected":false},"excerpt":{"rendered":"<p>Sicherheitskabel Bietet zus\u00e4tzliche Sicherheit f\u00fcr aufgestellte Ger\u00e4te.<\/p>\n","protected":false},"featured_media":10285,"template":"","meta":[],"product_cat":[152,166],"product_tag":[],"class_list":{"0":"post-3746","1":"product","2":"type-product","3":"status-publish","4":"has-post-thumbnail","6":"product_cat-klemme","7":"product_cat-klemme-de","9":"first","10":"instock","11":"shipping-taxable","12":"purchasable","13":"product-type-simple"},"_links":{"self":[{"href":"https:\/\/palmaequipmentrental.com\/de\/wp-json\/wp\/v2\/product\/3746","targetHints":{"allow":["GET"]}}],"collection":[{"href":"https:\/\/palmaequipmentrental.com\/de\/wp-json\/wp\/v2\/product"}],"about":[{"href":"https:\/\/palmaequipmentrental.com\/de\/wp-json\/wp\/v2\/types\/product"}],"wp:featuredmedia":[{"embeddable":true,"href":"https:\/\/palmaequipmentrental.com\/de\/wp-json\/wp\/v2\/media\/10285"}],"wp:attachment":[{"href":"https:\/\/palmaequipmentrental.com\/de\/wp-json\/wp\/v2\/media?parent=3746"}],"wp:term":[{"taxonomy":"product_cat","embeddable":true,"href":"https:\/\/palmaequipmentrental.com\/de\/wp-json\/wp\/v2\/product_cat?post=3746"},{"taxonomy":"product_tag","embeddable":true,"href":"https:\/\/palmaequipmentrental.com\/de\/wp-json\/wp\/v2\/product_tag?post=3746"}],"curies":[{"name":"wp","href":"https:\/\/api.w.org\/{rel}","templated":true}]}}