{"id":3752,"date":"2012-03-30T09:30:11","date_gmt":"2012-03-30T09:30:11","guid":{"rendered":"http:\/\/www.palmaequipmentrental.com\/product\/double-wind-up-2\/"},"modified":"2022-08-31T12:06:52","modified_gmt":"2022-08-31T12:06:52","slug":"double-wind-up","status":"publish","type":"product","link":"https:\/\/palmaequipmentrental.com\/de\/photo-video-equipment-mallorca\/double-wind-up\/","title":{"rendered":"Stativ Wind-up"},"content":{"rendered":"<p>Schweres 2-teiliges <strong>Kurbelgetriebe-Wind-Up-Stativ mit R\u00e4dern<\/strong> (087NW).<\/p>\n<p><strong>Spezifikationen:<\/strong><\/p>\n<ul>\n<li>Maximale H\u00f6he: 370 cm<\/li>\n<li>Minimale H\u00f6he: 167 cm<\/li>\n<li>Nutzlast: 30 kg<\/li>\n<li>Gewicht: 21,7 kg<\/li>\n<li>L\u00e4nge geschlossen: 181 cm<\/li>\n<li>Nivellierf\u00fc\u00dfe f\u00fcr unebenes Terrain<\/li>\n<\/ul>\n<p><strong>Obere Anbauteile:<\/strong><\/p>\n<ul>\n<li>1 1\/8\u2033 (28mm) Buchse<\/li>\n<li>5\/8\u2033 (16mm) Bolzen mit 3\/8\u2033 Schraube<\/li>\n<\/ul>\n","protected":false},"excerpt":{"rendered":"<p>Schweres 2-teiliges Kurbelgetriebe-Wind-Up-Stativ mit R\u00e4dern (087NW). Spezifikationen: Maximale H\u00f6he: 370 cm Minimale H\u00f6he: 167 cm Nutzlast: 30 kg Gewicht: 21,7 kg L\u00e4nge geschlossen: 181 cm Nivellierf\u00fc\u00dfe f\u00fcr unebenes Terrain Obere Anbauteile: 1 1\/8\u2033 (28mm) Buchse 5\/8\u2033 (16mm) Bolzen mit 3\/8\u2033 Schraube<\/p>\n","protected":false},"featured_media":11077,"template":"","meta":[],"product_cat":[151,165],"product_tag":[],"class_list":{"0":"post-3752","1":"product","2":"type-product","3":"status-publish","4":"has-post-thumbnail","6":"product_cat-lampenstative","7":"product_cat-lampenstative-de","9":"first","10":"instock","11":"shipping-taxable","12":"purchasable","13":"product-type-simple"},"_links":{"self":[{"href":"https:\/\/palmaequipmentrental.com\/de\/wp-json\/wp\/v2\/product\/3752","targetHints":{"allow":["GET"]}}],"collection":[{"href":"https:\/\/palmaequipmentrental.com\/de\/wp-json\/wp\/v2\/product"}],"about":[{"href":"https:\/\/palmaequipmentrental.com\/de\/wp-json\/wp\/v2\/types\/product"}],"wp:featuredmedia":[{"embeddable":true,"href":"https:\/\/palmaequipmentrental.com\/de\/wp-json\/wp\/v2\/media\/11077"}],"wp:attachment":[{"href":"https:\/\/palmaequipmentrental.com\/de\/wp-json\/wp\/v2\/media?parent=3752"}],"wp:term":[{"taxonomy":"product_cat","embeddable":true,"href":"https:\/\/palmaequipmentrental.com\/de\/wp-json\/wp\/v2\/product_cat?post=3752"},{"taxonomy":"product_tag","embeddable":true,"href":"https:\/\/palmaequipmentrental.com\/de\/wp-json\/wp\/v2\/product_tag?post=3752"}],"curies":[{"name":"wp","href":"https:\/\/api.w.org\/{rel}","templated":true}]}}