{"id":3754,"date":"2012-03-30T09:30:11","date_gmt":"2012-03-30T09:30:11","guid":{"rendered":"http:\/\/www.palmaequipmentrental.com\/product\/autopole-2\/"},"modified":"2024-01-15T10:00:40","modified_gmt":"2024-01-15T10:00:40","slug":"autopole","status":"publish","type":"product","link":"https:\/\/palmaequipmentrental.com\/de\/photo-video-equipment-mallorca\/autopole\/","title":{"rendered":"Autopole"},"content":{"rendered":"<div class=\"min-h-[20px] text-message flex flex-col items-start gap-3 whitespace-pre-wrap break-words [.text-message+&amp;]:mt-5 overflow-x-auto\" data-message-author-role=\"assistant\" data-message-id=\"552995bd-3026-4ecf-b4e5-06be5df5af47\">\n<div class=\"markdown prose w-full break-words dark:prose-invert light\">\n<p>Revolutioniere deinen Drehort mit dem Autopole, jetzt verf\u00fcgbar bei Palma Equipment Rental. Perfekt f\u00fcr Fotografen und Filmemacher in Palma de Mallorca und auf den Balearen, ist dieses vielseitige Werkzeug ideal, um jeden Ort in eine professionelle Drehumgebung zu verwandeln, sei es f\u00fcr Mode oder Werbung.<\/p>\n<p>Technische Details:<\/p>\n<ul>\n<li>Gr\u00f6\u00dfe: Ausziehbar von 210 cm bis 370 cm, geeignet f\u00fcr eine Vielzahl von R\u00e4umen<\/li>\n<li>Stabile, zuverl\u00e4ssige Konstruktion f\u00fcr eine sichere Installation<\/li>\n<li>Anpassbar f\u00fcr verschiedene Verwendungen, von der Beleuchtung bis zum Erstellen von Hintergr\u00fcnden<\/li>\n<li>Ideal f\u00fcr schnelle, effiziente Setwechsel in dynamischen Dreh-Szenarien<\/li>\n<\/ul>\n<p>Warum brauchst du es? Der Autopole ist eine vielseitige Erg\u00e4nzung zu jedem Dreh, der Stabilit\u00e4t und Flexibilit\u00e4t f\u00fcr all deine kreativen Bed\u00fcrfnisse bietet.<\/p>\n<p>Bei Palma Equipment Rental spezialisieren wir uns darauf, dich mit den besten Werkzeugen f\u00fcr den Erfolg auszustatten. Neben unserer Top-Ausr\u00fcstung von Marken wie Profoto und Canon ist der Autopole ein Schl\u00fcsselelement f\u00fcr Fotografen und Filmemacher. Wir verstehen die Bedeutung von anpassbarer, effizienter Ausr\u00fcstung, besonders beim Drehen an verschiedenen Orten wie Menorca, Ibiza, Formentera und dem spanischen Festland.<\/p>\n<\/div>\n<\/div>\n<div class=\"min-h-[20px] text-message flex flex-col items-start gap-3 whitespace-pre-wrap break-words [.text-message+&amp;]:mt-5 overflow-x-auto\" data-message-author-role=\"assistant\" data-message-id=\"d481e511-bc2d-4e15-90f0-25dd5b90f6e0\">\n<div class=\"markdown prose w-full break-words dark:prose-invert light\">\n<p>Unser 24\/7-technischer Support stellt sicher, dass du den Autopole nahtlos in deinen kreativen Arbeitsablauf integrieren kannst, was jeden Dreh zum Erfolg macht.<\/p>\n<\/div>\n<\/div>\n","protected":false},"excerpt":{"rendered":"<p>Revolutioniere deinen Drehort mit dem Autopole, jetzt verf\u00fcgbar bei Palma Equipment Rental. Perfekt f\u00fcr Fotografen und Filmemacher in Palma de Mallorca und auf den Balearen, ist dieses vielseitige Werkzeug ideal, um jeden Ort in eine professionelle Drehumgebung zu verwandeln, sei es f\u00fcr Mode oder Werbung. Technische Details: Gr\u00f6\u00dfe: Ausziehbar von 210 cm bis 370 cm, geeignet f\u00fcr eine Vielzahl von [&hellip;]<\/p>\n","protected":false},"featured_media":13842,"template":"","meta":[],"product_cat":[151,165],"product_tag":[],"class_list":{"0":"post-3754","1":"product","2":"type-product","3":"status-publish","4":"has-post-thumbnail","6":"product_cat-lampenstative","7":"product_cat-lampenstative-de","9":"first","10":"instock","11":"shipping-taxable","12":"purchasable","13":"product-type-simple"},"_links":{"self":[{"href":"https:\/\/palmaequipmentrental.com\/de\/wp-json\/wp\/v2\/product\/3754","targetHints":{"allow":["GET"]}}],"collection":[{"href":"https:\/\/palmaequipmentrental.com\/de\/wp-json\/wp\/v2\/product"}],"about":[{"href":"https:\/\/palmaequipmentrental.com\/de\/wp-json\/wp\/v2\/types\/product"}],"wp:featuredmedia":[{"embeddable":true,"href":"https:\/\/palmaequipmentrental.com\/de\/wp-json\/wp\/v2\/media\/13842"}],"wp:attachment":[{"href":"https:\/\/palmaequipmentrental.com\/de\/wp-json\/wp\/v2\/media?parent=3754"}],"wp:term":[{"taxonomy":"product_cat","embeddable":true,"href":"https:\/\/palmaequipmentrental.com\/de\/wp-json\/wp\/v2\/product_cat?post=3754"},{"taxonomy":"product_tag","embeddable":true,"href":"https:\/\/palmaequipmentrental.com\/de\/wp-json\/wp\/v2\/product_tag?post=3754"}],"curies":[{"name":"wp","href":"https:\/\/api.w.org\/{rel}","templated":true}]}}