{"id":3948,"date":"2016-06-14T11:02:35","date_gmt":"2016-06-14T11:02:35","guid":{"rendered":"http:\/\/www.palmaequipmentrental.com\/product\/lanparte-v-mount-battery-pinch-2\/"},"modified":"2023-04-13T10:39:47","modified_gmt":"2023-04-13T10:39:47","slug":"lanparte-v-mount-battery-pinch","status":"publish","type":"product","link":"https:\/\/palmaequipmentrental.com\/de\/photo-video-equipment-mallorca\/lanparte-v-mount-battery-pinch\/","title":{"rendered":"Lanparte V-mount Batterie Pinch"},"content":{"rendered":"<p><strong>Lanparte VBP-01 Kamera V-Mount\/V-Lock Batterieklemme.<\/strong><br \/>\nDie perfekte L\u00f6sung f\u00fcr alle Ihre Batterieprobleme!<\/p>\n<p>Der VBP-01 V-Mount Battery Pinch mit HDMI Splitter von Lanparte ist ein multifunktionaler Stromadapter. Sie k\u00f6nnen eine\u00a0 V-Mount-Batterie als Stromquelle verwenden oder das Ger\u00e4t \u00fcber das mitgelieferte Netzteil an das Stromnetz anschlie\u00dfen. Der VBP-01 verf\u00fcgt \u00fcber mehrere Gleichstromausg\u00e4nge (5, 7,4, 12 und 15 V), so dass Sie mehrere Ger\u00e4te gleichzeitig mit Strom versorgen k\u00f6nnen. Der 12-V-Ausgang kann beispielsweise f\u00fcr die Stromversorgung eines Monitors verwendet werden, der 5-V-Ausgang f\u00fcr die Stromversorgung eines Signalumschalters wie eines SDI-HDMI-Konverters und der 7,4-V-Ausgang f\u00fcr die Stromversorgung einer DSLR. Der Battery Pinch verf\u00fcgt au\u00dferdem \u00fcber zwei 15-mm-Stabanschl\u00fcsse, mit denen Sie ihn an ein bestehendes Rig montieren k\u00f6nnen. Der Battery Pinch ist nicht nur eine Mehrfach-Stromversorgung, sondern fungiert auch als HDMI-Splitter, der einen einzelnen HDMI-Stream in zwei Ausg\u00e4nge aufteilen kann. \u00dcber den DC-Fass-Ladeeingang k\u00f6nnen Sie den montierten Akku aufladen. Der VPB-01 funktioniert am besten in Verbindung mit dem Shoulder Pad; diese beiden an Ihrem Rig befestigten Elemente dienen als Gegengewicht.<\/p>\n<p><strong>Merkmale<\/strong><\/p>\n<ul>\n<li>5V,7.4V,12V,15V,D-Tap Ausgang<\/li>\n<li>D-Tap-Anschlus<\/li>\n<li>Intelligente Ladefunktion<\/li>\n<li>Eingebauter HDMI-Splitter<\/li>\n<li>15mm Stangenanschluss<\/li>\n<li>Lieferung mit 4 Kabeln und einem Ladeger\u00e4t<\/li>\n<li>USB-Stromversorgungsanschluss f\u00fcr Ipad und Iphone.<\/li>\n<\/ul>\n","protected":false},"excerpt":{"rendered":"<p>Lanparte VBP-01 Kamera V-Mount\/V-Lock Batterieklemme. Die perfekte L\u00f6sung f\u00fcr alle Ihre Batterieprobleme! Der VBP-01 V-Mount Battery Pinch mit HDMI Splitter von Lanparte ist ein multifunktionaler Stromadapter. Sie k\u00f6nnen eine\u00a0 V-Mount-Batterie als Stromquelle verwenden oder das Ger\u00e4t \u00fcber das mitgelieferte Netzteil an das Stromnetz anschlie\u00dfen. Der VBP-01 verf\u00fcgt \u00fcber mehrere Gleichstromausg\u00e4nge (5, 7,4, 12 und 15 V), so dass Sie mehrere [&hellip;]<\/p>\n","protected":false},"featured_media":9515,"template":"","meta":[],"product_cat":[441,172],"product_tag":[],"class_list":{"0":"post-3948","1":"product","2":"type-product","3":"status-publish","4":"has-post-thumbnail","6":"product_cat-batterien-ladegeraet","7":"product_cat-kamera-zubehor-de","9":"first","10":"instock","11":"shipping-taxable","12":"purchasable","13":"product-type-simple"},"_links":{"self":[{"href":"https:\/\/palmaequipmentrental.com\/de\/wp-json\/wp\/v2\/product\/3948","targetHints":{"allow":["GET"]}}],"collection":[{"href":"https:\/\/palmaequipmentrental.com\/de\/wp-json\/wp\/v2\/product"}],"about":[{"href":"https:\/\/palmaequipmentrental.com\/de\/wp-json\/wp\/v2\/types\/product"}],"wp:featuredmedia":[{"embeddable":true,"href":"https:\/\/palmaequipmentrental.com\/de\/wp-json\/wp\/v2\/media\/9515"}],"wp:attachment":[{"href":"https:\/\/palmaequipmentrental.com\/de\/wp-json\/wp\/v2\/media?parent=3948"}],"wp:term":[{"taxonomy":"product_cat","embeddable":true,"href":"https:\/\/palmaequipmentrental.com\/de\/wp-json\/wp\/v2\/product_cat?post=3948"},{"taxonomy":"product_tag","embeddable":true,"href":"https:\/\/palmaequipmentrental.com\/de\/wp-json\/wp\/v2\/product_tag?post=3948"}],"curies":[{"name":"wp","href":"https:\/\/api.w.org\/{rel}","templated":true}]}}