{"id":4245,"date":"2017-01-17T11:02:04","date_gmt":"2017-01-17T11:02:04","guid":{"rendered":"http:\/\/www.palmaequipmentrental.com\/product\/canon-eos-5d-mk-iv-2\/"},"modified":"2022-08-05T11:42:51","modified_gmt":"2022-08-05T11:42:51","slug":"canon-eos-5d-mk-iv","status":"publish","type":"product","link":"https:\/\/palmaequipmentrental.com\/de\/photo-video-equipment-mallorca\/canon-eos-5d-mk-iv\/","title":{"rendered":"Canon EOS 5D Mk IV"},"content":{"rendered":"<p>Unser Canon<strong> EOS 5D Mark IV Kit<\/strong> enth\u00e4lt:<\/p>\n<ul>\n<li>1x Canon EOS 5D Mark IV Kamerageh\u00e4use<\/li>\n<li>2x LP-E6 Akku, 1x LC-E6 Akkuladeger\u00e4t<\/li>\n<li>1x 32GB Sandisk Speicherkarte<\/li>\n<li>1x Sandisk Speicherkartenleseger\u00e4t.<\/li>\n<li>Wir haben auch den\u00a0BG-E20 Canon Akkugrif vorhanden<\/li>\n<\/ul>\n<p>Der Megapixel-Sensor der EOS 5D Mark IV 30.4 erf\u00fcllt die h\u00f6chsten Standards an Bildqualit\u00e4t und liefert sehr detaillierte Bilder in extrem hellen und dunklen Umgebungen.<\/p>\n<p>Speziell f\u00fcr beste Leistung in jeder Situation konzipiert, ist die EOS 5D Mark IV eine erstklassig konstruierte Allround-Kamera, die in jeder Hinsicht \u00fcberzeugt.<\/p>\n<p><b>Merkmale<\/b><\/p>\n<ul>\n<li>30.4 Megapixels\u00a0Au\u00dfergew\u00f6hnliche Bildqualit\u00e4t<\/li>\n<li>7 fps\u00a0Keinen Moment verpassen<\/li>\n<li>Wi-Fi NFC\u00a0Einfach mit Mobilger\u00e4ten verbinden<\/li>\n<li>Dual Pixel RAW\u00a0Innovative Nachbearbeitung<\/li>\n<li>150,000\u00a0Exzellente Low-Light-Eigenschaften<\/li>\n<li>4K EOS Movies\u00a08-MP-EInzelbilder ganz einfach extrahieren<\/li>\n<li>Dual Pixel CMOS AF Unglaublich pr\u00e4zise Fokussierung<\/li>\n<li>GPS\u00a0Standortinformationen aufzeichnen<\/li>\n<li>DIGIC 6+\u00a0Extrem schnelle Bildverarbeitung<\/li>\n<\/ul>\n","protected":false},"excerpt":{"rendered":"<p>Unser Canon EOS 5D Mark IV Kit enth\u00e4lt: 1x Canon EOS 5D Mark IV Kamerageh\u00e4use 2x LP-E6 Akku, 1x LC-E6 Akkuladeger\u00e4t 1x 32GB Sandisk Speicherkarte 1x Sandisk Speicherkartenleseger\u00e4t. Wir haben auch den\u00a0BG-E20 Canon Akkugrif vorhanden Der Megapixel-Sensor der EOS 5D Mark IV 30.4 erf\u00fcllt die h\u00f6chsten Standards an Bildqualit\u00e4t und liefert sehr detaillierte Bilder in extrem hellen und dunklen Umgebungen. [&hellip;]<\/p>\n","protected":false},"featured_media":5951,"template":"","meta":[],"product_cat":[142,169],"product_tag":[],"class_list":{"0":"post-4245","1":"product","2":"type-product","3":"status-publish","4":"has-post-thumbnail","6":"product_cat-kamera-body","7":"product_cat-kamera-body-de","9":"first","10":"instock","11":"shipping-taxable","12":"purchasable","13":"product-type-simple"},"_links":{"self":[{"href":"https:\/\/palmaequipmentrental.com\/de\/wp-json\/wp\/v2\/product\/4245","targetHints":{"allow":["GET"]}}],"collection":[{"href":"https:\/\/palmaequipmentrental.com\/de\/wp-json\/wp\/v2\/product"}],"about":[{"href":"https:\/\/palmaequipmentrental.com\/de\/wp-json\/wp\/v2\/types\/product"}],"wp:featuredmedia":[{"embeddable":true,"href":"https:\/\/palmaequipmentrental.com\/de\/wp-json\/wp\/v2\/media\/5951"}],"wp:attachment":[{"href":"https:\/\/palmaequipmentrental.com\/de\/wp-json\/wp\/v2\/media?parent=4245"}],"wp:term":[{"taxonomy":"product_cat","embeddable":true,"href":"https:\/\/palmaequipmentrental.com\/de\/wp-json\/wp\/v2\/product_cat?post=4245"},{"taxonomy":"product_tag","embeddable":true,"href":"https:\/\/palmaequipmentrental.com\/de\/wp-json\/wp\/v2\/product_tag?post=4245"}],"curies":[{"name":"wp","href":"https:\/\/api.w.org\/{rel}","templated":true}]}}