{"id":4340,"date":"2017-06-22T10:35:26","date_gmt":"2017-06-22T10:35:26","guid":{"rendered":"http:\/\/www.palmaequipmentrental.com\/product\/uncategorized\/pro-b4-quick-battery-charger\/"},"modified":"2024-01-14T15:23:55","modified_gmt":"2024-01-14T15:23:55","slug":"pro-b4-akku-ladegeraet","status":"publish","type":"product","link":"https:\/\/palmaequipmentrental.com\/de\/photo-video-equipment-mallorca\/pro-b4-akku-ladegeraet\/","title":{"rendered":"Profoto Pro-B4 Akku Ladeger\u00e4t"},"content":{"rendered":"<div class=\"ov-wrapper js-overview-desc\">\n<div class=\"ov-desc\">\n<p>Profoto Ladeger\u00e4t f\u00fcr Pro-B4 l\u00e4dt einen Akku in weniger als 45 Minuten.<\/p>\n<\/div>\n<p><b>Merkmale<\/b><\/p>\n<div class=\"ov-desc\">\n<ul>\n<li>Aktuellste Ladergeneration<\/li>\n<li>Multi-Voltage Eingang (100-240 VAC, 50\/60 hz)<\/li>\n<li>LED Indicator f\u00fcr den Ladezustand<\/li>\n<li>Ladebuchse mit Bajonnet<\/li>\n<\/ul>\n<p>&nbsp;<\/p>\n<\/div>\n<\/div>\n<p>&nbsp;<\/p>\n<p>&nbsp;<\/p>\n<p class=\"MsoNormal\"><span style=\"line-height: normal;\">\u00a0<\/span><\/p>\n<div><\/div>\n<p class=\"MsoNormal\" style=\"mso-margin-top-alt: auto; mso-margin-bottom-alt: auto; line-height: normal;\"><span style=\"font-family: Tahoma, sans-serif; color: #a6a6a6;\">\u00a0<\/span><\/p>\n<p>&nbsp;<\/p>\n","protected":false},"excerpt":{"rendered":"<p>Profoto Ladeger\u00e4t f\u00fcr Pro-B4 l\u00e4dt einen Akku in weniger als 45 Minuten. Merkmale Aktuellste Ladergeneration Multi-Voltage Eingang (100-240 VAC, 50\/60 hz) LED Indicator f\u00fcr den Ladezustand Ladebuchse mit Bajonnet &nbsp; &nbsp; &nbsp; \u00a0 \u00a0 &nbsp;<\/p>\n","protected":false},"featured_media":4869,"template":"","meta":[],"product_cat":[388],"product_tag":[],"class_list":{"0":"post-4340","1":"product","2":"type-product","3":"status-publish","4":"has-post-thumbnail","6":"product_cat-batterien-ladegeraete","8":"first","9":"instock","10":"shipping-taxable","11":"purchasable","12":"product-type-simple"},"_links":{"self":[{"href":"https:\/\/palmaequipmentrental.com\/de\/wp-json\/wp\/v2\/product\/4340","targetHints":{"allow":["GET"]}}],"collection":[{"href":"https:\/\/palmaequipmentrental.com\/de\/wp-json\/wp\/v2\/product"}],"about":[{"href":"https:\/\/palmaequipmentrental.com\/de\/wp-json\/wp\/v2\/types\/product"}],"wp:featuredmedia":[{"embeddable":true,"href":"https:\/\/palmaequipmentrental.com\/de\/wp-json\/wp\/v2\/media\/4869"}],"wp:attachment":[{"href":"https:\/\/palmaequipmentrental.com\/de\/wp-json\/wp\/v2\/media?parent=4340"}],"wp:term":[{"taxonomy":"product_cat","embeddable":true,"href":"https:\/\/palmaequipmentrental.com\/de\/wp-json\/wp\/v2\/product_cat?post=4340"},{"taxonomy":"product_tag","embeddable":true,"href":"https:\/\/palmaequipmentrental.com\/de\/wp-json\/wp\/v2\/product_tag?post=4340"}],"curies":[{"name":"wp","href":"https:\/\/api.w.org\/{rel}","templated":true}]}}