{"id":4343,"date":"2017-06-22T10:39:27","date_gmt":"2017-06-22T10:39:27","guid":{"rendered":"http:\/\/www.palmaequipmentrental.com\/product\/uncategorized\/pro-zoom-reflector\/"},"modified":"2022-08-05T11:42:50","modified_gmt":"2022-08-05T11:42:50","slug":"pro-zoom-reflektor","status":"publish","type":"product","link":"https:\/\/palmaequipmentrental.com\/de\/photo-video-equipment-mallorca\/pro-zoom-reflektor\/","title":{"rendered":"Pro Zoom Reflektor"},"content":{"rendered":"<p>Der Zoom Reflector wird seit \u00fcber vier Jahrzehnten von Fotografen weltweit gesch\u00e4tzt. Der Grund daf\u00fcr ist h\u00f6chstwahrscheinlich, dass er zu den vielseitigsten Reflektoren des Marktes z\u00e4hlt. Dank seiner einzigartigen Zoom-Funktion erreicht er eine Lichtcharakteristik von Normalreflektor bis zu Weitwinkel.<\/p>\n<p>Der integrierte Wabenhalter und eine Reihe anderer optionaler Zubeh\u00f6rteile machen ihn sogar noch vielseitiger einsetzbar.<\/p>\n<h3 class=\"tab__content-subtitle\">Merkmale<\/h3>\n<ul>\n<li>Mit der einzigartigen Zoom-Funktion von Profoto ver\u00e4ndern Sie Lichtcharakteristik durch einfaches Vor-und Zur\u00fcckschieben der Vorrichtung am Blitzkopf.<\/li>\n<li>Einstellung des Leuchtwinkels von 35\u00b0\u00a0bis 105\u00b0 am ProHead.<\/li>\n<li>Max. Lichtleistung in 2\u00a0m Entfernung bei 2.400\u00a0Ws und ISO100: f\/45.1 (am ProHead).<\/li>\n<li>Optionales Zubeh\u00f6r wie Waben und Abschirmklappen machen ihn noch vielseitiger einsetzbar.<\/li>\n<li>Ausgelegt auf viele Jahre professionellen Gebrauchs.<\/li>\n<\/ul>\n<p>&nbsp;<\/p>\n<p>&nbsp;<\/p>\n<p><span style=\"font-family: 'Helvetica Neue', Arial, Helvetica, sans-serif; color: #4a4849;\">\u00a0<\/span><\/p>\n<p><!--EndFragment--><\/p>\n<p>&nbsp;<\/p>\n<p>&nbsp;<\/p>\n<p>&nbsp;<\/p>\n<p><span style=\"line-height: normal;\">\u00a0<\/span><\/p>\n<p>&nbsp;<\/p>\n<p>&nbsp;<\/p>\n<div class=\"span-10 img-div-area\" style=\"margin: 0px 10px 0px 0px; padding: 0px 0px 10px; font-family: 'Helvetica Neue', Arial, Helvetica, sans-serif; vertical-align: baseline; width: 390px; min-height: 420px; float: left;\">\n<p><span style=\"color: #4a4849;\">\u00a0<\/span><\/p>\n<\/div>\n","protected":false},"excerpt":{"rendered":"<p>Der Zoom Reflector wird seit \u00fcber vier Jahrzehnten von Fotografen weltweit gesch\u00e4tzt. Der Grund daf\u00fcr ist h\u00f6chstwahrscheinlich, dass er zu den vielseitigsten Reflektoren des Marktes z\u00e4hlt. Dank seiner einzigartigen Zoom-Funktion erreicht er eine Lichtcharakteristik von Normalreflektor bis zu Weitwinkel. Der integrierte Wabenhalter und eine Reihe anderer optionaler Zubeh\u00f6rteile machen ihn sogar noch vielseitiger einsetzbar. Merkmale Mit der einzigartigen Zoom-Funktion von [&hellip;]<\/p>\n","protected":false},"featured_media":5585,"template":"","meta":[],"product_cat":[784],"product_tag":[],"class_list":{"0":"post-4343","1":"product","2":"type-product","3":"status-publish","4":"has-post-thumbnail","6":"product_cat-pro-lightformer","8":"first","9":"instock","10":"shipping-taxable","11":"purchasable","12":"product-type-simple"},"_links":{"self":[{"href":"https:\/\/palmaequipmentrental.com\/de\/wp-json\/wp\/v2\/product\/4343","targetHints":{"allow":["GET"]}}],"collection":[{"href":"https:\/\/palmaequipmentrental.com\/de\/wp-json\/wp\/v2\/product"}],"about":[{"href":"https:\/\/palmaequipmentrental.com\/de\/wp-json\/wp\/v2\/types\/product"}],"wp:featuredmedia":[{"embeddable":true,"href":"https:\/\/palmaequipmentrental.com\/de\/wp-json\/wp\/v2\/media\/5585"}],"wp:attachment":[{"href":"https:\/\/palmaequipmentrental.com\/de\/wp-json\/wp\/v2\/media?parent=4343"}],"wp:term":[{"taxonomy":"product_cat","embeddable":true,"href":"https:\/\/palmaequipmentrental.com\/de\/wp-json\/wp\/v2\/product_cat?post=4343"},{"taxonomy":"product_tag","embeddable":true,"href":"https:\/\/palmaequipmentrental.com\/de\/wp-json\/wp\/v2\/product_tag?post=4343"}],"curies":[{"name":"wp","href":"https:\/\/api.w.org\/{rel}","templated":true}]}}