{"id":4346,"date":"2017-06-22T10:43:01","date_gmt":"2017-06-22T10:43:01","guid":{"rendered":"http:\/\/www.palmaequipmentrental.com\/product\/uncategorized\/pro-telezoom-reflector\/"},"modified":"2022-08-05T11:42:50","modified_gmt":"2022-08-05T11:42:50","slug":"pro-telezoom-reflektor","status":"publish","type":"product","link":"https:\/\/palmaequipmentrental.com\/de\/photo-video-equipment-mallorca\/pro-telezoom-reflektor\/","title":{"rendered":"Pro TeleZoom Reflektor"},"content":{"rendered":"<p>Der<strong> TeleZoom Reflector<\/strong> hat die gleichen Grundeigenschaften wie der Zoom Reflector, jedoch eine tiefere Bauform, wodurch sein Licht st\u00e4rker gerichtet und gleichm\u00e4\u00dfiger ist und einen deutlichen Schattenverlauf erzeugt. Das macht ihn zum festen Inventar von Fotografen, die mit einem tiefen Licht arbeiten oder eine gleichm\u00e4\u00dfige Ausleuchtung \u00fcber gro\u00dfen Distanzen erreichen m\u00f6chten.<\/p>\n<p><strong>Merkmale<\/strong><\/p>\n<ul>\n<li>Ausgestattet mit der einzigartigen Zoom-Funktion von Profoto\u00a0\u2013 ver\u00e4ndern Sie die Lichtcharakteristik durch einfaches Vor-und Zur\u00fcckschieben der<\/li>\n<li>Vorrichtung am Blitzkopf.<\/li>\n<li>Einstellung des Leuchtwinkels von 30\u00b0\u00a0bis 70\u00b0 am ProHead.<\/li>\n<li>Max. Lichtleistung in 2\u00a0m Entfernung bei 2.400\u00a0Ws und ISO100: f\/90.7 (am ProHead).<\/li>\n<li>Erweitern Sie die vielseitigen Einsatzm\u00f6glichkeiten mit der optional erh\u00e4ltlichen Wabe 10\u00b0 180\u00a0mm, um ein klassisches Filmlicht zu imitieren.<\/li>\n<li>Ausgelegt auf viele Jahre des t\u00e4glichen Gebrauchs.<\/li>\n<\/ul>\n","protected":false},"excerpt":{"rendered":"<p>Der TeleZoom Reflector hat die gleichen Grundeigenschaften wie der Zoom Reflector, jedoch eine tiefere Bauform, wodurch sein Licht st\u00e4rker gerichtet und gleichm\u00e4\u00dfiger ist und einen deutlichen Schattenverlauf erzeugt. Das macht ihn zum festen Inventar von Fotografen, die mit einem tiefen Licht arbeiten oder eine gleichm\u00e4\u00dfige Ausleuchtung \u00fcber gro\u00dfen Distanzen erreichen m\u00f6chten. Merkmale Ausgestattet mit der einzigartigen Zoom-Funktion von Profoto\u00a0\u2013 ver\u00e4ndern [&hellip;]<\/p>\n","protected":false},"featured_media":4798,"template":"","meta":[],"product_cat":[784],"product_tag":[],"class_list":{"0":"post-4346","1":"product","2":"type-product","3":"status-publish","4":"has-post-thumbnail","6":"product_cat-pro-lightformer","8":"first","9":"instock","10":"shipping-taxable","11":"purchasable","12":"product-type-simple"},"_links":{"self":[{"href":"https:\/\/palmaequipmentrental.com\/de\/wp-json\/wp\/v2\/product\/4346","targetHints":{"allow":["GET"]}}],"collection":[{"href":"https:\/\/palmaequipmentrental.com\/de\/wp-json\/wp\/v2\/product"}],"about":[{"href":"https:\/\/palmaequipmentrental.com\/de\/wp-json\/wp\/v2\/types\/product"}],"wp:featuredmedia":[{"embeddable":true,"href":"https:\/\/palmaequipmentrental.com\/de\/wp-json\/wp\/v2\/media\/4798"}],"wp:attachment":[{"href":"https:\/\/palmaequipmentrental.com\/de\/wp-json\/wp\/v2\/media?parent=4346"}],"wp:term":[{"taxonomy":"product_cat","embeddable":true,"href":"https:\/\/palmaequipmentrental.com\/de\/wp-json\/wp\/v2\/product_cat?post=4346"},{"taxonomy":"product_tag","embeddable":true,"href":"https:\/\/palmaequipmentrental.com\/de\/wp-json\/wp\/v2\/product_tag?post=4346"}],"curies":[{"name":"wp","href":"https:\/\/api.w.org\/{rel}","templated":true}]}}