{"id":4352,"date":"2017-06-22T10:51:50","date_gmt":"2017-06-22T10:51:50","guid":{"rendered":"http:\/\/www.palmaequipmentrental.com\/product\/uncategorized\/umbrella-deep-xl-white\/"},"modified":"2024-01-26T13:36:11","modified_gmt":"2024-01-26T13:36:11","slug":"profoto-blitzschirme-xl-weiss","status":"publish","type":"product","link":"https:\/\/palmaequipmentrental.com\/de\/photo-video-equipment-mallorca\/profoto-blitzschirme-xl-weiss\/","title":{"rendered":"Profoto Blitzschirme Deep XL Weiss"},"content":{"rendered":"<p>Erkunden Sie den Profoto Umbrella Deep XL White bei Palma Equipment Rental, Ihrer Anlaufstelle f\u00fcr erstklassige fotografische Ausr\u00fcstung in Palma de Mallorca und dar\u00fcber hinaus. Dieser Premium-Regenschirm, mit einer gro\u00dfz\u00fcgigen XL-Gr\u00f6\u00dfe und einem Durchmesser von 65,0&#8243; \/ 165,1 cm, ist unverzichtbar f\u00fcr Profis, die ihre Beleuchtungsaufbauten f\u00fcr Mode- und Werbeshootings optimieren m\u00f6chten. Sein tiefes und gro\u00dfz\u00fcgiges Design sorgt f\u00fcr bemerkenswert weiches und fokussiertes Licht, perfekt f\u00fcr Foto- und Videoanwendungen.<\/p>\n<p><strong>Technische Details:<\/strong><\/p>\n<ul>\n<li>XL mit einem Durchmesser von 65,0&#8243; \/ 165,1 cm, bietet umfangreiche Lichtabdeckung.<\/li>\n<li>Reines wei\u00dfes Inneres f\u00fcr weiche und gleichm\u00e4\u00dfige Lichtstreuung.<\/li>\n<li>Tiefe Form: Verbessert die Kontrolle und den Fokus des Lichts.<\/li>\n<li>Gew\u00e4hrleistet Haltbarkeit und konsistente Leistung.<\/li>\n<li>Funktioniert nahtlos mit einer Reihe von Blitzk\u00f6pfen, einschlie\u00dflich Profoto-Modellen.<\/li>\n<\/ul>\n<p>Erh\u00f6hen Sie die Qualit\u00e4t Ihrer Produktion mit Palma Equipment Rental. Wir sind nicht nur ein Vermietungsservice; wir sind Ihr kreativer Partner auf den Balearen und dem spanischen Festland. Mit unserem umfangreichen Inventar an professioneller Ausr\u00fcstung, einschlie\u00dflich des Profoto Umbrella Deep XL White, und unserem Engagement f\u00fcr flexiblen, effizienten Service stehen wir rund um die Uhr bereit, Ihre Vision zu unterst\u00fctzen. Tauchen Sie ein in die Welt hochwertiger Ausr\u00fcstung und herausragender Unterst\u00fctzung mit Palma Equipment Rental \u2013 wo Ihre kreative Vision zum Leben erweckt wird.<\/p>\n<p>&nbsp;<\/p>\n","protected":false},"excerpt":{"rendered":"<p>Erkunden Sie den Profoto Umbrella Deep XL White bei Palma Equipment Rental, Ihrer Anlaufstelle f\u00fcr erstklassige fotografische Ausr\u00fcstung in Palma de Mallorca und dar\u00fcber hinaus. Dieser Premium-Regenschirm, mit einer gro\u00dfz\u00fcgigen XL-Gr\u00f6\u00dfe und einem Durchmesser von 65,0&#8243; \/ 165,1 cm, ist unverzichtbar f\u00fcr Profis, die ihre Beleuchtungsaufbauten f\u00fcr Mode- und Werbeshootings optimieren m\u00f6chten. Sein tiefes und gro\u00dfz\u00fcgiges Design sorgt f\u00fcr bemerkenswert [&hellip;]<\/p>\n","protected":false},"featured_media":12691,"template":"","meta":[],"product_cat":[136],"product_tag":[],"class_list":{"0":"post-4352","1":"product","2":"type-product","3":"status-publish","4":"has-post-thumbnail","6":"product_cat-schirme","8":"first","9":"instock","10":"shipping-taxable","11":"purchasable","12":"product-type-simple"},"_links":{"self":[{"href":"https:\/\/palmaequipmentrental.com\/de\/wp-json\/wp\/v2\/product\/4352","targetHints":{"allow":["GET"]}}],"collection":[{"href":"https:\/\/palmaequipmentrental.com\/de\/wp-json\/wp\/v2\/product"}],"about":[{"href":"https:\/\/palmaequipmentrental.com\/de\/wp-json\/wp\/v2\/types\/product"}],"wp:featuredmedia":[{"embeddable":true,"href":"https:\/\/palmaequipmentrental.com\/de\/wp-json\/wp\/v2\/media\/12691"}],"wp:attachment":[{"href":"https:\/\/palmaequipmentrental.com\/de\/wp-json\/wp\/v2\/media?parent=4352"}],"wp:term":[{"taxonomy":"product_cat","embeddable":true,"href":"https:\/\/palmaequipmentrental.com\/de\/wp-json\/wp\/v2\/product_cat?post=4352"},{"taxonomy":"product_tag","embeddable":true,"href":"https:\/\/palmaequipmentrental.com\/de\/wp-json\/wp\/v2\/product_tag?post=4352"}],"curies":[{"name":"wp","href":"https:\/\/api.w.org\/{rel}","templated":true}]}}