{"id":4356,"date":"2017-06-22T11:05:15","date_gmt":"2017-06-22T11:05:15","guid":{"rendered":"http:\/\/www.palmaequipmentrental.com\/product\/uncategorized\/c-stand-20\/"},"modified":"2022-08-23T11:13:23","modified_gmt":"2022-08-23T11:13:23","slug":"c-stand-20","status":"publish","type":"product","link":"https:\/\/palmaequipmentrental.com\/de\/photo-video-equipment-mallorca\/c-stand-20\/","title":{"rendered":"C-Stand 20&#8243;"},"content":{"rendered":"<p>Unser<strong> C-Stand 20&#8243; Lampenstativ\u00a0<\/strong> (AVA2018L) enth\u00e4lt:<\/p>\n<ul>\n<li><strong>20&#8243; Extension Arm<\/strong> (AVD500)<\/li>\n<li><strong>Gobo Kopf<\/strong> (AVD200)<\/li>\n<\/ul>\n<p>Flaggenst\u00e4nder 3 Abschnitte, 2 Tragegurte:<\/p>\n<ul>\n<li>Maximale H\u00f6he: 175 cm<\/li>\n<li>Minimale H\u00f6he: 84cm<\/li>\n<li>Gewicht: 4,2 kg<\/li>\n<li>Zuladung: 8 kg<\/li>\n<li>Geschlossene L\u00e4nge: 84 cm<\/li>\n<li>Grundfl\u00e4che Max Durchmesser: 95 cm<\/li>\n<\/ul>\n","protected":false},"excerpt":{"rendered":"<p>Unser C-Stand 20&#8243; Lampenstativ\u00a0 (AVA2018L) enth\u00e4lt: 20&#8243; Extension Arm (AVD500) Gobo Kopf (AVD200) Flaggenst\u00e4nder 3 Abschnitte, 2 Tragegurte: Maximale H\u00f6he: 175 cm Minimale H\u00f6he: 84cm Gewicht: 4,2 kg Zuladung: 8 kg Geschlossene L\u00e4nge: 84 cm Grundfl\u00e4che Max Durchmesser: 95 cm<\/p>\n","protected":false},"featured_media":5169,"template":"","meta":[],"product_cat":[151,165],"product_tag":[],"class_list":{"0":"post-4356","1":"product","2":"type-product","3":"status-publish","4":"has-post-thumbnail","6":"product_cat-lampenstative","7":"product_cat-lampenstative-de","9":"first","10":"instock","11":"shipping-taxable","12":"purchasable","13":"product-type-simple"},"_links":{"self":[{"href":"https:\/\/palmaequipmentrental.com\/de\/wp-json\/wp\/v2\/product\/4356","targetHints":{"allow":["GET"]}}],"collection":[{"href":"https:\/\/palmaequipmentrental.com\/de\/wp-json\/wp\/v2\/product"}],"about":[{"href":"https:\/\/palmaequipmentrental.com\/de\/wp-json\/wp\/v2\/types\/product"}],"wp:featuredmedia":[{"embeddable":true,"href":"https:\/\/palmaequipmentrental.com\/de\/wp-json\/wp\/v2\/media\/5169"}],"wp:attachment":[{"href":"https:\/\/palmaequipmentrental.com\/de\/wp-json\/wp\/v2\/media?parent=4356"}],"wp:term":[{"taxonomy":"product_cat","embeddable":true,"href":"https:\/\/palmaequipmentrental.com\/de\/wp-json\/wp\/v2\/product_cat?post=4356"},{"taxonomy":"product_tag","embeddable":true,"href":"https:\/\/palmaequipmentrental.com\/de\/wp-json\/wp\/v2\/product_tag?post=4356"}],"curies":[{"name":"wp","href":"https:\/\/api.w.org\/{rel}","templated":true}]}}