{"id":4362,"date":"2017-06-22T11:11:48","date_gmt":"2017-06-22T11:11:48","guid":{"rendered":"http:\/\/www.palmaequipmentrental.com\/product\/uncategorized\/cardellini-clamp\/"},"modified":"2025-06-13T13:58:20","modified_gmt":"2025-06-13T13:58:20","slug":"cardellini-klemme-end-jaw-2","status":"publish","type":"product","link":"https:\/\/palmaequipmentrental.com\/de\/photo-video-equipment-mallorca\/cardellini-klemme-end-jaw-2\/","title":{"rendered":"Cardellini Klemme End Jaw 2&#8243;"},"content":{"rendered":"<p>R\u00fcste dein Equipment-Arsenal auf mit der Cardellini-Klemme Endklemme 2\u2033, stolz angeboten von Palma Equipment Rental, einem vertrauensw\u00fcrdigen Namen f\u00fcr Profis in Palma de Mallorca und den Balearen. Diese kompakte, aber m\u00e4chtige Klemme ist perfekt f\u00fcr anspruchsvolle und detailreiche Aufnahmen, egal ob es sich um ein schickes Mode-Editorial oder ein k\u00fchnes Werbeprojekt handelt.<\/p>\n<p>Technische Details:<\/p>\n<ul>\n<li>Klemmbreite: Ungef\u00e4hr 5,08 cm (2&#8243;)<\/li>\n<li>Kompaktes Design, perfekt f\u00fcr begrenzten Raum<\/li>\n<li>Starke, verstellbare Endklemme f\u00fcr sicheren und vielseitigen Halt<\/li>\n<li>Gummierte Klemmbacken f\u00fcr einen festen, besch\u00e4digungsfreien Griff<\/li>\n<li>Ideal f\u00fcr die pr\u00e4zise Positionierung von Kameras, Lichtern und Zubeh\u00f6r auf verschiedenen Oberfl\u00e4chen<\/li>\n<\/ul>\n<p>Warum du sie brauchst? Die Cardellini-Klemme Endklemme 2\u2033 ist ein Muss f\u00fcr Profis, die Pr\u00e4zision und Zuverl\u00e4ssigkeit auf kleinem Raum suchen.<\/p>\n<p>Bei Palma Equipment Rental sind wir mehr als nur ein Ausr\u00fcstungslieferant; wir sind dein kreativer Partner. Wir bedienen die vielf\u00e4ltigen Bed\u00fcrfnisse von Fotografen und Kameraleuten mit unserem breiten Sortiment an erstklassigen Ger\u00e4ten, einschlie\u00dflich Branchenfavoriten wie Arri und Nikon. Unser Engagement f\u00fcr flexiblen, effizienten und freundlichen Service sowie rund um die Uhr technischer Support stellt sicher, dass deine kreative Vision niemals kompromittiert wird.<\/p>\n","protected":false},"excerpt":{"rendered":"<p>R\u00fcste dein Equipment-Arsenal auf mit der Cardellini-Klemme Endklemme 2\u2033, stolz angeboten von Palma Equipment Rental, einem vertrauensw\u00fcrdigen Namen f\u00fcr Profis in Palma de Mallorca und den Balearen. Diese kompakte, aber m\u00e4chtige Klemme ist perfekt f\u00fcr anspruchsvolle und detailreiche Aufnahmen, egal ob es sich um ein schickes Mode-Editorial oder ein k\u00fchnes Werbeprojekt handelt. Technische Details: Klemmbreite: Ungef\u00e4hr 5,08 cm (2&#8243;) Kompaktes [&hellip;]<\/p>\n","protected":false},"featured_media":10251,"template":"","meta":[],"product_cat":[152,166],"product_tag":[],"class_list":{"0":"post-4362","1":"product","2":"type-product","3":"status-publish","4":"has-post-thumbnail","6":"product_cat-klemme","7":"product_cat-klemme-de","9":"first","10":"instock","11":"shipping-taxable","12":"purchasable","13":"product-type-simple"},"_links":{"self":[{"href":"https:\/\/palmaequipmentrental.com\/de\/wp-json\/wp\/v2\/product\/4362","targetHints":{"allow":["GET"]}}],"collection":[{"href":"https:\/\/palmaequipmentrental.com\/de\/wp-json\/wp\/v2\/product"}],"about":[{"href":"https:\/\/palmaequipmentrental.com\/de\/wp-json\/wp\/v2\/types\/product"}],"wp:featuredmedia":[{"embeddable":true,"href":"https:\/\/palmaequipmentrental.com\/de\/wp-json\/wp\/v2\/media\/10251"}],"wp:attachment":[{"href":"https:\/\/palmaequipmentrental.com\/de\/wp-json\/wp\/v2\/media?parent=4362"}],"wp:term":[{"taxonomy":"product_cat","embeddable":true,"href":"https:\/\/palmaequipmentrental.com\/de\/wp-json\/wp\/v2\/product_cat?post=4362"},{"taxonomy":"product_tag","embeddable":true,"href":"https:\/\/palmaequipmentrental.com\/de\/wp-json\/wp\/v2\/product_tag?post=4362"}],"curies":[{"name":"wp","href":"https:\/\/api.w.org\/{rel}","templated":true}]}}