{"id":4473,"date":"2017-11-16T10:28:30","date_gmt":"2017-11-16T10:28:30","guid":{"rendered":"http:\/\/www.palmaequipmentrental.com\/product\/uncategorized\/benro-s8-video-head\/"},"modified":"2022-08-05T11:42:11","modified_gmt":"2022-08-05T11:42:11","slug":"benro-s8-video-head","status":"publish","type":"product","link":"https:\/\/palmaequipmentrental.com\/de\/photo-video-equipment-mallorca\/benro-s8-video-head\/","title":{"rendered":"Benro Videoneiger S8 Kugelkopf"},"content":{"rendered":"<p>Die <strong>Videoneiger S8<\/strong> sind entweder einzeln oder im Kit mit einem Einbein- oder Dreibeinsta v erh\u00e4ltlich. Mit der achen Basis passen die Videoneiger auf jedes g\u00e4ngige Sta v, jeden g\u00e4ngigen Slider oder Jib.<\/p>\n<p>Im Videobereich ist es wichtig, auch vertikale Bewegungen weich und ruckelfrei aufzuzeichnen. Dazu dienen Videoneiger \u2013 mit ihrer Halbkugelform stellen sie sicher, dass Sie bei Bewegungen freie Hand haben und dennoch saubere Schwenks fahren k\u00f6nnen.<\/p>\n<p><strong>Merkmale<\/strong><\/p>\n<ul>\n<li>bis 8 kg belastbar<\/li>\n<li>4-stufige Balancekontrolle (0, 2.5, 5 und 8 kg)<\/li>\n<li>kontinuierliche Drag-Kontrolle f. Neigung (Tilt) und Schwenk (Pan)<\/li>\n<li>Neigungswinkel +90\u00b0\/-70\u00b0<\/li>\n<li>beleuchtete Libelle<\/li>\n<li>Teleskop-Schwenkgriff<\/li>\n<li>3\/8&#8243; Zubeh\u00f6rhalter<\/li>\n<li>75mm flache Basis<\/li>\n<li>QR13 Wechselplatte<\/li>\n<\/ul>\n","protected":false},"excerpt":{"rendered":"<p>Die Videoneiger S8 sind entweder einzeln oder im Kit mit einem Einbein- oder Dreibeinsta v erh\u00e4ltlich. Mit der achen Basis passen die Videoneiger auf jedes g\u00e4ngige Sta v, jeden g\u00e4ngigen Slider oder Jib. Im Videobereich ist es wichtig, auch vertikale Bewegungen weich und ruckelfrei aufzuzeichnen. Dazu dienen Videoneiger \u2013 mit ihrer Halbkugelform stellen sie sicher, dass Sie bei Bewegungen freie [&hellip;]<\/p>\n","protected":false},"featured_media":5511,"template":"","meta":[],"product_cat":[171],"product_tag":[],"class_list":{"0":"post-4473","1":"product","2":"type-product","3":"status-publish","4":"has-post-thumbnail","6":"product_cat-kamerastative-de","8":"first","9":"instock","10":"shipping-taxable","11":"purchasable","12":"product-type-simple"},"_links":{"self":[{"href":"https:\/\/palmaequipmentrental.com\/de\/wp-json\/wp\/v2\/product\/4473","targetHints":{"allow":["GET"]}}],"collection":[{"href":"https:\/\/palmaequipmentrental.com\/de\/wp-json\/wp\/v2\/product"}],"about":[{"href":"https:\/\/palmaequipmentrental.com\/de\/wp-json\/wp\/v2\/types\/product"}],"wp:featuredmedia":[{"embeddable":true,"href":"https:\/\/palmaequipmentrental.com\/de\/wp-json\/wp\/v2\/media\/5511"}],"wp:attachment":[{"href":"https:\/\/palmaequipmentrental.com\/de\/wp-json\/wp\/v2\/media?parent=4473"}],"wp:term":[{"taxonomy":"product_cat","embeddable":true,"href":"https:\/\/palmaequipmentrental.com\/de\/wp-json\/wp\/v2\/product_cat?post=4473"},{"taxonomy":"product_tag","embeddable":true,"href":"https:\/\/palmaequipmentrental.com\/de\/wp-json\/wp\/v2\/product_tag?post=4473"}],"curies":[{"name":"wp","href":"https:\/\/api.w.org\/{rel}","templated":true}]}}