{"id":4540,"date":"2018-06-27T09:39:16","date_gmt":"2018-06-27T09:39:16","guid":{"rendered":"http:\/\/www.palmaequipmentrental.com\/product\/uncategorized\/chimera-daylight-plus-medium-softbox\/"},"modified":"2023-02-14T12:16:36","modified_gmt":"2023-02-14T12:16:36","slug":"chimera-daylight-plus-medium-softbox","status":"publish","type":"product","link":"https:\/\/palmaequipmentrental.com\/de\/photo-video-equipment-mallorca\/chimera-daylight-plus-medium-softbox\/","title":{"rendered":"Chimera Daylite Plus Medium Softbox"},"content":{"rendered":"<p><strong>Chimera Medium Daylite Plus 36&#215;48&#8243; (90x120cm) Softbox inklusive einem Chimera Speedring.<\/strong><\/p>\n<p>Die Tiefe der Daylite Plus ist ideal f\u00fcr kleine Fresnel-Lichter bis zu 6.000 Watt. Sie ist tiefer als die Quartz Plus Bank, die f\u00fcr Fresnel-Lichter entwickelt wurde.<\/p>\n<p>Verwenden Sie diese Box f\u00fcr das weichste Licht, das m\u00f6glich ist. Die Bezeichnung &#8222;Plus&#8220; bedeutet, dass die Vorderseite des Kastens abnehmbar ist. Verschiedene St\u00e4rken von Diffusionsmaterial f\u00fcr Frontanwendungen sind im Lieferumfang enthalten.<br \/>\nDie Verwendung einer halben oder viertel Streuung anstelle der vollen Streuung oder das Entfernen der inneren Ablenkplatte f\u00fchrt zu mehr Kontrast, etwas mehr Lichtdurchl\u00e4ssigkeit und weniger Weichzeichnung des Lichts.<\/p>\n<p><strong>Spezifikationen:<\/strong><\/p>\n<ul>\n<li>F\u00fcr Fresnel-Lichter<\/li>\n<li>Gr\u00f6\u00dfe: 36&#215;48&#8243; (90x120cm)<\/li>\n<li>Nennleistung bis zu 6.000 Watt<\/li>\n<li>Passt f\u00fcr Durchmesser von 9 bis 21,5 Zoll.<\/li>\n<\/ul>\n<p><strong>Seiden enthalten:<\/strong><\/p>\n<ul>\n<li>Innenblende (1 Blende Stoff)<\/li>\n<li>1 f-stop Front-Diffusionstuch<\/li>\n<li>1\/2 Raster Front-Diffusionstuch<\/li>\n<li>1\/4 Raster Front-Diffusionstuch<\/li>\n<\/ul>\n","protected":false},"excerpt":{"rendered":"<p>Chimera Medium Daylite Plus 36&#215;48&#8243; (90x120cm) Softbox inklusive einem Chimera Speedring. Die Tiefe der Daylite Plus ist ideal f\u00fcr kleine Fresnel-Lichter bis zu 6.000 Watt. Sie ist tiefer als die Quartz Plus Bank, die f\u00fcr Fresnel-Lichter entwickelt wurde. Verwenden Sie diese Box f\u00fcr das weichste Licht, das m\u00f6glich ist. Die Bezeichnung &#8222;Plus&#8220; bedeutet, dass die Vorderseite des Kastens abnehmbar ist. [&hellip;]<\/p>\n","protected":false},"featured_media":12483,"template":"","meta":[],"product_cat":[398,439],"product_tag":[],"class_list":{"0":"post-4540","1":"product","2":"type-product","3":"status-publish","4":"has-post-thumbnail","6":"product_cat-softboxen-de","7":"product_cat-softboxen-de-2","9":"first","10":"instock","11":"shipping-taxable","12":"purchasable","13":"product-type-simple"},"_links":{"self":[{"href":"https:\/\/palmaequipmentrental.com\/de\/wp-json\/wp\/v2\/product\/4540","targetHints":{"allow":["GET"]}}],"collection":[{"href":"https:\/\/palmaequipmentrental.com\/de\/wp-json\/wp\/v2\/product"}],"about":[{"href":"https:\/\/palmaequipmentrental.com\/de\/wp-json\/wp\/v2\/types\/product"}],"wp:featuredmedia":[{"embeddable":true,"href":"https:\/\/palmaequipmentrental.com\/de\/wp-json\/wp\/v2\/media\/12483"}],"wp:attachment":[{"href":"https:\/\/palmaequipmentrental.com\/de\/wp-json\/wp\/v2\/media?parent=4540"}],"wp:term":[{"taxonomy":"product_cat","embeddable":true,"href":"https:\/\/palmaequipmentrental.com\/de\/wp-json\/wp\/v2\/product_cat?post=4540"},{"taxonomy":"product_tag","embeddable":true,"href":"https:\/\/palmaequipmentrental.com\/de\/wp-json\/wp\/v2\/product_tag?post=4540"}],"curies":[{"name":"wp","href":"https:\/\/api.w.org\/{rel}","templated":true}]}}