{"id":4546,"date":"2018-06-27T08:49:56","date_gmt":"2018-06-27T08:49:56","guid":{"rendered":"http:\/\/www.palmaequipmentrental.com\/product\/uncategorized\/duck-bill-clamp\/"},"modified":"2022-08-05T11:42:05","modified_gmt":"2022-08-05T11:42:05","slug":"duck-bill-clamp","status":"publish","type":"product","link":"https:\/\/palmaequipmentrental.com\/de\/photo-video-equipment-mallorca\/duck-bill-clamp\/","title":{"rendered":"Quaker Clamp"},"content":{"rendered":"<p>Matthews Quaker Clamp (MT429042) AKA\u00a0Duck Bill Clamp<\/p>\n<p>Der Duck Bill Clamp erm\u00f6glicht das schnelle Festklemmen auf ebenen Fl\u00e4chen. Zus\u00e4tzlich gibt es zwei Befestigungsstifte.<\/p>\n","protected":false},"excerpt":{"rendered":"<p>Matthews Quaker Clamp (MT429042) AKA\u00a0Duck Bill Clamp Der Duck Bill Clamp erm\u00f6glicht das schnelle Festklemmen auf ebenen Fl\u00e4chen. Zus\u00e4tzlich gibt es zwei Befestigungsstifte.<\/p>\n","protected":false},"featured_media":10256,"template":"","meta":[],"product_cat":[152,166],"product_tag":[],"class_list":{"0":"post-4546","1":"product","2":"type-product","3":"status-publish","4":"has-post-thumbnail","6":"product_cat-klemme","7":"product_cat-klemme-de","9":"first","10":"instock","11":"shipping-taxable","12":"purchasable","13":"product-type-simple"},"_links":{"self":[{"href":"https:\/\/palmaequipmentrental.com\/de\/wp-json\/wp\/v2\/product\/4546","targetHints":{"allow":["GET"]}}],"collection":[{"href":"https:\/\/palmaequipmentrental.com\/de\/wp-json\/wp\/v2\/product"}],"about":[{"href":"https:\/\/palmaequipmentrental.com\/de\/wp-json\/wp\/v2\/types\/product"}],"wp:featuredmedia":[{"embeddable":true,"href":"https:\/\/palmaequipmentrental.com\/de\/wp-json\/wp\/v2\/media\/10256"}],"wp:attachment":[{"href":"https:\/\/palmaequipmentrental.com\/de\/wp-json\/wp\/v2\/media?parent=4546"}],"wp:term":[{"taxonomy":"product_cat","embeddable":true,"href":"https:\/\/palmaequipmentrental.com\/de\/wp-json\/wp\/v2\/product_cat?post=4546"},{"taxonomy":"product_tag","embeddable":true,"href":"https:\/\/palmaequipmentrental.com\/de\/wp-json\/wp\/v2\/product_tag?post=4546"}],"curies":[{"name":"wp","href":"https:\/\/api.w.org\/{rel}","templated":true}]}}