{"id":4560,"date":"2018-06-26T09:18:52","date_gmt":"2018-06-26T09:18:52","guid":{"rendered":"http:\/\/www.palmaequipmentrental.com\/product\/uncategorized\/12x12-double-net\/"},"modified":"2023-05-25T11:24:04","modified_gmt":"2023-05-25T11:24:04","slug":"12x12-double-net","status":"publish","type":"product","link":"https:\/\/palmaequipmentrental.com\/de\/photo-video-equipment-mallorca\/12x12-double-net\/","title":{"rendered":"12&#215;12 Scrim Double"},"content":{"rendered":"<p><strong>12 \u00a0x 12&#8242; \u00a0(360 x 360cm) Double Scrim \u00a0schwarz.<\/strong><\/p>\n<p>Reduziert das Licht um etwa 2 Stops\u00a0f\u00fcr zus\u00e4tzliche Kontrolle \u00fcber die Szene und Ihre Belichtung.<\/p>\n","protected":false},"excerpt":{"rendered":"<p>12 \u00a0x 12&#8242; \u00a0(360 x 360cm) Double Scrim \u00a0schwarz. Reduziert das Licht um etwa 2 Stops\u00a0f\u00fcr zus\u00e4tzliche Kontrolle \u00fcber die Szene und Ihre Belichtung.<\/p>\n","protected":false},"featured_media":10370,"template":"","meta":[],"product_cat":[823,816],"product_tag":[],"class_list":{"0":"post-4560","1":"product","2":"type-product","3":"status-publish","4":"has-post-thumbnail","6":"product_cat-12x12-butterfly-de","7":"product_cat-12x12-butterfly-v-de","9":"first","10":"instock","11":"shipping-taxable","12":"purchasable","13":"product-type-simple"},"_links":{"self":[{"href":"https:\/\/palmaequipmentrental.com\/de\/wp-json\/wp\/v2\/product\/4560","targetHints":{"allow":["GET"]}}],"collection":[{"href":"https:\/\/palmaequipmentrental.com\/de\/wp-json\/wp\/v2\/product"}],"about":[{"href":"https:\/\/palmaequipmentrental.com\/de\/wp-json\/wp\/v2\/types\/product"}],"wp:featuredmedia":[{"embeddable":true,"href":"https:\/\/palmaequipmentrental.com\/de\/wp-json\/wp\/v2\/media\/10370"}],"wp:attachment":[{"href":"https:\/\/palmaequipmentrental.com\/de\/wp-json\/wp\/v2\/media?parent=4560"}],"wp:term":[{"taxonomy":"product_cat","embeddable":true,"href":"https:\/\/palmaequipmentrental.com\/de\/wp-json\/wp\/v2\/product_cat?post=4560"},{"taxonomy":"product_tag","embeddable":true,"href":"https:\/\/palmaequipmentrental.com\/de\/wp-json\/wp\/v2\/product_tag?post=4560"}],"curies":[{"name":"wp","href":"https:\/\/api.w.org\/{rel}","templated":true}]}}