{"id":4566,"date":"2018-06-26T09:12:45","date_gmt":"2018-06-26T09:12:45","guid":{"rendered":"http:\/\/www.palmaequipmentrental.com\/product\/uncategorized\/8x8-silver-lame\/"},"modified":"2022-08-16T10:16:17","modified_gmt":"2022-08-16T10:16:17","slug":"8x8-silver-lame","status":"publish","type":"product","link":"https:\/\/palmaequipmentrental.com\/de\/photo-video-equipment-mallorca\/8x8-silver-lame\/","title":{"rendered":"8&#215;8&#8242; Silber Lame"},"content":{"rendered":"<p><strong>240 x 240cm Lame Silber Reflektor<\/strong> mit Rahmenb\u00e4ndern f\u00fcr 8&#215;8&#8242; Rahmen.<\/p>\n<p>Sorgt f\u00fcr eine weiche Sonnenlicht-Reflexion.<\/p>\n","protected":false},"excerpt":{"rendered":"<p>240 x 240cm Lame Silber Reflektor mit Rahmenb\u00e4ndern f\u00fcr 8&#215;8&#8242; Rahmen. Sorgt f\u00fcr eine weiche Sonnenlicht-Reflexion.<\/p>\n","protected":false},"featured_media":10713,"template":"","meta":[],"product_cat":[818,825],"product_tag":[],"class_list":{"0":"post-4566","1":"product","2":"type-product","3":"status-publish","4":"has-post-thumbnail","6":"product_cat-8x8-butterfly-v-de","7":"product_cat-8x8-butterfly-de","9":"first","10":"instock","11":"shipping-taxable","12":"purchasable","13":"product-type-simple"},"_links":{"self":[{"href":"https:\/\/palmaequipmentrental.com\/de\/wp-json\/wp\/v2\/product\/4566","targetHints":{"allow":["GET"]}}],"collection":[{"href":"https:\/\/palmaequipmentrental.com\/de\/wp-json\/wp\/v2\/product"}],"about":[{"href":"https:\/\/palmaequipmentrental.com\/de\/wp-json\/wp\/v2\/types\/product"}],"wp:featuredmedia":[{"embeddable":true,"href":"https:\/\/palmaequipmentrental.com\/de\/wp-json\/wp\/v2\/media\/10713"}],"wp:attachment":[{"href":"https:\/\/palmaequipmentrental.com\/de\/wp-json\/wp\/v2\/media?parent=4566"}],"wp:term":[{"taxonomy":"product_cat","embeddable":true,"href":"https:\/\/palmaequipmentrental.com\/de\/wp-json\/wp\/v2\/product_cat?post=4566"},{"taxonomy":"product_tag","embeddable":true,"href":"https:\/\/palmaequipmentrental.com\/de\/wp-json\/wp\/v2\/product_tag?post=4566"}],"curies":[{"name":"wp","href":"https:\/\/api.w.org\/{rel}","templated":true}]}}