{"id":4568,"date":"2018-06-26T08:35:48","date_gmt":"2018-06-26T08:35:48","guid":{"rendered":"http:\/\/www.palmaequipmentrental.com\/product\/uncategorized\/manfrotto-146cs-high-steel-stand-extension\/"},"modified":"2022-08-05T11:42:08","modified_gmt":"2022-08-05T11:42:08","slug":"manfrotto-146cs-high-steel-stand-extension","status":"publish","type":"product","link":"https:\/\/palmaequipmentrental.com\/de\/photo-video-equipment-mallorca\/manfrotto-146cs-high-steel-stand-extension\/","title":{"rendered":"Stativ-Verl\u00e4ngerung"},"content":{"rendered":"<p>Manfrotto 146CS Stativ-Verl\u00e4ngerung 3-tlg. (High Steel Stand Extension)<\/p>\n<ul>\n<li>verl\u00e4ngert das Stativ um zus\u00e4tzliche 1,4 m bis 3,1 m<\/li>\n<li>hat zwei Ausz\u00fcge<\/li>\n<li>die Verl\u00e4ngerung aus Stahl ist verchromt<\/li>\n<li><span class=\"metric\">Obere Anbringung: 1 1\/8\u2033 (28mm) Nuss, 5\/8\u2033 (28mm) Zapfen, 3\/8\u2033 Schraube<\/span><\/li>\n<li>Anbringung (Boden):\u00a0<span class=\"metric\">1 1\/8\u2033 (28mm) Zapfen<\/span><\/li>\n<\/ul>\n<p><span style=\"font-family: Arial, Helvetica, sans-serif; color: #929292;\"><span style=\"font-size: 11px; line-height: normal;\">\u00a0<\/span><\/span><\/p>\n","protected":false},"excerpt":{"rendered":"<p>Manfrotto 146CS Stativ-Verl\u00e4ngerung 3-tlg. (High Steel Stand Extension) verl\u00e4ngert das Stativ um zus\u00e4tzliche 1,4 m bis 3,1 m hat zwei Ausz\u00fcge die Verl\u00e4ngerung aus Stahl ist verchromt Obere Anbringung: 1 1\/8\u2033 (28mm) Nuss, 5\/8\u2033 (28mm) Zapfen, 3\/8\u2033 Schraube Anbringung (Boden):\u00a01 1\/8\u2033 (28mm) Zapfen \u00a0<\/p>\n","protected":false},"featured_media":4725,"template":"","meta":[],"product_cat":[151,165],"product_tag":[],"class_list":{"0":"post-4568","1":"product","2":"type-product","3":"status-publish","4":"has-post-thumbnail","6":"product_cat-lampenstative","7":"product_cat-lampenstative-de","9":"first","10":"instock","11":"shipping-taxable","12":"purchasable","13":"product-type-simple"},"_links":{"self":[{"href":"https:\/\/palmaequipmentrental.com\/de\/wp-json\/wp\/v2\/product\/4568","targetHints":{"allow":["GET"]}}],"collection":[{"href":"https:\/\/palmaequipmentrental.com\/de\/wp-json\/wp\/v2\/product"}],"about":[{"href":"https:\/\/palmaequipmentrental.com\/de\/wp-json\/wp\/v2\/types\/product"}],"wp:featuredmedia":[{"embeddable":true,"href":"https:\/\/palmaequipmentrental.com\/de\/wp-json\/wp\/v2\/media\/4725"}],"wp:attachment":[{"href":"https:\/\/palmaequipmentrental.com\/de\/wp-json\/wp\/v2\/media?parent=4568"}],"wp:term":[{"taxonomy":"product_cat","embeddable":true,"href":"https:\/\/palmaequipmentrental.com\/de\/wp-json\/wp\/v2\/product_cat?post=4568"},{"taxonomy":"product_tag","embeddable":true,"href":"https:\/\/palmaequipmentrental.com\/de\/wp-json\/wp\/v2\/product_tag?post=4568"}],"curies":[{"name":"wp","href":"https:\/\/api.w.org\/{rel}","templated":true}]}}