{"id":4570,"date":"2018-06-26T08:25:33","date_gmt":"2018-06-26T08:25:33","guid":{"rendered":"http:\/\/www.palmaequipmentrental.com\/product\/uncategorized\/manfrotto-405-3-way-head\/"},"modified":"2022-08-05T11:42:08","modified_gmt":"2022-08-05T11:42:08","slug":"manfrotto-405-3-way-head","status":"publish","type":"product","link":"https:\/\/palmaequipmentrental.com\/de\/photo-video-equipment-mallorca\/manfrotto-405-3-way-head\/","title":{"rendered":"Manfrotto 405 Getriebeneiger"},"content":{"rendered":"<p><strong>Manfrotto 405 Getriebestativkopf<\/strong><\/p>\n<p>Die gro\u00dfen ergonomischen Drehkn\u00f6pfe erm\u00f6glichen gleichm\u00e4\u00dfige und pr\u00e4zise Kamerabewegungen (360\u00b0 Panorama, +90\u00b0 bis -30\u00b0 frontale und seitliche Neigung). Sie sorgen f\u00fcr einen hohen Durchsatz pr\u00e4ziser Aufnahmen. Das innovative Design des Stativkopfes erlaubt das zeitweise L\u00f6sen der Getriebe zur Grobeinstellung von Hand. Danach werden die Getriebe wieder aktiviert, um letzte Feineinstellungen vorzunehmen.<\/p>\n<ul>\n<li>Benutzerfr. Drehkn\u00f6pfe sorgen f\u00fcr leichte Bewegungssteuerung<\/li>\n<li>Nivellierlibelle f\u00fcr die pr\u00e4zise Einstellung des Bildausschnitts<\/li>\n<li>Verriegelungssystem erm\u00f6glicht Grob- und Feineinstellungen<\/li>\n<li>Spez. Drehkn\u00f6pfe zur hochpr\u00e4zisen Positionseinstellung<\/li>\n<li>Gewicht: 1,6 kg<\/li>\n<li>Basis-Durchmesser: 60 mm<\/li>\n<li>Vordere Neigung: -30\u00b0 \/ +90\u00b0<\/li>\n<li>Sicherheitsnutzlast Gewicht: 7,5 kg<\/li>\n<\/ul>\n","protected":false},"excerpt":{"rendered":"<p>Manfrotto 405 Getriebestativkopf Die gro\u00dfen ergonomischen Drehkn\u00f6pfe erm\u00f6glichen gleichm\u00e4\u00dfige und pr\u00e4zise Kamerabewegungen (360\u00b0 Panorama, +90\u00b0 bis -30\u00b0 frontale und seitliche Neigung). Sie sorgen f\u00fcr einen hohen Durchsatz pr\u00e4ziser Aufnahmen. Das innovative Design des Stativkopfes erlaubt das zeitweise L\u00f6sen der Getriebe zur Grobeinstellung von Hand. Danach werden die Getriebe wieder aktiviert, um letzte Feineinstellungen vorzunehmen. Benutzerfr. Drehkn\u00f6pfe sorgen f\u00fcr leichte Bewegungssteuerung [&hellip;]<\/p>\n","protected":false},"featured_media":9742,"template":"","meta":[],"product_cat":[144],"product_tag":[],"class_list":{"0":"post-4570","1":"product","2":"type-product","3":"status-publish","4":"has-post-thumbnail","6":"product_cat-kamerastative","8":"first","9":"instock","10":"shipping-taxable","11":"purchasable","12":"product-type-simple"},"_links":{"self":[{"href":"https:\/\/palmaequipmentrental.com\/de\/wp-json\/wp\/v2\/product\/4570","targetHints":{"allow":["GET"]}}],"collection":[{"href":"https:\/\/palmaequipmentrental.com\/de\/wp-json\/wp\/v2\/product"}],"about":[{"href":"https:\/\/palmaequipmentrental.com\/de\/wp-json\/wp\/v2\/types\/product"}],"wp:featuredmedia":[{"embeddable":true,"href":"https:\/\/palmaequipmentrental.com\/de\/wp-json\/wp\/v2\/media\/9742"}],"wp:attachment":[{"href":"https:\/\/palmaequipmentrental.com\/de\/wp-json\/wp\/v2\/media?parent=4570"}],"wp:term":[{"taxonomy":"product_cat","embeddable":true,"href":"https:\/\/palmaequipmentrental.com\/de\/wp-json\/wp\/v2\/product_cat?post=4570"},{"taxonomy":"product_tag","embeddable":true,"href":"https:\/\/palmaequipmentrental.com\/de\/wp-json\/wp\/v2\/product_tag?post=4570"}],"curies":[{"name":"wp","href":"https:\/\/api.w.org\/{rel}","templated":true}]}}