{"id":4572,"date":"2018-06-22T10:27:41","date_gmt":"2018-06-22T10:27:41","guid":{"rendered":"http:\/\/www.palmaequipmentrental.com\/product\/uncategorized\/manfrotto-161mk2b-tripod\/"},"modified":"2023-10-05T14:32:02","modified_gmt":"2023-10-05T14:32:02","slug":"manfrotto-161mk2b-tripod","status":"publish","type":"product","link":"https:\/\/palmaequipmentrental.com\/de\/photo-video-equipment-mallorca\/manfrotto-161mk2b-tripod\/","title":{"rendered":"Manfrotto 161MK2B Kamera Stativ"},"content":{"rendered":"<p>Unsere<strong> Manfrotto 161MK2B Kamera Stativ<\/strong><\/p>\n<p>F\u00fcgen Sie einen Kopf Ihrer Wahl hinzu:<\/p>\n<ul>\n<li>Manfrotto 229 3-Wege Kopf.<\/li>\n<li>Manfrotto 808RC4 3-Wege Kopf.<\/li>\n<li>Manfrotto Kugelkopf.<\/li>\n<li>Manfrotto 405 Getriebeneiger.<\/li>\n<\/ul>\n<p>Es tr\u00e4gt Kameras bis zu 20kg und erreicht eine maximale Arbeitsh\u00f6he von 2,67m. Auch die Minimalh\u00f6he mit 44cm ist herausragend. Die Mittels\u00e4ule wurde mit einer R\u00fccklaufsperre ausger\u00fcstet. Auch die Minimalh\u00f6he mit 44cm ist herausragend. Die Mittels\u00e4ule wurde mit einer R\u00fccklaufsperre ausger\u00fcstet. Diese l\u00f6st sich automatisch, wenn die S\u00e4ule heruntergekurbelt wird. Eine zus\u00e4tzliche Blockierschraube sorgt f\u00fcr einen perfekten Halt. Das Stativ ist mit dem patentierten Manfrotto-Mittelstrebensystem ausger\u00fcstet, das f\u00fcr jedes Bein einen frei einstellbaren Anstellwinkel erlaubt und zus\u00e4tzliche Stabilit\u00e4t verleiht. Eine eingebaute Nivellierlibelle sowie Gummi-F\u00fc\u00dfe mit herausdrehbaren Spikes geh\u00f6ren zur Standardausr\u00fcstung dieses bemerkenswerten Stativs.<\/p>\n<ul>\n<li>Maximale H\u00f6he 267 cm<\/li>\n<li>Minimale H\u00f6he 44 cm<\/li>\n<li>Gewicht 9 kg<\/li>\n<li>Sicherheit Nutzlast Gewicht 20 kg<\/li>\n<\/ul>\n","protected":false},"excerpt":{"rendered":"<p>Unsere Manfrotto 161MK2B Kamera Stativ F\u00fcgen Sie einen Kopf Ihrer Wahl hinzu: Manfrotto 229 3-Wege Kopf. Manfrotto 808RC4 3-Wege Kopf. Manfrotto Kugelkopf. Manfrotto 405 Getriebeneiger. Es tr\u00e4gt Kameras bis zu 20kg und erreicht eine maximale Arbeitsh\u00f6he von 2,67m. Auch die Minimalh\u00f6he mit 44cm ist herausragend. Die Mittels\u00e4ule wurde mit einer R\u00fccklaufsperre ausger\u00fcstet. Auch die Minimalh\u00f6he mit 44cm ist herausragend. Die [&hellip;]<\/p>\n","protected":false},"featured_media":9764,"template":"","meta":[],"product_cat":[144],"product_tag":[],"class_list":{"0":"post-4572","1":"product","2":"type-product","3":"status-publish","4":"has-post-thumbnail","6":"product_cat-kamerastative","8":"first","9":"instock","10":"shipping-taxable","11":"purchasable","12":"product-type-simple"},"_links":{"self":[{"href":"https:\/\/palmaequipmentrental.com\/de\/wp-json\/wp\/v2\/product\/4572","targetHints":{"allow":["GET"]}}],"collection":[{"href":"https:\/\/palmaequipmentrental.com\/de\/wp-json\/wp\/v2\/product"}],"about":[{"href":"https:\/\/palmaequipmentrental.com\/de\/wp-json\/wp\/v2\/types\/product"}],"wp:featuredmedia":[{"embeddable":true,"href":"https:\/\/palmaequipmentrental.com\/de\/wp-json\/wp\/v2\/media\/9764"}],"wp:attachment":[{"href":"https:\/\/palmaequipmentrental.com\/de\/wp-json\/wp\/v2\/media?parent=4572"}],"wp:term":[{"taxonomy":"product_cat","embeddable":true,"href":"https:\/\/palmaequipmentrental.com\/de\/wp-json\/wp\/v2\/product_cat?post=4572"},{"taxonomy":"product_tag","embeddable":true,"href":"https:\/\/palmaequipmentrental.com\/de\/wp-json\/wp\/v2\/product_tag?post=4572"}],"curies":[{"name":"wp","href":"https:\/\/api.w.org\/{rel}","templated":true}]}}