{"id":4576,"date":"2018-06-22T08:36:52","date_gmt":"2018-06-22T08:36:52","guid":{"rendered":"http:\/\/www.palmaequipmentrental.com\/product\/uncategorized\/chimera-30-lantern-softbox\/"},"modified":"2023-02-22T16:27:22","modified_gmt":"2023-02-22T16:27:22","slug":"chimera-30-lantern-softbox","status":"publish","type":"product","link":"https:\/\/palmaequipmentrental.com\/de\/photo-video-equipment-mallorca\/chimera-30-lantern-softbox\/","title":{"rendered":"Chimera 30&#8243; Lantern Softbox"},"content":{"rendered":"<p><strong>Chimera Laterne 30&#8243; Softbox mit Sockel.<\/strong><br \/>\nWird mit einem schwarzen Sockel geliefert, der eine bessere Steuerung der Lichtabgabe Ihrer Leuchte erm\u00f6glicht.<\/p>\n<p>Lantern Softboxen werden von Fotografen, Filmemachern und Videofilmern verwendet, um ganze R\u00e4ume mit weichem, gleichm\u00e4\u00dfigem Licht zu beleuchten. Die Chimera 30&#8243;-Laterne ist ideal f\u00fcr tragbare, omnidirektionale weiche Beleuchtung und beliebt f\u00fcr die gleichm\u00e4\u00dfige Ausleuchtung von Interviews an runden Tischen.<\/p>\n<ul>\n<li>Durchmesser: 76cm\/30&#8243;<\/li>\n<\/ul>\n","protected":false},"excerpt":{"rendered":"<p>Chimera Laterne 30&#8243; Softbox mit Sockel. Wird mit einem schwarzen Sockel geliefert, der eine bessere Steuerung der Lichtabgabe Ihrer Leuchte erm\u00f6glicht. Lantern Softboxen werden von Fotografen, Filmemachern und Videofilmern verwendet, um ganze R\u00e4ume mit weichem, gleichm\u00e4\u00dfigem Licht zu beleuchten. Die Chimera 30&#8243;-Laterne ist ideal f\u00fcr tragbare, omnidirektionale weiche Beleuchtung und beliebt f\u00fcr die gleichm\u00e4\u00dfige Ausleuchtung von Interviews an runden Tischen. [&hellip;]<\/p>\n","protected":false},"featured_media":12698,"template":"","meta":[],"product_cat":[135],"product_tag":[],"class_list":{"0":"post-4576","1":"product","2":"type-product","3":"status-publish","4":"has-post-thumbnail","6":"product_cat-softboxen","8":"first","9":"instock","10":"shipping-taxable","11":"purchasable","12":"product-type-simple"},"_links":{"self":[{"href":"https:\/\/palmaequipmentrental.com\/de\/wp-json\/wp\/v2\/product\/4576","targetHints":{"allow":["GET"]}}],"collection":[{"href":"https:\/\/palmaequipmentrental.com\/de\/wp-json\/wp\/v2\/product"}],"about":[{"href":"https:\/\/palmaequipmentrental.com\/de\/wp-json\/wp\/v2\/types\/product"}],"wp:featuredmedia":[{"embeddable":true,"href":"https:\/\/palmaequipmentrental.com\/de\/wp-json\/wp\/v2\/media\/12698"}],"wp:attachment":[{"href":"https:\/\/palmaequipmentrental.com\/de\/wp-json\/wp\/v2\/media?parent=4576"}],"wp:term":[{"taxonomy":"product_cat","embeddable":true,"href":"https:\/\/palmaequipmentrental.com\/de\/wp-json\/wp\/v2\/product_cat?post=4576"},{"taxonomy":"product_tag","embeddable":true,"href":"https:\/\/palmaequipmentrental.com\/de\/wp-json\/wp\/v2\/product_tag?post=4576"}],"curies":[{"name":"wp","href":"https:\/\/api.w.org\/{rel}","templated":true}]}}