{"id":4578,"date":"2018-06-22T08:12:07","date_gmt":"2018-06-22T08:12:07","guid":{"rendered":"http:\/\/www.palmaequipmentrental.com\/product\/uncategorized\/fg-dimmer-3000w\/"},"modified":"2023-02-14T13:24:45","modified_gmt":"2023-02-14T13:24:45","slug":"fg-dimmer-3000w","status":"publish","type":"product","link":"https:\/\/palmaequipmentrental.com\/de\/photo-video-equipment-mallorca\/fg-dimmer-3000w\/","title":{"rendered":"FG Universaldimmer 3000w"},"content":{"rendered":"<p><strong>FG-Elektronik Universal-Dimmer f\u00fcr ohmsche Lasten bis 3000W speziell f\u00fcr professionelle Beleuchtungen.<\/strong><\/p>\n<p>Variable Einstellung der Ausgangsspannung (10 &#8211; 230V) \u00fcber Drehpotentiometer, mit Schuko-Ein-\/Ausgangsbuchse ad DMX &#8211; 230VAC.<\/p>\n<p><strong>Eigenschaften:<\/strong><\/p>\n<ul>\n<li>Ein\/Aus-Schalter<\/li>\n<li>Ausgangsleistung: max. 3000W<\/li>\n<li>Frequenz: 43 &#8211; 70 Hz<\/li>\n<li>Ausgangsstrom: max. 13A<\/li>\n<li>Steuerprinzip: Phasenanschnittsteuerung<\/li>\n<li>Anschl\u00fcsse: 2 Meter Netzkabel mit Schutzkontaktstecker, Schutzkontaktsteckdose mit Klappdeckel<\/li>\n<li>Abmessungen: 214x105x97mm<\/li>\n<\/ul>\n","protected":false},"excerpt":{"rendered":"<p>FG-Elektronik Universal-Dimmer f\u00fcr ohmsche Lasten bis 3000W speziell f\u00fcr professionelle Beleuchtungen. Variable Einstellung der Ausgangsspannung (10 &#8211; 230V) \u00fcber Drehpotentiometer, mit Schuko-Ein-\/Ausgangsbuchse ad DMX &#8211; 230VAC. Eigenschaften: Ein\/Aus-Schalter Ausgangsleistung: max. 3000W Frequenz: 43 &#8211; 70 Hz Ausgangsstrom: max. 13A Steuerprinzip: Phasenanschnittsteuerung Anschl\u00fcsse: 2 Meter Netzkabel mit Schutzkontaktstecker, Schutzkontaktsteckdose mit Klappdeckel Abmessungen: 214x105x97mm<\/p>\n","protected":false},"featured_media":12497,"template":"","meta":[],"product_cat":[723,161],"product_tag":[],"class_list":{"0":"post-4578","1":"product","2":"type-product","3":"status-publish","4":"has-post-thumbnail","6":"product_cat-tungsten-2-de","7":"product_cat-kunstlicht-de","9":"first","10":"instock","11":"shipping-taxable","12":"purchasable","13":"product-type-simple"},"_links":{"self":[{"href":"https:\/\/palmaequipmentrental.com\/de\/wp-json\/wp\/v2\/product\/4578","targetHints":{"allow":["GET"]}}],"collection":[{"href":"https:\/\/palmaequipmentrental.com\/de\/wp-json\/wp\/v2\/product"}],"about":[{"href":"https:\/\/palmaequipmentrental.com\/de\/wp-json\/wp\/v2\/types\/product"}],"wp:featuredmedia":[{"embeddable":true,"href":"https:\/\/palmaequipmentrental.com\/de\/wp-json\/wp\/v2\/media\/12497"}],"wp:attachment":[{"href":"https:\/\/palmaequipmentrental.com\/de\/wp-json\/wp\/v2\/media?parent=4578"}],"wp:term":[{"taxonomy":"product_cat","embeddable":true,"href":"https:\/\/palmaequipmentrental.com\/de\/wp-json\/wp\/v2\/product_cat?post=4578"},{"taxonomy":"product_tag","embeddable":true,"href":"https:\/\/palmaequipmentrental.com\/de\/wp-json\/wp\/v2\/product_tag?post=4578"}],"curies":[{"name":"wp","href":"https:\/\/api.w.org\/{rel}","templated":true}]}}