{"id":4580,"date":"2018-06-26T08:45:20","date_gmt":"2018-06-26T08:45:20","guid":{"rendered":"http:\/\/www.palmaequipmentrental.com\/product\/uncategorized\/einhell-dhg-200-heater\/"},"modified":"2023-01-23T13:45:08","modified_gmt":"2023-01-23T13:45:08","slug":"einhell-dhg-200-heater","status":"publish","type":"product","link":"https:\/\/palmaequipmentrental.com\/de\/photo-video-equipment-mallorca\/einhell-dhg-200-heater\/","title":{"rendered":"Einhell DHG 200 Heizgebl\u00e4se"},"content":{"rendered":"<p>Der <strong>Einhell Diesel-Hei\u00dflufterzeuger DHG 200<\/strong> ist ideal f\u00fcr die punktuelle Beheizung von gut bel\u00fcfteten Arbeitspl\u00e4tzen und \u00e4hnlichen Anwendungen. Der eingebaute Brennstofftank muss lediglich mit Diesel bef\u00fcllt und an das 230 V-Netz angeschlossen werden. Elektrische Z\u00fcndung, eingebauter einstellbarer Thermostat, Tankanzeige, St\u00f6rungsanzeige, Manometer f\u00fcr Pumpendruck, Ein-\/Ausschalter, Flammen\u00fcberwachung durch Fotozelle, \u00dcberhitzungsschutz.<\/p>\n<ul>\n<li>Heizleistung: 20 kW<\/li>\n<li>Warmluftdurchsatz (CFM): 400 m\u00b3\/h<\/li>\n<li>Max. Austrittstemperatur: 393 \u00b0C<\/li>\n<li>Fassungsverm\u00f6gen: 19 Liter<\/li>\n<li>Art des Kraftstoffs: Diesel<\/li>\n<li>Gesamtkraftstoffverbrauch: 2 L\/h<\/li>\n<li>Max. Laufzeit: 540 min<\/li>\n<li>Netzanschluss (Gebl\u00e4se): 230 V | 50 Hz<\/li>\n<li>Abmessungen: 76 cm x 30,5 cm x 38 cm<\/li>\n<li>Produktgewicht: 12,3 kg<\/li>\n<\/ul>\n","protected":false},"excerpt":{"rendered":"<p>Der Einhell Diesel-Hei\u00dflufterzeuger DHG 200 ist ideal f\u00fcr die punktuelle Beheizung von gut bel\u00fcfteten Arbeitspl\u00e4tzen und \u00e4hnlichen Anwendungen. Der eingebaute Brennstofftank muss lediglich mit Diesel bef\u00fcllt und an das 230 V-Netz angeschlossen werden. Elektrische Z\u00fcndung, eingebauter einstellbarer Thermostat, Tankanzeige, St\u00f6rungsanzeige, Manometer f\u00fcr Pumpendruck, Ein-\/Ausschalter, Flammen\u00fcberwachung durch Fotozelle, \u00dcberhitzungsschutz. Heizleistung: 20 kW Warmluftdurchsatz (CFM): 400 m\u00b3\/h Max. Austrittstemperatur: 393 \u00b0C Fassungsverm\u00f6gen: [&hellip;]<\/p>\n","protected":false},"featured_media":4524,"template":"","meta":[],"product_cat":[125],"product_tag":[],"class_list":{"0":"post-4580","1":"product","2":"type-product","3":"status-publish","4":"has-post-thumbnail","6":"product_cat-produktion-de","8":"first","9":"instock","10":"shipping-taxable","11":"purchasable","12":"product-type-simple"},"_links":{"self":[{"href":"https:\/\/palmaequipmentrental.com\/de\/wp-json\/wp\/v2\/product\/4580","targetHints":{"allow":["GET"]}}],"collection":[{"href":"https:\/\/palmaequipmentrental.com\/de\/wp-json\/wp\/v2\/product"}],"about":[{"href":"https:\/\/palmaequipmentrental.com\/de\/wp-json\/wp\/v2\/types\/product"}],"wp:featuredmedia":[{"embeddable":true,"href":"https:\/\/palmaequipmentrental.com\/de\/wp-json\/wp\/v2\/media\/4524"}],"wp:attachment":[{"href":"https:\/\/palmaequipmentrental.com\/de\/wp-json\/wp\/v2\/media?parent=4580"}],"wp:term":[{"taxonomy":"product_cat","embeddable":true,"href":"https:\/\/palmaequipmentrental.com\/de\/wp-json\/wp\/v2\/product_cat?post=4580"},{"taxonomy":"product_tag","embeddable":true,"href":"https:\/\/palmaequipmentrental.com\/de\/wp-json\/wp\/v2\/product_tag?post=4580"}],"curies":[{"name":"wp","href":"https:\/\/api.w.org\/{rel}","templated":true}]}}