{"id":4582,"date":"2018-06-22T07:43:45","date_gmt":"2018-06-22T07:43:45","guid":{"rendered":"http:\/\/www.palmaequipmentrental.com\/product\/uncategorized\/arri-studio-2000w-fresnel\/"},"modified":"2023-02-17T12:48:35","modified_gmt":"2023-02-17T12:48:35","slug":"arri-studio-2000w-fresnel","status":"publish","type":"product","link":"https:\/\/palmaequipmentrental.com\/de\/photo-video-equipment-mallorca\/arri-studio-2000w-fresnel\/","title":{"rendered":"ARRI 2000w Fresnel"},"content":{"rendered":"<p><strong>Arri STUDIO 2000 Watt Stand Mount Tungsten Fresnel.<\/strong><\/p>\n<ul>\n<li>Der B\u00fcgel dieses Ger\u00e4ts l\u00e4sst sich an Stativen mit 1-1\/8&#8243;-Buchsen befestigen.<\/li>\n<\/ul>\n","protected":false},"excerpt":{"rendered":"<p>Arri STUDIO 2000 Watt Stand Mount Tungsten Fresnel. Der B\u00fcgel dieses Ger\u00e4ts l\u00e4sst sich an Stativen mit 1-1\/8&#8243;-Buchsen befestigen.<\/p>\n","protected":false},"featured_media":12626,"template":"","meta":[],"product_cat":[723,161],"product_tag":[],"class_list":{"0":"post-4582","1":"product","2":"type-product","3":"status-publish","4":"has-post-thumbnail","6":"product_cat-tungsten-2-de","7":"product_cat-kunstlicht-de","9":"first","10":"instock","11":"shipping-taxable","12":"purchasable","13":"product-type-simple"},"_links":{"self":[{"href":"https:\/\/palmaequipmentrental.com\/de\/wp-json\/wp\/v2\/product\/4582","targetHints":{"allow":["GET"]}}],"collection":[{"href":"https:\/\/palmaequipmentrental.com\/de\/wp-json\/wp\/v2\/product"}],"about":[{"href":"https:\/\/palmaequipmentrental.com\/de\/wp-json\/wp\/v2\/types\/product"}],"wp:featuredmedia":[{"embeddable":true,"href":"https:\/\/palmaequipmentrental.com\/de\/wp-json\/wp\/v2\/media\/12626"}],"wp:attachment":[{"href":"https:\/\/palmaequipmentrental.com\/de\/wp-json\/wp\/v2\/media?parent=4582"}],"wp:term":[{"taxonomy":"product_cat","embeddable":true,"href":"https:\/\/palmaequipmentrental.com\/de\/wp-json\/wp\/v2\/product_cat?post=4582"},{"taxonomy":"product_tag","embeddable":true,"href":"https:\/\/palmaequipmentrental.com\/de\/wp-json\/wp\/v2\/product_tag?post=4582"}],"curies":[{"name":"wp","href":"https:\/\/api.w.org\/{rel}","templated":true}]}}