{"id":4584,"date":"2018-06-22T07:27:00","date_gmt":"2018-06-22T07:27:00","guid":{"rendered":"http:\/\/www.palmaequipmentrental.com\/product\/uncategorized\/arri-650w-fresnel\/"},"modified":"2023-02-17T11:50:46","modified_gmt":"2023-02-17T11:50:46","slug":"arri-650w-fresnel","status":"publish","type":"product","link":"https:\/\/palmaequipmentrental.com\/de\/photo-video-equipment-mallorca\/arri-650w-fresnel\/","title":{"rendered":"ARRI 650w Fresnel"},"content":{"rendered":"<p>Der <strong>starke Arri 650 Watt Plus Tungsten Fresnel<\/strong> verf\u00fcgt \u00fcber eine sanfte Fokussierung und einen hellen, gleichm\u00e4\u00dfigen Strahl.<\/p>\n<ul>\n<li>Der Abstrahlwinkel betr\u00e4gt in der Flood-Position 52\u00b0,<\/li>\n<li>Der Abstrahlwinkel in der Spot-Position betr\u00e4gt 14,5\u00b0.<\/li>\n<\/ul>\n","protected":false},"excerpt":{"rendered":"<p>Der starke Arri 650 Watt Plus Tungsten Fresnel verf\u00fcgt \u00fcber eine sanfte Fokussierung und einen hellen, gleichm\u00e4\u00dfigen Strahl. Der Abstrahlwinkel betr\u00e4gt in der Flood-Position 52\u00b0, Der Abstrahlwinkel in der Spot-Position betr\u00e4gt 14,5\u00b0.<\/p>\n","protected":false},"featured_media":12617,"template":"","meta":[],"product_cat":[723,161],"product_tag":[],"class_list":{"0":"post-4584","1":"product","2":"type-product","3":"status-publish","4":"has-post-thumbnail","6":"product_cat-tungsten-2-de","7":"product_cat-kunstlicht-de","9":"first","10":"instock","11":"shipping-taxable","12":"purchasable","13":"product-type-simple"},"_links":{"self":[{"href":"https:\/\/palmaequipmentrental.com\/de\/wp-json\/wp\/v2\/product\/4584","targetHints":{"allow":["GET"]}}],"collection":[{"href":"https:\/\/palmaequipmentrental.com\/de\/wp-json\/wp\/v2\/product"}],"about":[{"href":"https:\/\/palmaequipmentrental.com\/de\/wp-json\/wp\/v2\/types\/product"}],"wp:featuredmedia":[{"embeddable":true,"href":"https:\/\/palmaequipmentrental.com\/de\/wp-json\/wp\/v2\/media\/12617"}],"wp:attachment":[{"href":"https:\/\/palmaequipmentrental.com\/de\/wp-json\/wp\/v2\/media?parent=4584"}],"wp:term":[{"taxonomy":"product_cat","embeddable":true,"href":"https:\/\/palmaequipmentrental.com\/de\/wp-json\/wp\/v2\/product_cat?post=4584"},{"taxonomy":"product_tag","embeddable":true,"href":"https:\/\/palmaequipmentrental.com\/de\/wp-json\/wp\/v2\/product_tag?post=4584"}],"curies":[{"name":"wp","href":"https:\/\/api.w.org\/{rel}","templated":true}]}}