{"id":4586,"date":"2018-06-21T10:39:26","date_gmt":"2018-06-21T10:39:26","guid":{"rendered":"http:\/\/www.palmaequipmentrental.com\/product\/uncategorized\/arri-300w-fresnel\/"},"modified":"2023-02-17T11:41:09","modified_gmt":"2023-02-17T11:41:09","slug":"arri-300w-fresnel","status":"publish","type":"product","link":"https:\/\/palmaequipmentrental.com\/de\/photo-video-equipment-mallorca\/arri-300w-fresnel\/","title":{"rendered":"ARRI 300w Fresnel"},"content":{"rendered":"<p>Der <strong>Arri Junior plus 300 Watt Tungsten Plus Fresnel<\/strong> wurde entwickelt, um so viel Licht wie m\u00f6glich zu sammeln und es durch die 3,2&#8243; (80 mm) Borosillikat-Fresnel-Linse mit geringer Ausdehnung zu leiten, wodurch ein weiches, gleichm\u00e4\u00dfiges Lichtfeld erzeugt wird.<\/p>\n<ul>\n<li>Der B\u00fcgel erm\u00f6glicht die Befestigung an jedem 5\/8&#8243;-Bolzen.<\/li>\n<li>Der Abstrahlwinkel betr\u00e4gt in der Flood-Position 49\u00b0 und in der Spot-Position nur 15\u00b0.<\/li>\n<\/ul>\n","protected":false},"excerpt":{"rendered":"<p>Der Arri Junior plus 300 Watt Tungsten Plus Fresnel wurde entwickelt, um so viel Licht wie m\u00f6glich zu sammeln und es durch die 3,2&#8243; (80 mm) Borosillikat-Fresnel-Linse mit geringer Ausdehnung zu leiten, wodurch ein weiches, gleichm\u00e4\u00dfiges Lichtfeld erzeugt wird. Der B\u00fcgel erm\u00f6glicht die Befestigung an jedem 5\/8&#8243;-Bolzen. Der Abstrahlwinkel betr\u00e4gt in der Flood-Position 49\u00b0 und in der Spot-Position nur 15\u00b0.<\/p>\n","protected":false},"featured_media":12612,"template":"","meta":[],"product_cat":[723,161],"product_tag":[],"class_list":{"0":"post-4586","1":"product","2":"type-product","3":"status-publish","4":"has-post-thumbnail","6":"product_cat-tungsten-2-de","7":"product_cat-kunstlicht-de","9":"first","10":"instock","11":"shipping-taxable","12":"purchasable","13":"product-type-simple"},"_links":{"self":[{"href":"https:\/\/palmaequipmentrental.com\/de\/wp-json\/wp\/v2\/product\/4586","targetHints":{"allow":["GET"]}}],"collection":[{"href":"https:\/\/palmaequipmentrental.com\/de\/wp-json\/wp\/v2\/product"}],"about":[{"href":"https:\/\/palmaequipmentrental.com\/de\/wp-json\/wp\/v2\/types\/product"}],"wp:featuredmedia":[{"embeddable":true,"href":"https:\/\/palmaequipmentrental.com\/de\/wp-json\/wp\/v2\/media\/12612"}],"wp:attachment":[{"href":"https:\/\/palmaequipmentrental.com\/de\/wp-json\/wp\/v2\/media?parent=4586"}],"wp:term":[{"taxonomy":"product_cat","embeddable":true,"href":"https:\/\/palmaequipmentrental.com\/de\/wp-json\/wp\/v2\/product_cat?post=4586"},{"taxonomy":"product_tag","embeddable":true,"href":"https:\/\/palmaequipmentrental.com\/de\/wp-json\/wp\/v2\/product_tag?post=4586"}],"curies":[{"name":"wp","href":"https:\/\/api.w.org\/{rel}","templated":true}]}}