{"id":4786,"date":"2017-09-05T10:48:57","date_gmt":"2017-09-05T10:48:57","guid":{"rendered":"http:\/\/www.palmaequipmentrental.com\/product\/unkategorisiert\/sunbounce-clamp\/"},"modified":"2022-08-10T09:47:24","modified_gmt":"2022-08-10T09:47:24","slug":"sunbounce-clamp","status":"publish","type":"product","link":"https:\/\/palmaequipmentrental.com\/de\/photo-video-equipment-mallorca\/sunbounce-clamp\/","title":{"rendered":"Sunbounce Grip Head"},"content":{"rendered":"<p><strong>Sunbounce Grip Head Enterprise<\/strong> (710-200-CS)<\/p>\n<p>Mit den Grip-Heads Enterprise lassen sich fast alle der modularen und mobilen SUNBOUNCE-Rahmen problemlos miteinander verbinden und erweitern. Das einzigartige Design erm\u00f6glicht sicheren und festen Halt an den d\u00fcnnen Aluminium-Rohren, ohne dass diese besch\u00e4digt werden.<\/p>\n<p><strong>Merkmale<\/strong><\/p>\n<ul>\n<li>Geeignet f\u00fcr Rohre mit 22mm und 25mm Durchmesser (Nicht geeignet f\u00fcr SUN-SWATTER!)<\/li>\n<li>Hergestellt aus hochwertigem Aluminium<\/li>\n<li>Lange Klemmen erm\u00f6glichen sicheren Halt<\/li>\n<\/ul>\n","protected":false},"excerpt":{"rendered":"<p>Sunbounce Grip Head Enterprise (710-200-CS) Mit den Grip-Heads Enterprise lassen sich fast alle der modularen und mobilen SUNBOUNCE-Rahmen problemlos miteinander verbinden und erweitern. Das einzigartige Design erm\u00f6glicht sicheren und festen Halt an den d\u00fcnnen Aluminium-Rohren, ohne dass diese besch\u00e4digt werden. Merkmale Geeignet f\u00fcr Rohre mit 22mm und 25mm Durchmesser (Nicht geeignet f\u00fcr SUN-SWATTER!) Hergestellt aus hochwertigem Aluminium Lange Klemmen erm\u00f6glichen [&hellip;]<\/p>\n","protected":false},"featured_media":4938,"template":"","meta":[],"product_cat":[278,279,152,166],"product_tag":[],"class_list":{"0":"post-4786","1":"product","2":"type-product","3":"status-publish","4":"has-post-thumbnail","6":"product_cat-sunbounce-de","7":"product_cat-sunbounce-2-de","8":"product_cat-klemme","9":"product_cat-klemme-de","11":"first","12":"instock","13":"shipping-taxable","14":"purchasable","15":"product-type-simple"},"_links":{"self":[{"href":"https:\/\/palmaequipmentrental.com\/de\/wp-json\/wp\/v2\/product\/4786","targetHints":{"allow":["GET"]}}],"collection":[{"href":"https:\/\/palmaequipmentrental.com\/de\/wp-json\/wp\/v2\/product"}],"about":[{"href":"https:\/\/palmaequipmentrental.com\/de\/wp-json\/wp\/v2\/types\/product"}],"wp:featuredmedia":[{"embeddable":true,"href":"https:\/\/palmaequipmentrental.com\/de\/wp-json\/wp\/v2\/media\/4938"}],"wp:attachment":[{"href":"https:\/\/palmaequipmentrental.com\/de\/wp-json\/wp\/v2\/media?parent=4786"}],"wp:term":[{"taxonomy":"product_cat","embeddable":true,"href":"https:\/\/palmaequipmentrental.com\/de\/wp-json\/wp\/v2\/product_cat?post=4786"},{"taxonomy":"product_tag","embeddable":true,"href":"https:\/\/palmaequipmentrental.com\/de\/wp-json\/wp\/v2\/product_tag?post=4786"}],"curies":[{"name":"wp","href":"https:\/\/api.w.org\/{rel}","templated":true}]}}