{"id":4797,"date":"2019-01-16T11:50:50","date_gmt":"2019-01-16T11:50:50","guid":{"rendered":"http:\/\/www.palmaequipmentrental.com\/?post_type=product&#038;p=4797"},"modified":"2022-09-02T11:29:27","modified_gmt":"2022-09-02T11:29:27","slug":"pro-widezoom-reflector","status":"publish","type":"product","link":"https:\/\/palmaequipmentrental.com\/de\/photo-video-equipment-mallorca\/pro-widezoom-reflector\/","title":{"rendered":"Pro WideZoom Reflektor"},"content":{"rendered":"<p>Der <strong>WideZoom Reflector<\/strong> hat viele Gemeinsamkeiten mit dem beliebten Magnum Reflector, er erzeugt aber eine noch breitere und auffallend gleichm\u00e4\u00dfige Lichtverteilung. Dank dieser einzigartigen Eigenschaften ist der WideZoom-Reflektor besonders bei Modefotografen beliebt, die ein knackiges, brillantes Hauptlicht oder eine vollkommen gleichm\u00e4\u00dfige Hintergrundbeleuchtung ben\u00f6tigen.<\/p>\n<p><strong>Merkmale<\/strong><\/p>\n<ul>\n<li>Ausgestattet mit der einzigartigen Zoom-Funktion von Profoto\u00a0\u2013 ver\u00e4ndern Sie die Lichtcharakteristik durch einfaches Vor-und Zur\u00fcckschieben der Vorrichtung am Blitzkopf.<\/li>\n<li>Einstellung des Leuchtwinkels von 40\u00b0\u00a0bis 80\u00b0 am ProHead.<\/li>\n<li>Max. Lichtleistung in 2\u00a0m Entfernung bei 2.400\u00a0Ws und ISO100: f\/64.6 (am ProHead).<\/li>\n<li>Erweitern Sie die vielseitigen Einsatzm\u00f6glichkeiten mit den optional erh\u00e4ltlichen Waben, um den Leuchtwinkel zu reduzieren.<\/li>\n<li>Ausgelegt auf viele Jahre des t\u00e4glichen Gebrauchs.<\/li>\n<\/ul>\n","protected":false},"excerpt":{"rendered":"<p>Der WideZoom Reflector hat viele Gemeinsamkeiten mit dem beliebten Magnum Reflector, er erzeugt aber eine noch breitere und auffallend gleichm\u00e4\u00dfige Lichtverteilung. Dank dieser einzigartigen Eigenschaften ist der WideZoom-Reflektor besonders bei Modefotografen beliebt, die ein knackiges, brillantes Hauptlicht oder eine vollkommen gleichm\u00e4\u00dfige Hintergrundbeleuchtung ben\u00f6tigen. Merkmale Ausgestattet mit der einzigartigen Zoom-Funktion von Profoto\u00a0\u2013 ver\u00e4ndern Sie die Lichtcharakteristik durch einfaches Vor-und Zur\u00fcckschieben der [&hellip;]<\/p>\n","protected":false},"featured_media":4893,"template":"","meta":[],"product_cat":[784],"product_tag":[],"class_list":{"0":"post-4797","1":"product","2":"type-product","3":"status-publish","4":"has-post-thumbnail","6":"product_cat-pro-lightformer","8":"first","9":"instock","10":"shipping-taxable","11":"purchasable","12":"product-type-simple"},"_links":{"self":[{"href":"https:\/\/palmaequipmentrental.com\/de\/wp-json\/wp\/v2\/product\/4797","targetHints":{"allow":["GET"]}}],"collection":[{"href":"https:\/\/palmaequipmentrental.com\/de\/wp-json\/wp\/v2\/product"}],"about":[{"href":"https:\/\/palmaequipmentrental.com\/de\/wp-json\/wp\/v2\/types\/product"}],"wp:featuredmedia":[{"embeddable":true,"href":"https:\/\/palmaequipmentrental.com\/de\/wp-json\/wp\/v2\/media\/4893"}],"wp:attachment":[{"href":"https:\/\/palmaequipmentrental.com\/de\/wp-json\/wp\/v2\/media?parent=4797"}],"wp:term":[{"taxonomy":"product_cat","embeddable":true,"href":"https:\/\/palmaequipmentrental.com\/de\/wp-json\/wp\/v2\/product_cat?post=4797"},{"taxonomy":"product_tag","embeddable":true,"href":"https:\/\/palmaequipmentrental.com\/de\/wp-json\/wp\/v2\/product_tag?post=4797"}],"curies":[{"name":"wp","href":"https:\/\/api.w.org\/{rel}","templated":true}]}}