{"id":4802,"date":"2019-01-16T11:57:14","date_gmt":"2019-01-16T11:57:14","guid":{"rendered":"http:\/\/www.palmaequipmentrental.com\/?post_type=product&#038;p=4802"},"modified":"2024-01-09T14:39:22","modified_gmt":"2024-01-09T14:39:22","slug":"junior-offset-arm","status":"publish","type":"product","link":"https:\/\/palmaequipmentrental.com\/de\/photo-video-equipment-mallorca\/junior-offset-arm\/","title":{"rendered":"Junior Offset Arm"},"content":{"rendered":"<p>Verbessere dein Setup mit dem Swan Neck, verf\u00fcgbar bei Palma Equipment Rental. Dieser Avenger SKU F100 Junior Offset Arm ist ein Schl\u00fcsselwerkzeug f\u00fcr Fotografen und Filmemacher in Palma de Mallorca und auf den Balearen, besonders n\u00fctzlich zum Ausgleichen von St\u00e4ndern, die schwere Rahmen in Mode- und Werbeshootings halten.<\/p>\n<p>Technische Details:<\/p>\n<ul>\n<li>Ideal zum Ausgleichen von St\u00e4ndern zur Unterst\u00fctzung schwerer Rahmen, gew\u00e4hrleistet Stabilit\u00e4t und Pr\u00e4zision.<\/li>\n<li>L\u00e4nge: 50 cm (19,6 Zoll), bietet eine betr\u00e4chtliche Reichweite.<\/li>\n<li>Verf\u00fcgt \u00fcber eine 28mm Buchse und einen Stift, geeignet f\u00fcr verschiedene Montagebed\u00fcrfnisse.<\/li>\n<li>Ideal zur Positionierung von Lichtern \u00fcber Hindernissen f\u00fcr eine bessere Ausleuchtung.<\/li>\n<\/ul>\n<p>Warum brauchst du es? Der Swan Neck ist unverzichtbar f\u00fcr das Erstellen ausgewogener und gut unterst\u00fctzter Setups, besonders beim Arbeiten mit schwereren Rahmen und Ausr\u00fcstungen.<\/p>\n<p>Bei Palma Equipment Rental verstehen wir die einzigartigen Anforderungen der professionellen Fotografie und Videografie. Der Swan Neck, zusammen mit unserer Auswahl an hochwertigen Ger\u00e4ten von Marken wie Canon und Nikon, ist Teil unseres Engagements, dich f\u00fcr den Erfolg auszustatten. Ob beim Drehen der lebendigen Atmosph\u00e4re von Ibiza oder der malerischen Aussichten von Formentera, unsere Ausr\u00fcstung, erg\u00e4nzt durch 24\/7 technischen Support, stellt sicher, dass du die richtigen Werkzeuge hast, um deine Vision makellos umzusetzen.<\/p>\n","protected":false},"excerpt":{"rendered":"<p>Verbessere dein Setup mit dem Swan Neck, verf\u00fcgbar bei Palma Equipment Rental. Dieser Avenger SKU F100 Junior Offset Arm ist ein Schl\u00fcsselwerkzeug f\u00fcr Fotografen und Filmemacher in Palma de Mallorca und auf den Balearen, besonders n\u00fctzlich zum Ausgleichen von St\u00e4ndern, die schwere Rahmen in Mode- und Werbeshootings halten. Technische Details: Ideal zum Ausgleichen von St\u00e4ndern zur Unterst\u00fctzung schwerer Rahmen, gew\u00e4hrleistet [&hellip;]<\/p>\n","protected":false},"featured_media":4899,"template":"","meta":[],"product_cat":[152,166],"product_tag":[],"class_list":{"0":"post-4802","1":"product","2":"type-product","3":"status-publish","4":"has-post-thumbnail","6":"product_cat-klemme","7":"product_cat-klemme-de","9":"first","10":"instock","11":"shipping-taxable","12":"purchasable","13":"product-type-simple"},"_links":{"self":[{"href":"https:\/\/palmaequipmentrental.com\/de\/wp-json\/wp\/v2\/product\/4802","targetHints":{"allow":["GET"]}}],"collection":[{"href":"https:\/\/palmaequipmentrental.com\/de\/wp-json\/wp\/v2\/product"}],"about":[{"href":"https:\/\/palmaequipmentrental.com\/de\/wp-json\/wp\/v2\/types\/product"}],"wp:featuredmedia":[{"embeddable":true,"href":"https:\/\/palmaequipmentrental.com\/de\/wp-json\/wp\/v2\/media\/4899"}],"wp:attachment":[{"href":"https:\/\/palmaequipmentrental.com\/de\/wp-json\/wp\/v2\/media?parent=4802"}],"wp:term":[{"taxonomy":"product_cat","embeddable":true,"href":"https:\/\/palmaequipmentrental.com\/de\/wp-json\/wp\/v2\/product_cat?post=4802"},{"taxonomy":"product_tag","embeddable":true,"href":"https:\/\/palmaequipmentrental.com\/de\/wp-json\/wp\/v2\/product_tag?post=4802"}],"curies":[{"name":"wp","href":"https:\/\/api.w.org\/{rel}","templated":true}]}}