{"id":4819,"date":"2019-01-16T12:23:51","date_gmt":"2019-01-16T12:23:51","guid":{"rendered":"http:\/\/www.palmaequipmentrental.com\/?post_type=product&#038;p=4819"},"modified":"2022-09-09T12:20:30","modified_gmt":"2022-09-09T12:20:30","slug":"gobo-arm-40","status":"publish","type":"product","link":"https:\/\/palmaequipmentrental.com\/de\/photo-video-equipment-mallorca\/gobo-arm-40\/","title":{"rendered":"Gobo Arm 40&#8243;"},"content":{"rendered":"<p><strong>Manfrotto Avenger D520 40&#8243; Extension Grip\u00a0Arm<\/strong> Verl\u00e4ngerung 102cm (AKA Gobo Arm oder Flag Arm)<\/p>\n<p>Dieser verchromte Stahlarm wird normalerweise auf St\u00e4ndern in Kombination mit einem Griffkopf (D200) verwendet und bietet einen erweiterten Griffpunkt f\u00fcr Scrims und Flaggen oder kleine Lichter.<\/p>\n<ul>\n<li>L\u00e4nge des Rohrs: 102cm\/40&#8243;<\/li>\n<li>Runde Lochdurchmesser am festen Griffkopf: 6,4, 9,5, 12,7 und 16 mm.<\/li>\n<\/ul>\n","protected":false},"excerpt":{"rendered":"<p>Manfrotto Avenger D520 40&#8243; Extension Grip\u00a0Arm Verl\u00e4ngerung 102cm (AKA Gobo Arm oder Flag Arm) Dieser verchromte Stahlarm wird normalerweise auf St\u00e4ndern in Kombination mit einem Griffkopf (D200) verwendet und bietet einen erweiterten Griffpunkt f\u00fcr Scrims und Flaggen oder kleine Lichter. L\u00e4nge des Rohrs: 102cm\/40&#8243; Runde Lochdurchmesser am festen Griffkopf: 6,4, 9,5, 12,7 und 16 mm.<\/p>\n","protected":false},"featured_media":4931,"template":"","meta":[],"product_cat":[152,151,166,165],"product_tag":[],"class_list":{"0":"post-4819","1":"product","2":"type-product","3":"status-publish","4":"has-post-thumbnail","6":"product_cat-klemme","7":"product_cat-lampenstative","8":"product_cat-klemme-de","9":"product_cat-lampenstative-de","11":"first","12":"instock","13":"shipping-taxable","14":"purchasable","15":"product-type-simple"},"_links":{"self":[{"href":"https:\/\/palmaequipmentrental.com\/de\/wp-json\/wp\/v2\/product\/4819","targetHints":{"allow":["GET"]}}],"collection":[{"href":"https:\/\/palmaequipmentrental.com\/de\/wp-json\/wp\/v2\/product"}],"about":[{"href":"https:\/\/palmaequipmentrental.com\/de\/wp-json\/wp\/v2\/types\/product"}],"wp:featuredmedia":[{"embeddable":true,"href":"https:\/\/palmaequipmentrental.com\/de\/wp-json\/wp\/v2\/media\/4931"}],"wp:attachment":[{"href":"https:\/\/palmaequipmentrental.com\/de\/wp-json\/wp\/v2\/media?parent=4819"}],"wp:term":[{"taxonomy":"product_cat","embeddable":true,"href":"https:\/\/palmaequipmentrental.com\/de\/wp-json\/wp\/v2\/product_cat?post=4819"},{"taxonomy":"product_tag","embeddable":true,"href":"https:\/\/palmaequipmentrental.com\/de\/wp-json\/wp\/v2\/product_tag?post=4819"}],"curies":[{"name":"wp","href":"https:\/\/api.w.org\/{rel}","templated":true}]}}