{"id":4824,"date":"2019-01-16T12:40:28","date_gmt":"2019-01-16T12:40:28","guid":{"rendered":"http:\/\/www.palmaequipmentrental.com\/?post_type=product&#038;p=4824"},"modified":"2022-10-28T12:56:18","modified_gmt":"2022-10-28T12:56:18","slug":"gobo-arm-20","status":"publish","type":"product","link":"https:\/\/palmaequipmentrental.com\/de\/photo-video-equipment-mallorca\/gobo-arm-20\/","title":{"rendered":"Gobo Arm 20&#8243;"},"content":{"rendered":"<p><strong>Manfrotto Avenger D500 20&#8243; Extension Grip\u00a0Arm Verl\u00e4ngerung 53cm<\/strong> (AKA Gobo Arm oder Flag Arm)<\/p>\n<p>20&#8243; (51cm) Verl\u00e4ngerungsarm, der einen erweiterten Griffpunkt f\u00fcr Scrims, Flags und kleine Lichter Bietet.<\/p>\n","protected":false},"excerpt":{"rendered":"<p>Manfrotto Avenger D500 20&#8243; Extension Grip\u00a0Arm Verl\u00e4ngerung 53cm (AKA Gobo Arm oder Flag Arm) 20&#8243; (51cm) Verl\u00e4ngerungsarm, der einen erweiterten Griffpunkt f\u00fcr Scrims, Flags und kleine Lichter Bietet.<\/p>\n","protected":false},"featured_media":11734,"template":"","meta":[],"product_cat":[152,151,166,165],"product_tag":[],"class_list":{"0":"post-4824","1":"product","2":"type-product","3":"status-publish","4":"has-post-thumbnail","6":"product_cat-klemme","7":"product_cat-lampenstative","8":"product_cat-klemme-de","9":"product_cat-lampenstative-de","11":"first","12":"instock","13":"shipping-taxable","14":"purchasable","15":"product-type-simple"},"_links":{"self":[{"href":"https:\/\/palmaequipmentrental.com\/de\/wp-json\/wp\/v2\/product\/4824","targetHints":{"allow":["GET"]}}],"collection":[{"href":"https:\/\/palmaequipmentrental.com\/de\/wp-json\/wp\/v2\/product"}],"about":[{"href":"https:\/\/palmaequipmentrental.com\/de\/wp-json\/wp\/v2\/types\/product"}],"wp:featuredmedia":[{"embeddable":true,"href":"https:\/\/palmaequipmentrental.com\/de\/wp-json\/wp\/v2\/media\/11734"}],"wp:attachment":[{"href":"https:\/\/palmaequipmentrental.com\/de\/wp-json\/wp\/v2\/media?parent=4824"}],"wp:term":[{"taxonomy":"product_cat","embeddable":true,"href":"https:\/\/palmaequipmentrental.com\/de\/wp-json\/wp\/v2\/product_cat?post=4824"},{"taxonomy":"product_tag","embeddable":true,"href":"https:\/\/palmaequipmentrental.com\/de\/wp-json\/wp\/v2\/product_tag?post=4824"}],"curies":[{"name":"wp","href":"https:\/\/api.w.org\/{rel}","templated":true}]}}