{"id":4827,"date":"2019-01-16T12:44:00","date_gmt":"2019-01-16T12:44:00","guid":{"rendered":"http:\/\/www.palmaequipmentrental.com\/?post_type=product&#038;p=4827"},"modified":"2022-08-05T11:42:00","modified_gmt":"2022-08-05T11:42:00","slug":"knuckle","status":"publish","type":"product","link":"https:\/\/palmaequipmentrental.com\/de\/photo-video-equipment-mallorca\/knuckle\/","title":{"rendered":"Gobokopf D200"},"content":{"rendered":"<p><strong>Avenger D200 Greifkopf 2 1\/2&#8243;\u00a0<\/strong>(AKA GoboKopf oder Knuckle)<\/p>\n<p>Das beliebteste Griffzubeh\u00f6r von Avenger:<strong> Der Greifkopf D200<\/strong> hat hunderte von Funktionen. Im Gegensatz zu allen anderen Greifk\u00f6pfen verf\u00fcgt der D200 \u00fcber eine Reihe von Unterlagsscheiben f\u00fcr zus\u00e4tzliche Drehmomente und die Verwendung von Bremsbelagscheiben in Fahrzeugqualit\u00e4t f\u00fcr eine sichere und rutschfeste Befestigung. Verbinden Sie ihn mit einem zus\u00e4tzlichen E600 Snap-In-Stift oder einer E600C-Stahlversion, um es am original Super Clamp zu befestigen.<\/p>\n","protected":false},"excerpt":{"rendered":"<p>Avenger D200 Greifkopf 2 1\/2&#8243;\u00a0(AKA GoboKopf oder Knuckle) Das beliebteste Griffzubeh\u00f6r von Avenger: Der Greifkopf D200 hat hunderte von Funktionen. Im Gegensatz zu allen anderen Greifk\u00f6pfen verf\u00fcgt der D200 \u00fcber eine Reihe von Unterlagsscheiben f\u00fcr zus\u00e4tzliche Drehmomente und die Verwendung von Bremsbelagscheiben in Fahrzeugqualit\u00e4t f\u00fcr eine sichere und rutschfeste Befestigung. Verbinden Sie ihn mit einem zus\u00e4tzlichen E600 Snap-In-Stift oder einer [&hellip;]<\/p>\n","protected":false},"featured_media":4903,"template":"","meta":[],"product_cat":[152,166],"product_tag":[],"class_list":{"0":"post-4827","1":"product","2":"type-product","3":"status-publish","4":"has-post-thumbnail","6":"product_cat-klemme","7":"product_cat-klemme-de","9":"first","10":"instock","11":"shipping-taxable","12":"purchasable","13":"product-type-simple"},"_links":{"self":[{"href":"https:\/\/palmaequipmentrental.com\/de\/wp-json\/wp\/v2\/product\/4827","targetHints":{"allow":["GET"]}}],"collection":[{"href":"https:\/\/palmaequipmentrental.com\/de\/wp-json\/wp\/v2\/product"}],"about":[{"href":"https:\/\/palmaequipmentrental.com\/de\/wp-json\/wp\/v2\/types\/product"}],"wp:featuredmedia":[{"embeddable":true,"href":"https:\/\/palmaequipmentrental.com\/de\/wp-json\/wp\/v2\/media\/4903"}],"wp:attachment":[{"href":"https:\/\/palmaequipmentrental.com\/de\/wp-json\/wp\/v2\/media?parent=4827"}],"wp:term":[{"taxonomy":"product_cat","embeddable":true,"href":"https:\/\/palmaequipmentrental.com\/de\/wp-json\/wp\/v2\/product_cat?post=4827"},{"taxonomy":"product_tag","embeddable":true,"href":"https:\/\/palmaequipmentrental.com\/de\/wp-json\/wp\/v2\/product_tag?post=4827"}],"curies":[{"name":"wp","href":"https:\/\/api.w.org\/{rel}","templated":true}]}}