{"id":4836,"date":"2019-01-16T13:07:40","date_gmt":"2019-01-16T13:07:40","guid":{"rendered":"http:\/\/www.palmaequipmentrental.com\/?post_type=product&#038;p=4836"},"modified":"2022-08-05T11:42:00","modified_gmt":"2022-08-05T11:42:00","slug":"cali-sunbounce-pro-zebra-gold","status":"publish","type":"product","link":"https:\/\/palmaequipmentrental.com\/de\/photo-video-equipment-mallorca\/cali-sunbounce-pro-zebra-gold\/","title":{"rendered":"Cali Sunbounce PRO Zebra\/Gold"},"content":{"rendered":"<p>Zebra\/Gold Reflektor f\u00fcr California Sunbounce 6&#8242; x 4&#8242; (130 x 190cm) Pro Rahmen.<\/p>\n<p>Mischung aus GOLD und SILBER.<\/p>\n<p>Leicht warm, erzeugt gesunden Hautton auch bei dichten Wolken. ZEBRA ist das Arbeitspferd f\u00fcr 50% aller Eins\u00e4tze bei Sonne und Schatten.<\/p>\n<p>Die R\u00fcckseite ist NEUTRAL WEISS<\/p>\n","protected":false},"excerpt":{"rendered":"<p>Zebra\/Gold Reflektor f\u00fcr California Sunbounce 6&#8242; x 4&#8242; (130 x 190cm) Pro Rahmen. Mischung aus GOLD und SILBER. Leicht warm, erzeugt gesunden Hautton auch bei dichten Wolken. ZEBRA ist das Arbeitspferd f\u00fcr 50% aller Eins\u00e4tze bei Sonne und Schatten. Die R\u00fcckseite ist NEUTRAL WEISS<\/p>\n","protected":false},"featured_media":5071,"template":"","meta":[],"product_cat":[278,279],"product_tag":[],"class_list":{"0":"post-4836","1":"product","2":"type-product","3":"status-publish","4":"has-post-thumbnail","6":"product_cat-sunbounce-de","7":"product_cat-sunbounce-2-de","9":"first","10":"instock","11":"shipping-taxable","12":"purchasable","13":"product-type-simple"},"_links":{"self":[{"href":"https:\/\/palmaequipmentrental.com\/de\/wp-json\/wp\/v2\/product\/4836","targetHints":{"allow":["GET"]}}],"collection":[{"href":"https:\/\/palmaequipmentrental.com\/de\/wp-json\/wp\/v2\/product"}],"about":[{"href":"https:\/\/palmaequipmentrental.com\/de\/wp-json\/wp\/v2\/types\/product"}],"wp:featuredmedia":[{"embeddable":true,"href":"https:\/\/palmaequipmentrental.com\/de\/wp-json\/wp\/v2\/media\/5071"}],"wp:attachment":[{"href":"https:\/\/palmaequipmentrental.com\/de\/wp-json\/wp\/v2\/media?parent=4836"}],"wp:term":[{"taxonomy":"product_cat","embeddable":true,"href":"https:\/\/palmaequipmentrental.com\/de\/wp-json\/wp\/v2\/product_cat?post=4836"},{"taxonomy":"product_tag","embeddable":true,"href":"https:\/\/palmaequipmentrental.com\/de\/wp-json\/wp\/v2\/product_tag?post=4836"}],"curies":[{"name":"wp","href":"https:\/\/api.w.org\/{rel}","templated":true}]}}