{"id":4839,"date":"2019-01-16T13:10:13","date_gmt":"2019-01-16T13:10:13","guid":{"rendered":"http:\/\/www.palmaequipmentrental.com\/?post_type=product&#038;p=4839"},"modified":"2022-08-05T11:42:00","modified_gmt":"2022-08-05T11:42:00","slug":"cali-sunbounce-pro-black-light-grey","status":"publish","type":"product","link":"https:\/\/palmaequipmentrental.com\/de\/photo-video-equipment-mallorca\/cali-sunbounce-pro-black-light-grey\/","title":{"rendered":"Cali Sunbounce PRO Schwarz\/Hell-Grau"},"content":{"rendered":"<p><strong>Cali Sunbounce PRO Schwarz\/Hell-Grau<\/strong><\/p>\n<p>Schwarz mit Soft-White (Hell-Grau) Reflektor f\u00fcrr California Sunbounce 6&#8242; x 4&#8242; (130 x 190cm) Pro Rahmen.<\/p>\n<p>Der negative Reflektor ist federleicht und h\u00e4lt \u00fcbersch\u00fcssiges Licht gut zur\u00fcck. Die R\u00fcckseite ist SOFT-WHITE (leicht GRAU) und reduziert das eintreffende Licht auf eine wundervolle Weise.<\/p>\n<p>Farbe: SCHWARZ. Die R\u00fcckseite ist HELL-GRAU<\/p>\n","protected":false},"excerpt":{"rendered":"<p>Cali Sunbounce PRO Schwarz\/Hell-Grau Schwarz mit Soft-White (Hell-Grau) Reflektor f\u00fcrr California Sunbounce 6&#8242; x 4&#8242; (130 x 190cm) Pro Rahmen. Der negative Reflektor ist federleicht und h\u00e4lt \u00fcbersch\u00fcssiges Licht gut zur\u00fcck. Die R\u00fcckseite ist SOFT-WHITE (leicht GRAU) und reduziert das eintreffende Licht auf eine wundervolle Weise. Farbe: SCHWARZ. Die R\u00fcckseite ist HELL-GRAU<\/p>\n","protected":false},"featured_media":4962,"template":"","meta":[],"product_cat":[278,279],"product_tag":[],"class_list":{"0":"post-4839","1":"product","2":"type-product","3":"status-publish","4":"has-post-thumbnail","6":"product_cat-sunbounce-de","7":"product_cat-sunbounce-2-de","9":"first","10":"instock","11":"shipping-taxable","12":"purchasable","13":"product-type-simple"},"_links":{"self":[{"href":"https:\/\/palmaequipmentrental.com\/de\/wp-json\/wp\/v2\/product\/4839","targetHints":{"allow":["GET"]}}],"collection":[{"href":"https:\/\/palmaequipmentrental.com\/de\/wp-json\/wp\/v2\/product"}],"about":[{"href":"https:\/\/palmaequipmentrental.com\/de\/wp-json\/wp\/v2\/types\/product"}],"wp:featuredmedia":[{"embeddable":true,"href":"https:\/\/palmaequipmentrental.com\/de\/wp-json\/wp\/v2\/media\/4962"}],"wp:attachment":[{"href":"https:\/\/palmaequipmentrental.com\/de\/wp-json\/wp\/v2\/media?parent=4839"}],"wp:term":[{"taxonomy":"product_cat","embeddable":true,"href":"https:\/\/palmaequipmentrental.com\/de\/wp-json\/wp\/v2\/product_cat?post=4839"},{"taxonomy":"product_tag","embeddable":true,"href":"https:\/\/palmaequipmentrental.com\/de\/wp-json\/wp\/v2\/product_tag?post=4839"}],"curies":[{"name":"wp","href":"https:\/\/api.w.org\/{rel}","templated":true}]}}