{"id":4854,"date":"2019-01-16T13:21:20","date_gmt":"2019-01-16T13:21:20","guid":{"rendered":"http:\/\/www.palmaequipmentrental.com\/product\/unkategorisiert\/cali-sunbounce-mini-zebra-gold\/"},"modified":"2022-08-05T11:41:59","modified_gmt":"2022-08-05T11:41:59","slug":"cali-sunbounce-mini-zebra-gold","status":"publish","type":"product","link":"https:\/\/palmaequipmentrental.com\/de\/photo-video-equipment-mallorca\/cali-sunbounce-mini-zebra-gold\/","title":{"rendered":"Cali Sunbounce MINI Zebra\/Gold"},"content":{"rendered":"<p><strong>Cali Sunbounce MINI Zebra\/Gold<\/strong><\/p>\n<p>Zebra\/Gold Reflektor\u00a0f\u00fcr California Sunbounce 90 x 125 cm (3 &#8218;x 4&#8216;) Mini-Rahmen.<\/p>\n<p>Leicht warm, erzeugt gesunden Hautton auch bei dichten Wolken. ZEBRA ist das Arbeitspferd f\u00fcr 50% aller Eins\u00e4tze bei Sonne und Schatten.<\/p>\n<p>Farbe: Mischung aus GOLD und SILBER. Die R\u00fcckseite ist NEUTRAL WEISS.<\/p>\n","protected":false},"excerpt":{"rendered":"<p>Cali Sunbounce MINI Zebra\/Gold Zebra\/Gold Reflektor\u00a0f\u00fcr California Sunbounce 90 x 125 cm (3 &#8218;x 4&#8216;) Mini-Rahmen. Leicht warm, erzeugt gesunden Hautton auch bei dichten Wolken. ZEBRA ist das Arbeitspferd f\u00fcr 50% aller Eins\u00e4tze bei Sonne und Schatten. Farbe: Mischung aus GOLD und SILBER. Die R\u00fcckseite ist NEUTRAL WEISS.<\/p>\n","protected":false},"featured_media":5068,"template":"","meta":[],"product_cat":[279,278],"product_tag":[],"class_list":{"0":"post-4854","1":"product","2":"type-product","3":"status-publish","4":"has-post-thumbnail","6":"product_cat-sunbounce-2-de","7":"product_cat-sunbounce-de","9":"first","10":"instock","11":"shipping-taxable","12":"purchasable","13":"product-type-simple"},"_links":{"self":[{"href":"https:\/\/palmaequipmentrental.com\/de\/wp-json\/wp\/v2\/product\/4854","targetHints":{"allow":["GET"]}}],"collection":[{"href":"https:\/\/palmaequipmentrental.com\/de\/wp-json\/wp\/v2\/product"}],"about":[{"href":"https:\/\/palmaequipmentrental.com\/de\/wp-json\/wp\/v2\/types\/product"}],"wp:featuredmedia":[{"embeddable":true,"href":"https:\/\/palmaequipmentrental.com\/de\/wp-json\/wp\/v2\/media\/5068"}],"wp:attachment":[{"href":"https:\/\/palmaequipmentrental.com\/de\/wp-json\/wp\/v2\/media?parent=4854"}],"wp:term":[{"taxonomy":"product_cat","embeddable":true,"href":"https:\/\/palmaequipmentrental.com\/de\/wp-json\/wp\/v2\/product_cat?post=4854"},{"taxonomy":"product_tag","embeddable":true,"href":"https:\/\/palmaequipmentrental.com\/de\/wp-json\/wp\/v2\/product_tag?post=4854"}],"curies":[{"name":"wp","href":"https:\/\/api.w.org\/{rel}","templated":true}]}}