{"id":5001,"date":"2019-01-18T14:24:17","date_gmt":"2019-01-18T14:24:17","guid":{"rendered":"http:\/\/www.palmaequipmentrental.com\/?post_type=product&#038;p=5001"},"modified":"2023-11-21T09:31:31","modified_gmt":"2023-11-21T09:31:31","slug":"cali-sunswatter-big-frame","status":"publish","type":"product","link":"https:\/\/palmaequipmentrental.com\/de\/photo-video-equipment-mallorca\/cali-sunswatter-big-frame\/","title":{"rendered":"Cali Sunswatter BIG Rahmen"},"content":{"rendered":"<p>Das California Sunbounce Sunswatter BIG 6&#215;8, mit seiner F\u00e4higkeit, hartes Sonnenlicht zu mildern und Kontraste zu reduzieren, ist ein wesentliches Werkzeug, um makellose Beleuchtung in Ihrer Fotografie und Videografie zu erreichen. Bei Palma Equipment Rental im sonnigen Palma de Mallorca, Spanien, verstehen wir die vielf\u00e4ltigen Anforderungen professioneller Foto- und Videoaufnahmen. Deshalb bieten wir das Sunswatter BIG 6&#215;8 mit einer Auswahl an Silks &#8211; 1\/3, 2\/3 und Vollstop-Optionen &#8211; an, um verschiedenen Lichtverh\u00e4ltnissen gerecht zu werden, egal ob Sie in Menorca, Ibiza, Formentera oder auf dem spanischen Festland arbeiten.<\/p>\n<p>Hauptmerkmale:<\/p>\n<ul>\n<li>Gr\u00f6\u00dfe: 6&#215;8 Fu\u00df f\u00fcr umfangreiche Lichtkontrolle<\/li>\n<li>Leichter Aluminiumrahmen f\u00fcr einfache Handhabung<\/li>\n<li>Hochwertiges Bildschirmmaterial in 1\/3, 2\/3 und Vollstop Silks f\u00fcr pr\u00e4zise Diffusion<\/li>\n<li>Zusammenklappbares Design f\u00fcr effizienten Transport<\/li>\n<li>Ideal f\u00fcr Foto- und Videoaufnahmen, insbesondere in Mode und Werbung<\/li>\n<li>Vielseitig in einer Reihe von Beleuchtungsszenarien<\/li>\n<\/ul>\n<p>Die Wahl von Palma Equipment Rental bedeutet, sich f\u00fcr das Beste in der Branche zu entscheiden. Wir f\u00fchren renommierte Marken wie Profoto, Arri und California Sunbounce und sind bekannt f\u00fcr unsere Flexibilit\u00e4t, Effizienz und umfassenden 24\/7-Support. Unser Engagement, erstklassige Ausr\u00fcstung bereitzustellen, macht uns zur herausragenden Wahl im Verleih von fotografischen und kinematografischen Ger\u00e4ten.<\/p>\n<p><a href=\"https:\/\/www.youtube.com\/watch?v=xe4A8DLAmkU\" target=\"_blank\" rel=\"noopener\">F\u00fcr Expertentipps zur Verwendung des California Sunbounce Sunswatter BIG 6&#215;8, besuchen Sie unser Tutorial-Video!<\/a><\/p>\n","protected":false},"excerpt":{"rendered":"<p>Das California Sunbounce Sunswatter BIG 6&#215;8, mit seiner F\u00e4higkeit, hartes Sonnenlicht zu mildern und Kontraste zu reduzieren, ist ein wesentliches Werkzeug, um makellose Beleuchtung in Ihrer Fotografie und Videografie zu erreichen. Bei Palma Equipment Rental im sonnigen Palma de Mallorca, Spanien, verstehen wir die vielf\u00e4ltigen Anforderungen professioneller Foto- und Videoaufnahmen. Deshalb bieten wir das Sunswatter BIG 6&#215;8 mit einer Auswahl [&hellip;]<\/p>\n","protected":false},"featured_media":5061,"template":"","meta":[],"product_cat":[282,283],"product_tag":[],"class_list":{"0":"post-5001","1":"product","2":"type-product","3":"status-publish","4":"has-post-thumbnail","6":"product_cat-sunswatter-de","7":"product_cat-sunswatter-2-de","9":"first","10":"instock","11":"shipping-taxable","12":"purchasable","13":"product-type-simple"},"_links":{"self":[{"href":"https:\/\/palmaequipmentrental.com\/de\/wp-json\/wp\/v2\/product\/5001","targetHints":{"allow":["GET"]}}],"collection":[{"href":"https:\/\/palmaequipmentrental.com\/de\/wp-json\/wp\/v2\/product"}],"about":[{"href":"https:\/\/palmaequipmentrental.com\/de\/wp-json\/wp\/v2\/types\/product"}],"wp:featuredmedia":[{"embeddable":true,"href":"https:\/\/palmaequipmentrental.com\/de\/wp-json\/wp\/v2\/media\/5061"}],"wp:attachment":[{"href":"https:\/\/palmaequipmentrental.com\/de\/wp-json\/wp\/v2\/media?parent=5001"}],"wp:term":[{"taxonomy":"product_cat","embeddable":true,"href":"https:\/\/palmaequipmentrental.com\/de\/wp-json\/wp\/v2\/product_cat?post=5001"},{"taxonomy":"product_tag","embeddable":true,"href":"https:\/\/palmaequipmentrental.com\/de\/wp-json\/wp\/v2\/product_tag?post=5001"}],"curies":[{"name":"wp","href":"https:\/\/api.w.org\/{rel}","templated":true}]}}