{"id":5417,"date":"2019-01-28T19:18:04","date_gmt":"2019-01-28T19:18:04","guid":{"rendered":"http:\/\/www.palmaequipmentrental.com\/product\/unkategorisiert\/westcott-4x6-scrim-jim-silver-white\/"},"modified":"2024-01-31T11:31:37","modified_gmt":"2024-01-31T11:31:37","slug":"westcott-4x6-scrim-jim-silver-white","status":"publish","type":"product","link":"https:\/\/palmaequipmentrental.com\/de\/photo-video-equipment-mallorca\/westcott-4x6-scrim-jim-silver-white\/","title":{"rendered":"Scrim Jim 4&#215;6 Silber\/Weiss"},"content":{"rendered":"<p><strong>Silber\/Weiss Reflektor<\/strong> f\u00fcr den Westcott <strong>Scrim Jim 4&#8242; x 6&#8242;<\/strong> (120 x 180cm) Rahmen.<\/p>\n<p>Unsere verf\u00fcgbaren Textilien f\u00fcr den 4&#8242; x 6&#8242; Westcott ScrimJim Rahmen sind:<\/p>\n<ul>\n<li>1\/4 Stop Diffusor<\/li>\n<li>3\/4 Stop Diffusor<\/li>\n<li>Full Stop Diffusor<\/li>\n<li>Silber\/Weiss Reflektor<\/li>\n<li>Gold\/Weiss Reflektor<\/li>\n<li>Schwarz<\/li>\n<\/ul>\n<p>(Nicht kompatibel mit Westcott CINE Rahmen.)<\/p>\n","protected":false},"excerpt":{"rendered":"<p>Silber\/Weiss Reflektor f\u00fcr den Westcott Scrim Jim 4&#8242; x 6&#8242; (120 x 180cm) Rahmen. Unsere verf\u00fcgbaren Textilien f\u00fcr den 4&#8242; x 6&#8242; Westcott ScrimJim Rahmen sind: 1\/4 Stop Diffusor 3\/4 Stop Diffusor Full Stop Diffusor Silber\/Weiss Reflektor Gold\/Weiss Reflektor Schwarz (Nicht kompatibel mit Westcott CINE Rahmen.)<\/p>\n","protected":false},"featured_media":5298,"template":"","meta":[],"product_cat":[843,841],"product_tag":[],"class_list":{"0":"post-5417","1":"product","2":"type-product","3":"status-publish","4":"has-post-thumbnail","6":"product_cat-4x6-scrim-jim-de","7":"product_cat-4x6-scrim-jim-v-de","9":"first","10":"instock","11":"shipping-taxable","12":"purchasable","13":"product-type-simple"},"_links":{"self":[{"href":"https:\/\/palmaequipmentrental.com\/de\/wp-json\/wp\/v2\/product\/5417","targetHints":{"allow":["GET"]}}],"collection":[{"href":"https:\/\/palmaequipmentrental.com\/de\/wp-json\/wp\/v2\/product"}],"about":[{"href":"https:\/\/palmaequipmentrental.com\/de\/wp-json\/wp\/v2\/types\/product"}],"wp:featuredmedia":[{"embeddable":true,"href":"https:\/\/palmaequipmentrental.com\/de\/wp-json\/wp\/v2\/media\/5298"}],"wp:attachment":[{"href":"https:\/\/palmaequipmentrental.com\/de\/wp-json\/wp\/v2\/media?parent=5417"}],"wp:term":[{"taxonomy":"product_cat","embeddable":true,"href":"https:\/\/palmaequipmentrental.com\/de\/wp-json\/wp\/v2\/product_cat?post=5417"},{"taxonomy":"product_tag","embeddable":true,"href":"https:\/\/palmaequipmentrental.com\/de\/wp-json\/wp\/v2\/product_tag?post=5417"}],"curies":[{"name":"wp","href":"https:\/\/api.w.org\/{rel}","templated":true}]}}