{"id":5455,"date":"2019-01-28T17:49:25","date_gmt":"2019-01-28T17:49:25","guid":{"rendered":"http:\/\/www.palmaequipmentrental.com\/product\/unkategorisiert\/westcott-4x6-cine-full-silk\/"},"modified":"2024-01-31T12:02:23","modified_gmt":"2024-01-31T12:02:23","slug":"westcott-4x6-cine-full-silk","status":"publish","type":"product","link":"https:\/\/palmaequipmentrental.com\/de\/photo-video-equipment-mallorca\/westcott-4x6-cine-full-silk\/","title":{"rendered":"Scrim Jim CINE 4&#215;6 Diffusor Full"},"content":{"rendered":"<p>Full Stop Diffusor f\u00fcr den 4&#8242; x 6&#8242; (120 x 180cm) Westcott Scrim Jim CINE Rahmen.<\/p>\n<p><span lang=\"de\" tabindex=\"0\">Weitere verf\u00fcgbare Textilien f\u00fcr den 120 x 180 cm Westcott Scrim Jim CINE-Rahmen sind:<\/span><\/p>\n<p>1\/4 Stop Diffusor, 3\/4 Stop Diffusor, Silber\/Weiss Reflektor, Gold\/Weiss Reflektor und Schwarz.<\/p>\n<p>&nbsp;<\/p>\n<p>&nbsp;<\/p>\n","protected":false},"excerpt":{"rendered":"<p>Full Stop Diffusor f\u00fcr den 4&#8242; x 6&#8242; (120 x 180cm) Westcott Scrim Jim CINE Rahmen. Weitere verf\u00fcgbare Textilien f\u00fcr den 120 x 180 cm Westcott Scrim Jim CINE-Rahmen sind: 1\/4 Stop Diffusor, 3\/4 Stop Diffusor, Silber\/Weiss Reflektor, Gold\/Weiss Reflektor und Schwarz. &nbsp; &nbsp;<\/p>\n","protected":false},"featured_media":5292,"template":"","meta":[],"product_cat":[841,843],"product_tag":[],"class_list":{"0":"post-5455","1":"product","2":"type-product","3":"status-publish","4":"has-post-thumbnail","6":"product_cat-4x6-scrim-jim-v-de","7":"product_cat-4x6-scrim-jim-de","9":"first","10":"instock","11":"shipping-taxable","12":"purchasable","13":"product-type-simple"},"_links":{"self":[{"href":"https:\/\/palmaequipmentrental.com\/de\/wp-json\/wp\/v2\/product\/5455","targetHints":{"allow":["GET"]}}],"collection":[{"href":"https:\/\/palmaequipmentrental.com\/de\/wp-json\/wp\/v2\/product"}],"about":[{"href":"https:\/\/palmaequipmentrental.com\/de\/wp-json\/wp\/v2\/types\/product"}],"wp:featuredmedia":[{"embeddable":true,"href":"https:\/\/palmaequipmentrental.com\/de\/wp-json\/wp\/v2\/media\/5292"}],"wp:attachment":[{"href":"https:\/\/palmaequipmentrental.com\/de\/wp-json\/wp\/v2\/media?parent=5455"}],"wp:term":[{"taxonomy":"product_cat","embeddable":true,"href":"https:\/\/palmaequipmentrental.com\/de\/wp-json\/wp\/v2\/product_cat?post=5455"},{"taxonomy":"product_tag","embeddable":true,"href":"https:\/\/palmaequipmentrental.com\/de\/wp-json\/wp\/v2\/product_tag?post=5455"}],"curies":[{"name":"wp","href":"https:\/\/api.w.org\/{rel}","templated":true}]}}