{"id":5468,"date":"2019-01-28T17:35:42","date_gmt":"2019-01-28T17:35:42","guid":{"rendered":"http:\/\/www.palmaequipmentrental.com\/product\/unkategorisiert\/westcott-6x6-cine-gold-white\/"},"modified":"2024-01-31T12:29:08","modified_gmt":"2024-01-31T12:29:08","slug":"westcott-6x6-cine-gold-white","status":"publish","type":"product","link":"https:\/\/palmaequipmentrental.com\/de\/photo-video-equipment-mallorca\/westcott-6x6-cine-gold-white\/","title":{"rendered":"Scrim Jim CINE 6&#215;6 Gold\/Weiss"},"content":{"rendered":"<p><strong>Gold\/Weiss Reflektor <\/strong><strong>f\u00fcr den 6&#8242; x 6&#8242;<\/strong> (180 x 180cm) <strong>CINE<\/strong> Westcott Scrim Jim Rahmen.<\/p>\n<p>Andere verf\u00fcgbare Textilien f\u00fcr den 6&#8242; x 6&#8242; Scrim Jim CINE Rahmen sind:<\/p>\n<ul>\n<li>1-1\/4 Stop Diffusor<\/li>\n<li>1\/4 Stop Diffusor<\/li>\n<li>3\/4 Stop Diffusor<\/li>\n<li>Full Stop Diffusor<\/li>\n<li>Silber\/Weiss Reflektor<\/li>\n<li>Gold\/Weiss Reflektor<\/li>\n<li>Single Scrim Netz<\/li>\n<li>Double Scrim Netz<\/li>\n<li>Schwarz<\/li>\n<\/ul>\n","protected":false},"excerpt":{"rendered":"<p>Gold\/Weiss Reflektor f\u00fcr den 6&#8242; x 6&#8242; (180 x 180cm) CINE Westcott Scrim Jim Rahmen. Andere verf\u00fcgbare Textilien f\u00fcr den 6&#8242; x 6&#8242; Scrim Jim CINE Rahmen sind: 1-1\/4 Stop Diffusor 1\/4 Stop Diffusor 3\/4 Stop Diffusor Full Stop Diffusor Silber\/Weiss Reflektor Gold\/Weiss Reflektor Single Scrim Netz Double Scrim Netz Schwarz<\/p>\n","protected":false},"featured_media":5325,"template":"","meta":[],"product_cat":[839,837],"product_tag":[],"class_list":{"0":"post-5468","1":"product","2":"type-product","3":"status-publish","4":"has-post-thumbnail","6":"product_cat-6x6-scrim-jim-de","7":"product_cat-6x6-scrim-jim-v-de","9":"first","10":"instock","11":"shipping-taxable","12":"purchasable","13":"product-type-simple"},"_links":{"self":[{"href":"https:\/\/palmaequipmentrental.com\/de\/wp-json\/wp\/v2\/product\/5468","targetHints":{"allow":["GET"]}}],"collection":[{"href":"https:\/\/palmaequipmentrental.com\/de\/wp-json\/wp\/v2\/product"}],"about":[{"href":"https:\/\/palmaequipmentrental.com\/de\/wp-json\/wp\/v2\/types\/product"}],"wp:featuredmedia":[{"embeddable":true,"href":"https:\/\/palmaequipmentrental.com\/de\/wp-json\/wp\/v2\/media\/5325"}],"wp:attachment":[{"href":"https:\/\/palmaequipmentrental.com\/de\/wp-json\/wp\/v2\/media?parent=5468"}],"wp:term":[{"taxonomy":"product_cat","embeddable":true,"href":"https:\/\/palmaequipmentrental.com\/de\/wp-json\/wp\/v2\/product_cat?post=5468"},{"taxonomy":"product_tag","embeddable":true,"href":"https:\/\/palmaequipmentrental.com\/de\/wp-json\/wp\/v2\/product_tag?post=5468"}],"curies":[{"name":"wp","href":"https:\/\/api.w.org\/{rel}","templated":true}]}}