{"id":5537,"date":"2019-02-07T09:27:12","date_gmt":"2019-02-07T09:27:12","guid":{"rendered":"http:\/\/www.palmaequipmentrental.com\/?post_type=product&#038;p=5537"},"modified":"2022-08-05T11:41:22","modified_gmt":"2022-08-05T11:41:22","slug":"c-stand-40-lazy-leg","status":"publish","type":"product","link":"https:\/\/palmaequipmentrental.com\/de\/photo-video-equipment-mallorca\/c-stand-40-lazy-leg\/","title":{"rendered":"C-Stand 40&#8243; Ausgleichsbein"},"content":{"rendered":"<p>Unser 40&#8243; Flag Stand mit Ausgleichsbein\u00a0<span lang=\"de\" tabindex=\"0\">beinhaltet einen Verl\u00e4ngerungsarm (D520) und Grip Head (D200).<\/span><\/p>\n<p>40&#8243; Avenger C-Stand mit Gleitfuss (A2033L)\u00a0aus verchromtem Stahl mit 3 Sektionen und 2 Steigrohren. Er verf\u00fcgt \u00fcber einen Gleitfuss, um den St\u00e4nder auf unebenem Untergrund stabil zu halten.<\/p>\n<p>Dieser St\u00e4nder hat eine maximale Nutzlast von 10 kg und eine maximale H\u00f6he von 3,28 m.<\/p>\n<p>&nbsp;<\/p>\n<p>&nbsp;<\/p>\n","protected":false},"excerpt":{"rendered":"<p>Unser 40&#8243; Flag Stand mit Ausgleichsbein\u00a0beinhaltet einen Verl\u00e4ngerungsarm (D520) und Grip Head (D200). 40&#8243; Avenger C-Stand mit Gleitfuss (A2033L)\u00a0aus verchromtem Stahl mit 3 Sektionen und 2 Steigrohren. Er verf\u00fcgt \u00fcber einen Gleitfuss, um den St\u00e4nder auf unebenem Untergrund stabil zu halten. Dieser St\u00e4nder hat eine maximale Nutzlast von 10 kg und eine maximale H\u00f6he von 3,28 m. &nbsp; &nbsp;<\/p>\n","protected":false},"featured_media":8800,"template":"","meta":[],"product_cat":[151,165],"product_tag":[],"class_list":{"0":"post-5537","1":"product","2":"type-product","3":"status-publish","4":"has-post-thumbnail","6":"product_cat-lampenstative","7":"product_cat-lampenstative-de","9":"first","10":"instock","11":"shipping-taxable","12":"purchasable","13":"product-type-simple"},"_links":{"self":[{"href":"https:\/\/palmaequipmentrental.com\/de\/wp-json\/wp\/v2\/product\/5537","targetHints":{"allow":["GET"]}}],"collection":[{"href":"https:\/\/palmaequipmentrental.com\/de\/wp-json\/wp\/v2\/product"}],"about":[{"href":"https:\/\/palmaequipmentrental.com\/de\/wp-json\/wp\/v2\/types\/product"}],"wp:featuredmedia":[{"embeddable":true,"href":"https:\/\/palmaequipmentrental.com\/de\/wp-json\/wp\/v2\/media\/8800"}],"wp:attachment":[{"href":"https:\/\/palmaequipmentrental.com\/de\/wp-json\/wp\/v2\/media?parent=5537"}],"wp:term":[{"taxonomy":"product_cat","embeddable":true,"href":"https:\/\/palmaequipmentrental.com\/de\/wp-json\/wp\/v2\/product_cat?post=5537"},{"taxonomy":"product_tag","embeddable":true,"href":"https:\/\/palmaequipmentrental.com\/de\/wp-json\/wp\/v2\/product_tag?post=5537"}],"curies":[{"name":"wp","href":"https:\/\/api.w.org\/{rel}","templated":true}]}}