{"id":5566,"date":"2019-01-31T15:35:20","date_gmt":"2019-01-31T15:35:20","guid":{"rendered":"http:\/\/www.palmaequipmentrental.com\/product\/unkategorisiert\/profoto-b1-battery\/"},"modified":"2024-01-14T15:20:24","modified_gmt":"2024-01-14T15:20:24","slug":"profoto-b1-battery","status":"publish","type":"product","link":"https:\/\/palmaequipmentrental.com\/de\/photo-video-equipment-mallorca\/profoto-b1-battery\/","title":{"rendered":"Profoto B1\/B1X Li-Ion Akku"},"content":{"rendered":"<p>G\u00f6nnen Sie sich einen Ersatzakku und ersparen Sie sich die Sorge um fehlende Akkulaufzeit. Der Li-Ion-Akku MkII f\u00fcr den B1 und B1X reicht f\u00fcr bis zu 325\u00a0Blitze bei voller Leistung und mehrere Zehntausend bei niedrigster Leistung.<\/p>\n<h3 class=\"tab__content-subtitle\">Eigenschaften<\/h3>\n<ul>\n<li>Reicht f\u00fcr bis zu 325\u00a0Blitze bei voller Leistung.<\/li>\n<li>Wird mit dem Akkuladeger\u00e4t 2.8A in wenig mehr als zwei Stunden geladen.<\/li>\n<li>Wird mit dem Akkuladeger\u00e4t 4.5A in wenig mehr als einer Stunde geladen.<\/li>\n<li>Wird mit dem Autoladeger\u00e4t 1.8A an einem 12-V-Anschluss in drei Stunden geladen.<\/li>\n<\/ul>\n","protected":false},"excerpt":{"rendered":"<p>G\u00f6nnen Sie sich einen Ersatzakku und ersparen Sie sich die Sorge um fehlende Akkulaufzeit. Der Li-Ion-Akku MkII f\u00fcr den B1 und B1X reicht f\u00fcr bis zu 325\u00a0Blitze bei voller Leistung und mehrere Zehntausend bei niedrigster Leistung. Eigenschaften Reicht f\u00fcr bis zu 325\u00a0Blitze bei voller Leistung. Wird mit dem Akkuladeger\u00e4t 2.8A in wenig mehr als zwei Stunden geladen. Wird mit dem [&hellip;]<\/p>\n","protected":false},"featured_media":5504,"template":"","meta":[],"product_cat":[388],"product_tag":[],"class_list":{"0":"post-5566","1":"product","2":"type-product","3":"status-publish","4":"has-post-thumbnail","6":"product_cat-batterien-ladegeraete","8":"first","9":"instock","10":"shipping-taxable","11":"purchasable","12":"product-type-simple"},"_links":{"self":[{"href":"https:\/\/palmaequipmentrental.com\/de\/wp-json\/wp\/v2\/product\/5566","targetHints":{"allow":["GET"]}}],"collection":[{"href":"https:\/\/palmaequipmentrental.com\/de\/wp-json\/wp\/v2\/product"}],"about":[{"href":"https:\/\/palmaequipmentrental.com\/de\/wp-json\/wp\/v2\/types\/product"}],"wp:featuredmedia":[{"embeddable":true,"href":"https:\/\/palmaequipmentrental.com\/de\/wp-json\/wp\/v2\/media\/5504"}],"wp:attachment":[{"href":"https:\/\/palmaequipmentrental.com\/de\/wp-json\/wp\/v2\/media?parent=5566"}],"wp:term":[{"taxonomy":"product_cat","embeddable":true,"href":"https:\/\/palmaequipmentrental.com\/de\/wp-json\/wp\/v2\/product_cat?post=5566"},{"taxonomy":"product_tag","embeddable":true,"href":"https:\/\/palmaequipmentrental.com\/de\/wp-json\/wp\/v2\/product_tag?post=5566"}],"curies":[{"name":"wp","href":"https:\/\/api.w.org\/{rel}","templated":true}]}}