{"id":5617,"date":"2019-04-08T15:11:23","date_gmt":"2019-04-08T15:11:23","guid":{"rendered":"https:\/\/www.palmaequipmentrental.com\/product\/unkategorisiert\/pro-b10-250w-air-ttl\/"},"modified":"2024-01-14T15:18:11","modified_gmt":"2024-01-14T15:18:11","slug":"pro-b10-250w-air-ttl","status":"publish","type":"product","link":"https:\/\/palmaequipmentrental.com\/de\/photo-video-equipment-mallorca\/pro-b10-250w-air-ttl\/","title":{"rendered":"Profoto B10 250w Air TTL"},"content":{"rendered":"<p><span lang=\"de\" tabindex=\"0\">Unser Pro-B10 250 Air TTL enth\u00e4lt 2x Pro-B10 Li-Ion-Akku und 1x Pro-B10 Akkuladeger\u00e4t.<\/span><\/p>\n<p>Der Profoto\u00a0B10 ist das kleinste und leichteste Off-Camera-Blitzsystem in unserem Sortiment. Es hat f\u00fcnfmal so viel Leistung wie ein Aufsteckblitz, ist dabei aber nicht gr\u00f6\u00dfer als ein Kameraobjektiv. Das integrierte Dauerlicht erm\u00f6glicht Ihnen sogar Videoaufnahmen mit dem B10. Der B10 ist ein wirklich leistungsstarker Blitz in kleinem Format.<\/p>\n<p>Mit dem Profoto\u00a0B10 k\u00f6nnen Sie Ihre kreativen Ideen problemlos an jedem Ort umsetzen. Aber der B10 ist mehr als ein Blitzger\u00e4t. Als helles und dimmbares Dauerlicht k\u00f6nnen Sie ihn f\u00fcr Foto- und Filmaufnahmen verwenden. Dank der einstellbaren Farbtemperatur ist sein Licht auf das Umgebungslicht abstimmbar.<\/p>\n<p>Die Kompatibilit\u00e4t mit den Lichtformern von Profoto erweitert Ihre kreativen M\u00f6glichkeiten. Sie k\u00f6nnen entweder die leichten Lichtformer der OCF-Familie einsetzen oder aus den 120\u00a0Lichtformern ausw\u00e4hlen, die das vollst\u00e4ndige Profoto-Sortiment zu bieten hat. Diese Hilfsmittel unterst\u00fctzen Sie dabei, mit Licht die gew\u00fcnschte Atmosph\u00e4re oder Stimmung zu erzeugen.<\/p>\n<p>Sie k\u00f6nnen den B10 kabellos \u00fcber jede Profoto AirTTL-Funkfernbedienung oder den Profoto\u00a0A1 ausl\u00f6sen und steuern. Dar\u00fcber hinaus haben Sie die M\u00f6glichkeit, ihn mit der Profoto-App zu verbinden. \u00dcber die App k\u00f6nnen Sie alle Einstellungen von Ihrem Smartphone aus aufrufen und steuern, mit Ihrem Smartphone kreative Aufnahmen machen und die neuesten Upgrades herunterladen.<\/p>\n<h3 class=\"tab__content-subtitle\">Eigenschaften<\/h3>\n<ul>\n<li>Gr\u00f6\u00dfe und Form eines Kameraobjektivs<\/li>\n<li>Leicht und kabellos<\/li>\n<li>Blitz mit der Leistung von 5\u00a0Aufsteckblitzen<\/li>\n<li>Dauerlicht mit einstellbarer Helligkeit und Farbtemperatur<\/li>\n<li>Flexible Aufstellung auf Kamera- oder Blitzstativen<\/li>\n<li>Kompatibel mit \u00fcber 120\u00a0Profoto-Lichtformern, einschlie\u00dflich der gesamten OCF-Reihe<\/li>\n<li>Kompatibel mit allen Profoto AirTTL-Funkfernbedienungen, einschlie\u00dflich des Profoto\u00a0A1<\/li>\n<li>Intelligente Konnektivit\u00e4t mit der Profoto-App<\/li>\n<\/ul>\n","protected":false},"excerpt":{"rendered":"<p>Unser Pro-B10 250 Air TTL enth\u00e4lt 2x Pro-B10 Li-Ion-Akku und 1x Pro-B10 Akkuladeger\u00e4t. Der Profoto\u00a0B10 ist das kleinste und leichteste Off-Camera-Blitzsystem in unserem Sortiment. Es hat f\u00fcnfmal so viel Leistung wie ein Aufsteckblitz, ist dabei aber nicht gr\u00f6\u00dfer als ein Kameraobjektiv. Das integrierte Dauerlicht erm\u00f6glicht Ihnen sogar Videoaufnahmen mit dem B10. Der B10 ist ein wirklich leistungsstarker Blitz in kleinem [&hellip;]<\/p>\n","protected":false},"featured_media":5640,"template":"","meta":[],"product_cat":[394],"product_tag":[],"class_list":{"0":"post-5617","1":"product","2":"type-product","3":"status-publish","4":"has-post-thumbnail","6":"product_cat-monoblock","8":"first","9":"instock","10":"shipping-taxable","11":"purchasable","12":"product-type-simple"},"_links":{"self":[{"href":"https:\/\/palmaequipmentrental.com\/de\/wp-json\/wp\/v2\/product\/5617","targetHints":{"allow":["GET"]}}],"collection":[{"href":"https:\/\/palmaequipmentrental.com\/de\/wp-json\/wp\/v2\/product"}],"about":[{"href":"https:\/\/palmaequipmentrental.com\/de\/wp-json\/wp\/v2\/types\/product"}],"wp:featuredmedia":[{"embeddable":true,"href":"https:\/\/palmaequipmentrental.com\/de\/wp-json\/wp\/v2\/media\/5640"}],"wp:attachment":[{"href":"https:\/\/palmaequipmentrental.com\/de\/wp-json\/wp\/v2\/media?parent=5617"}],"wp:term":[{"taxonomy":"product_cat","embeddable":true,"href":"https:\/\/palmaequipmentrental.com\/de\/wp-json\/wp\/v2\/product_cat?post=5617"},{"taxonomy":"product_tag","embeddable":true,"href":"https:\/\/palmaequipmentrental.com\/de\/wp-json\/wp\/v2\/product_tag?post=5617"}],"curies":[{"name":"wp","href":"https:\/\/api.w.org\/{rel}","templated":true}]}}