{"id":5620,"date":"2019-04-08T15:17:43","date_gmt":"2019-04-08T15:17:43","guid":{"rendered":"https:\/\/www.palmaequipmentrental.com\/?post_type=product&#038;p=5620"},"modified":"2024-01-14T15:16:04","modified_gmt":"2024-01-14T15:16:04","slug":"pro-b10-battery","status":"publish","type":"product","link":"https:\/\/palmaequipmentrental.com\/de\/photo-video-equipment-mallorca\/pro-b10-battery\/","title":{"rendered":"Profoto B10\/B10X Li-Ion Akku"},"content":{"rendered":"<p>Mit einem Zusatzakku f\u00fcr den Profoto\u00a0B10\/B10X sind Sie auch bei l\u00e4ngeren Shootings auf der sicheren Seite. Die Akkukapazit\u00e4t ist f\u00fcr \u00fcber 400\u00a0Blitze bei voller Leistung ausreichend. Der Akku l\u00e4sst sich innerhalb von Sekunden am Profoto\u00a0B10 anbringen und wieder entfernen. Mit dem Profoto Battery Charger\u00a03A kann er schnell wieder aufgeladen werden.<\/p>\n<h3 class=\"tab__content-subtitle\">Eigenschaften<\/h3>\n<ul>\n<li>L\u00e4sst sich innerhalb von Sekunden am Profoto B10 anbringen<\/li>\n<li>Li-Ion-Akkutechnologie<\/li>\n<li>\u00dcber 400 Blitze bei voller Leistung mit dem Profoto B10<\/li>\n<li>Ladestatusanzeige am Akku<\/li>\n<li>Ist mit dem Akkuladeger\u00e4t 3A in unter 90\u00a0Minuten geladen<\/li>\n<li>Kann bei jedem Ladestand aufgeladen werden<\/li>\n<li>Kann w\u00e4hrend des Ladens verwendet werden<\/li>\n<\/ul>\n","protected":false},"excerpt":{"rendered":"<p>Mit einem Zusatzakku f\u00fcr den Profoto\u00a0B10\/B10X sind Sie auch bei l\u00e4ngeren Shootings auf der sicheren Seite. Die Akkukapazit\u00e4t ist f\u00fcr \u00fcber 400\u00a0Blitze bei voller Leistung ausreichend. Der Akku l\u00e4sst sich innerhalb von Sekunden am Profoto\u00a0B10 anbringen und wieder entfernen. Mit dem Profoto Battery Charger\u00a03A kann er schnell wieder aufgeladen werden. Eigenschaften L\u00e4sst sich innerhalb von Sekunden am Profoto B10 anbringen [&hellip;]<\/p>\n","protected":false},"featured_media":5646,"template":"","meta":[],"product_cat":[388],"product_tag":[],"class_list":{"0":"post-5620","1":"product","2":"type-product","3":"status-publish","4":"has-post-thumbnail","6":"product_cat-batterien-ladegeraete","8":"first","9":"instock","10":"shipping-taxable","11":"purchasable","12":"product-type-simple"},"_links":{"self":[{"href":"https:\/\/palmaequipmentrental.com\/de\/wp-json\/wp\/v2\/product\/5620","targetHints":{"allow":["GET"]}}],"collection":[{"href":"https:\/\/palmaequipmentrental.com\/de\/wp-json\/wp\/v2\/product"}],"about":[{"href":"https:\/\/palmaequipmentrental.com\/de\/wp-json\/wp\/v2\/types\/product"}],"wp:featuredmedia":[{"embeddable":true,"href":"https:\/\/palmaequipmentrental.com\/de\/wp-json\/wp\/v2\/media\/5646"}],"wp:attachment":[{"href":"https:\/\/palmaequipmentrental.com\/de\/wp-json\/wp\/v2\/media?parent=5620"}],"wp:term":[{"taxonomy":"product_cat","embeddable":true,"href":"https:\/\/palmaequipmentrental.com\/de\/wp-json\/wp\/v2\/product_cat?post=5620"},{"taxonomy":"product_tag","embeddable":true,"href":"https:\/\/palmaequipmentrental.com\/de\/wp-json\/wp\/v2\/product_tag?post=5620"}],"curies":[{"name":"wp","href":"https:\/\/api.w.org\/{rel}","templated":true}]}}