{"id":5626,"date":"2019-04-08T15:30:40","date_gmt":"2019-04-08T15:30:40","guid":{"rendered":"https:\/\/www.palmaequipmentrental.com\/product\/unkategorisiert\/softbox-ocf-2-octa\/"},"modified":"2022-10-07T12:03:49","modified_gmt":"2022-10-07T12:03:49","slug":"softbox-ocf-2-octa","status":"publish","type":"product","link":"https:\/\/palmaequipmentrental.com\/de\/photo-video-equipment-mallorca\/softbox-ocf-2-octa\/","title":{"rendered":"OCF Softbox 2&#8242; (60cm) Octa"},"content":{"rendered":"<p><strong>OCF Softbox 2&#8242; (60cm) Octa<\/strong><\/p>\n<p>OCF-Softboxen wurden speziell f\u00fcr unsere Off-Camera-Blitzsysteme sowie den schnellen und einfachen Einsatz bei On-Location-Shootings entwickelt. Die OCF\u00a0Softbox Octa eignet sich perfekt f\u00fcr die Personenfotografie. Dank ihrer Kreisform setzt sie einen wundersch\u00f6nen und nat\u00fcrlichen Lichtreflex im Auge des Modells.<\/p>\n<p>OCF-Softboxen erzeugen ein weiches, schmeichelhaftes Licht und sind bei On-Location-Shootings schnell und einfach aufgebaut. Dank einzigartiger Materialien sind sie leicht und lassen sich einfach zusammenlegen und auseinanderfalten. Dadurch sind sie sehr kompakt und mobil. Sie passen problemlos in Ihre Transporttasche f\u00fcr das Blitzequipment. Zus\u00e4tzlich sorgen der eingebaute Diffusor, der zum Patent angemeldete Anschlussring und die farbcodierten Spannst\u00e4be f\u00fcr einen raschen Aufbau.<\/p>\n<p>Wichtiger Hinweis:<br \/>\nNur empfohlen f\u00fcr Profoto Off-Camera-Blitzsysteme mit LED-Einstelllicht. Nicht geeignet f\u00fcr herk\u00f6mmliche Blitzk\u00f6pfe oder Kompaktblitze.<\/p>\n<p><strong>Eigenschaften<\/strong><\/p>\n<ul>\n<li>Erzeugt ein weiches, schmeichelhaftes Licht.<\/li>\n<li>Farbcodierte Spannst\u00e4be und eingebaute Diffusoren f\u00fcr einen schnellen und einfachen Aufbau.<\/li>\n<li>Kompakt und leicht.<\/li>\n<li>Gefertigt aus Qualit\u00e4tsmaterialien.<\/li>\n<li>Erfordert einen OCF-Anschlussring (separat erh\u00e4ltlich).<\/li>\n<li>Zusammen mit einem optional erh\u00e4ltlichen Wabenvorsatz gelingt Ihnen eine noch pr\u00e4zisere Lichtgestaltung.<\/li>\n<\/ul>\n","protected":false},"excerpt":{"rendered":"<p>OCF Softbox 2&#8242; (60cm) Octa OCF-Softboxen wurden speziell f\u00fcr unsere Off-Camera-Blitzsysteme sowie den schnellen und einfachen Einsatz bei On-Location-Shootings entwickelt. Die OCF\u00a0Softbox Octa eignet sich perfekt f\u00fcr die Personenfotografie. Dank ihrer Kreisform setzt sie einen wundersch\u00f6nen und nat\u00fcrlichen Lichtreflex im Auge des Modells. OCF-Softboxen erzeugen ein weiches, schmeichelhaftes Licht und sind bei On-Location-Shootings schnell und einfach aufgebaut. Dank einzigartiger Materialien [&hellip;]<\/p>\n","protected":false},"featured_media":5655,"template":"","meta":[],"product_cat":[786,135],"product_tag":[],"class_list":{"0":"post-5626","1":"product","2":"type-product","3":"status-publish","4":"has-post-thumbnail","6":"product_cat-ocf-lichtformer","7":"product_cat-softboxen","9":"first","10":"instock","11":"shipping-taxable","12":"purchasable","13":"product-type-simple"},"_links":{"self":[{"href":"https:\/\/palmaequipmentrental.com\/de\/wp-json\/wp\/v2\/product\/5626","targetHints":{"allow":["GET"]}}],"collection":[{"href":"https:\/\/palmaequipmentrental.com\/de\/wp-json\/wp\/v2\/product"}],"about":[{"href":"https:\/\/palmaequipmentrental.com\/de\/wp-json\/wp\/v2\/types\/product"}],"wp:featuredmedia":[{"embeddable":true,"href":"https:\/\/palmaequipmentrental.com\/de\/wp-json\/wp\/v2\/media\/5655"}],"wp:attachment":[{"href":"https:\/\/palmaequipmentrental.com\/de\/wp-json\/wp\/v2\/media?parent=5626"}],"wp:term":[{"taxonomy":"product_cat","embeddable":true,"href":"https:\/\/palmaequipmentrental.com\/de\/wp-json\/wp\/v2\/product_cat?post=5626"},{"taxonomy":"product_tag","embeddable":true,"href":"https:\/\/palmaequipmentrental.com\/de\/wp-json\/wp\/v2\/product_tag?post=5626"}],"curies":[{"name":"wp","href":"https:\/\/api.w.org\/{rel}","templated":true}]}}