{"id":5711,"date":"2019-10-14T13:48:09","date_gmt":"2019-10-14T13:48:09","guid":{"rendered":"https:\/\/www.palmaequipmentrental.com\/?post_type=product&#038;p=5711"},"modified":"2023-10-11T17:55:12","modified_gmt":"2023-10-11T17:55:12","slug":"pro-a1x-soft-bounce","status":"publish","type":"product","link":"https:\/\/palmaequipmentrental.com\/de\/photo-video-equipment-mallorca\/pro-a1x-soft-bounce\/","title":{"rendered":"Profoto Soft Bounce"},"content":{"rendered":"<p>Nicht immer ist eine Wand da, die Sie als Reflexionsfl\u00e4che nutzen k\u00f6nnen, oder die Wand ist knallbunt und beeinflusst deshalb die Farbe des Lichts, das auf das Motiv trifft. Der Soft Bounce f\u00fcr den A10, A1X- oder A1-On-Camera-Blitz eignet sich in diesen F\u00e4llen perfekt f\u00fcr Personen- und Portr\u00e4taufnahmen, denn er erzeugt weiches und schmeichelhaftes Licht. Mit seiner Hilfe lassen sich die Konturen des Gesichts ansprechend beleuchten. Das bedeutet: keine h\u00e4sslichen Aufnahmen im Polizeifotostil mehr.<\/p>\n<p>Der Soft Bounce ist unglaublich leicht und ist damit ein unkomplizierter Begleiter an langen Shooting-Tagen, der sich auch noch automatisch auseinander faltet. Dank der magnetischen Halterung l\u00e4sst er sich einfach anbringen und auch wieder entfernen. Au\u00dferdem ist er stapelbar, sodass er zusammen mit anderen A1X- und A1-Lichtformern genutzt werden kann. Damit erweitern sich Ihre kreativen M\u00f6glichkeiten bei der Lichtgestaltung.<\/p>\n<h3 class=\"tab__content-subtitle\">Eigenschaften<\/h3>\n<ul>\n<li>Erzeugt weiches und schmeichelhaftes Licht, das perfekt f\u00fcr Portr\u00e4taufnahmen geeignet ist.<\/li>\n<li>L\u00e4sst sich leicht aus- und einklappen.<\/li>\n<li>L\u00e4sst sich einfach an der magnetischen Halterung des A10, A1X oder A1 montieren und wieder entfernen.<\/li>\n<li>Kann zusammen mit anderen A10, A1X- und A1-Lichtformern verwendet werden.<\/li>\n<\/ul>\n","protected":false},"excerpt":{"rendered":"<p>Nicht immer ist eine Wand da, die Sie als Reflexionsfl\u00e4che nutzen k\u00f6nnen, oder die Wand ist knallbunt und beeinflusst deshalb die Farbe des Lichts, das auf das Motiv trifft. Der Soft Bounce f\u00fcr den A10, A1X- oder A1-On-Camera-Blitz eignet sich in diesen F\u00e4llen perfekt f\u00fcr Personen- und Portr\u00e4taufnahmen, denn er erzeugt weiches und schmeichelhaftes Licht. Mit seiner Hilfe lassen sich [&hellip;]<\/p>\n","protected":false},"featured_media":5828,"template":"","meta":[],"product_cat":[788],"product_tag":[],"class_list":{"0":"post-5711","1":"product","2":"type-product","3":"status-publish","4":"has-post-thumbnail","6":"product_cat-click-lichtformer","8":"first","9":"instock","10":"shipping-taxable","11":"purchasable","12":"product-type-simple"},"_links":{"self":[{"href":"https:\/\/palmaequipmentrental.com\/de\/wp-json\/wp\/v2\/product\/5711","targetHints":{"allow":["GET"]}}],"collection":[{"href":"https:\/\/palmaequipmentrental.com\/de\/wp-json\/wp\/v2\/product"}],"about":[{"href":"https:\/\/palmaequipmentrental.com\/de\/wp-json\/wp\/v2\/types\/product"}],"wp:featuredmedia":[{"embeddable":true,"href":"https:\/\/palmaequipmentrental.com\/de\/wp-json\/wp\/v2\/media\/5828"}],"wp:attachment":[{"href":"https:\/\/palmaequipmentrental.com\/de\/wp-json\/wp\/v2\/media?parent=5711"}],"wp:term":[{"taxonomy":"product_cat","embeddable":true,"href":"https:\/\/palmaequipmentrental.com\/de\/wp-json\/wp\/v2\/product_cat?post=5711"},{"taxonomy":"product_tag","embeddable":true,"href":"https:\/\/palmaequipmentrental.com\/de\/wp-json\/wp\/v2\/product_tag?post=5711"}],"curies":[{"name":"wp","href":"https:\/\/api.w.org\/{rel}","templated":true}]}}